{"id":328572,"date":"2023-07-27T09:45:18","date_gmt":"2023-07-27T09:45:18","guid":{"rendered":"https:\/\/sextjejer.net\/?post_type=product&#038;p=328572"},"modified":"2023-07-27T09:45:19","modified_gmt":"2023-07-27T09:45:19","slug":"origamassa","status":"publish","type":"product","link":"https:\/\/sextjejer.net\/se\/escort\/origamass\/","title":{"rendered":"Origamassa"},"content":{"rendered":"<p>Varf\u221a\u2202r var det ingen som informerades om att volvo, vovve och villa livet innebar att man skulle g\u221a\u2022 miste om sexlivet. \u221a\u00d1r det n\u221a\u2022gon mer \u221a\u00a7n jag som k\u221a\u00a7nner sig lite snuvad p\u221a\u2022 konfekten nu?<\/p>","protected":false},"excerpt":{"rendered":"<p>Varf\u221a\u2202r var det ingen som informerades om att volvo, vovve och villa livet innebar att man skulle g\u221a\u2022 miste om sexlivet. \u221a\u00d1r det n\u221a\u2022gon mer \u221a\u00a7n jag som k\u221a\u00a7nner sig lite snuvad p\u221a\u2022 konfekten nu?<\/p>","protected":false},"featured_media":12375677,"template":"","meta":[],"product_brand":[],"product_cat":[2635],"product_tag":[2554,2553,2544,2545,2556,2548,2549,2543,2550,2552],"class_list":{"0":"post-328572","1":"product","2":"type-product","3":"status-publish","4":"has-post-thumbnail","6":"product_cat-stockholm-escorts","7":"product_tag-asian-escorts","8":"product_tag-escort-profile","9":"product_tag-realescort","10":"product_tag-rosa-sidan-escort","11":"product_tag-sex-tjejer-com","12":"product_tag-sex-tjejer-escorts","13":"product_tag-sex-tjejer-sweden","14":"product_tag-sextjejer-escorts","15":"product_tag-svensk-onlyfans","16":"product_tag-telefonsex","17":"pa_enjoys-69-escorts","18":"pa_enjoys-anal-loving-escorts","19":"pa_enjoys-big-butt-escorts","20":"pa_enjoys-big-dick-loving-escorts","21":"pa_enjoys-blowjob-escorts","22":"pa_enjoys-butt-plug-loving-escorts","23":"pa_enjoys-cowgirl-loving-escorts","24":"pa_enjoys-dildo-fun-loving-escorts","25":"pa_enjoys-doggy-style-loving-escorts","26":"pa_enjoys-experimental-escorts","27":"pa_enjoys-facials-fun-loving-escorts","28":"pa_enjoys-footjob-escorts","29":"pa_enjoys-kissing-fun-escorts","30":"pa_enjoys-long-foreplay-escorts","31":"pa_enjoys-massage-escorts","32":"pa_enjoys-masturbation-fun-loving-escorts","33":"pa_enjoys-missionary-loving-escorts","34":"pa_enjoys-muscles-loving-escorts","35":"pa_enjoys-natural-breasts-escorts","36":"pa_enjoys-oral-sex-escorts","37":"pa_enjoys-role-play-escorts","38":"pa_enjoys-romantic-loving-escorts","39":"pa_enjoys-sex-toys-escorts","40":"pa_enjoys-shaved-escorts","41":"pa_enjoys-squirting-escorts","42":"pa_enjoys-strap-on-fun-loving-escorts","43":"pa_enjoys-dominate-loving-escorts","44":"pa_enjoys-whip-fun-escorts","45":"pa_places-ostermalm","46":"pa_places-norra-djurgarden","47":"pa_places-djurgarden","48":"pa_places-gamla-stan","49":"pa_places-sodermalm","50":"pa_places-sodra-hammarbyhamnen","51":"pa_places-stockholm-airport-escorts","52":"pa_places-stockholm-city-escorts","53":"pa_places-stockholm-sex","54":"pa_places-norrmalm","55":"pa_places-stockholm-girls","56":"pa_places-vasastaden","58":"first","59":"instock","60":"shipping-taxable","61":"product-type-external"},"yoast_head":"<!-- This site is optimized with the Yoast SEO Premium plugin v22.3 (Yoast SEO v27.0) - https:\/\/yoast.com\/product\/yoast-seo-premium-wordpress\/ -->\n<title>Origamass - Sextjejer Escorts Sweden Escorts<\/title>\n<meta name=\"description\" content=\"Origamass is a girl that is available in Sweden from sextjejer for you to contact. Contact Origamass today. Sextjejer Escorts Sweden Escorts\" \/>\n<meta name=\"robots\" content=\"index, follow, max-snippet:-1, max-image-preview:large, max-video-preview:-1\" \/>\n<link rel=\"canonical\" href=\"https:\/\/sextjejer.net\/se\/eskort\/origamassa\/\" \/>\n<meta property=\"og:locale\" content=\"sv_SE\" \/>\n<meta property=\"og:type\" content=\"article\" \/>\n<meta property=\"og:title\" content=\"Origamass\" \/>\n<meta property=\"og:description\" content=\"Origamass is a girl that is available in Sweden from sextjejer for you to contact. Contact Origamass today. Sextjejer Escorts Sweden Escorts\" \/>\n<meta property=\"og:url\" content=\"https:\/\/sextjejer.net\/se\/eskort\/origamassa\/\" \/>\n<meta property=\"og:site_name\" content=\"Sextjejer Escorts Sweden Escorts\" \/>\n<meta property=\"article:modified_time\" content=\"2023-07-27T09:45:19+00:00\" \/>\n<meta property=\"og:image\" content=\"https:\/\/sextjejer.net\/wp-content\/uploads\/2023\/07\/328572_1.jpg\" \/>\n\t<meta property=\"og:image:width\" content=\"1\" \/>\n\t<meta property=\"og:image:height\" content=\"1\" \/>\n\t<meta property=\"og:image:type\" content=\"image\/jpeg\" \/>\n<meta name=\"twitter:card\" content=\"summary_large_image\" \/>\n<script type=\"application\/ld+json\" class=\"yoast-schema-graph\">{\"@context\":\"https:\/\/schema.org\",\"@graph\":[{\"@type\":\"WebPage\",\"@id\":\"https:\/\/sextjejer.net\/escort\/origamass\/\",\"url\":\"https:\/\/sextjejer.net\/escort\/origamass\/\",\"name\":\"Origamass - Sextjejer Escorts Sweden Escorts\",\"isPartOf\":{\"@id\":\"https:\/\/sextjejer.net\/#website\"},\"primaryImageOfPage\":{\"@id\":\"https:\/\/sextjejer.net\/escort\/origamass\/#primaryimage\"},\"image\":{\"@id\":\"https:\/\/sextjejer.net\/escort\/origamass\/#primaryimage\"},\"thumbnailUrl\":\"https:\/\/sextjejer.net\/wp-content\/uploads\/2023\/07\/328572_1.jpg\",\"datePublished\":\"2023-07-27T09:45:18+00:00\",\"dateModified\":\"2023-07-27T09:45:19+00:00\",\"description\":\"Origamass is a girl that is available in Sweden from sextjejer for you to contact. Contact Origamass today. Sextjejer Escorts Sweden Escorts\",\"breadcrumb\":{\"@id\":\"https:\/\/sextjejer.net\/escort\/origamass\/#breadcrumb\"},\"inLanguage\":\"sv-SE\",\"potentialAction\":[{\"@type\":\"ReadAction\",\"target\":[\"https:\/\/sextjejer.net\/escort\/origamass\/\"]}]},{\"@type\":\"ImageObject\",\"inLanguage\":\"sv-SE\",\"@id\":\"https:\/\/sextjejer.net\/escort\/origamass\/#primaryimage\",\"url\":\"https:\/\/sextjejer.net\/wp-content\/uploads\/2023\/07\/328572_1.jpg\",\"contentUrl\":\"https:\/\/sextjejer.net\/wp-content\/uploads\/2023\/07\/328572_1.jpg\",\"caption\":\"Origamass\"},{\"@type\":\"BreadcrumbList\",\"@id\":\"https:\/\/sextjejer.net\/escort\/origamass\/#breadcrumb\",\"itemListElement\":[{\"@type\":\"ListItem\",\"position\":1,\"name\":\"Home\",\"item\":\"https:\/\/sextjejer.net\/\"},{\"@type\":\"ListItem\",\"position\":2,\"name\":\"Sextjejer Escorts in Sweden\",\"item\":\"https:\/\/sextjejer.net\/\"},{\"@type\":\"ListItem\",\"position\":3,\"name\":\"Origamass\"}]},{\"@type\":\"WebSite\",\"@id\":\"https:\/\/sextjejer.net\/#website\",\"url\":\"https:\/\/sextjejer.net\/\",\"name\":\"Sextjejer\",\"description\":\"\",\"publisher\":{\"@id\":\"https:\/\/sextjejer.net\/#organization\"},\"alternateName\":\"Escorts\",\"potentialAction\":[{\"@type\":\"SearchAction\",\"target\":{\"@type\":\"EntryPoint\",\"urlTemplate\":\"https:\/\/sextjejer.net\/?s={search_term_string}\"},\"query-input\":{\"@type\":\"PropertyValueSpecification\",\"valueRequired\":true,\"valueName\":\"search_term_string\"}}],\"inLanguage\":\"sv-SE\"},{\"@type\":\"Organization\",\"@id\":\"https:\/\/sextjejer.net\/#organization\",\"name\":\"Sextjejer\",\"url\":\"https:\/\/sextjejer.net\/\",\"logo\":{\"@type\":\"ImageObject\",\"inLanguage\":\"sv-SE\",\"@id\":\"https:\/\/sextjejer.net\/#\/schema\/logo\/image\/\",\"url\":\"https:\/\/sextjejer.net\/wp-content\/uploads\/2023\/07\/cropped-sextjejer-1.png\",\"contentUrl\":\"https:\/\/sextjejer.net\/wp-content\/uploads\/2023\/07\/cropped-sextjejer-1.png\",\"width\":200,\"height\":48,\"caption\":\"Sextjejer\"},\"image\":{\"@id\":\"https:\/\/sextjejer.net\/#\/schema\/logo\/image\/\"}}]}<\/script>\n<!-- \/ Yoast SEO Premium plugin. -->","yoast_head_json":{"title":"Origamass - Sextjejer Eskorter Sverige Eskorter","description":"Origamass \u00e4r en tjej som finns tillg\u00e4nglig i Sverige fr\u00e5n sextjejer f\u00f6r dig att kontakta. Kontakta Origamass idag. Sextjejer Eskorter Sverige Eskorter","robots":{"index":"index","follow":"follow","max-snippet":"max-snippet:-1","max-image-preview":"max-image-preview:large","max-video-preview":"max-video-preview:-1"},"canonical":"https:\/\/sextjejer.net\/se\/eskort\/origamassa\/","og_locale":"sv_SE","og_type":"article","og_title":"Origamass","og_description":"Origamass is a girl that is available in Sweden from sextjejer for you to contact. Contact Origamass today. Sextjejer Escorts Sweden Escorts","og_url":"https:\/\/sextjejer.net\/se\/eskort\/origamassa\/","og_site_name":"Sextjejer Escorts Sweden Escorts","article_modified_time":"2023-07-27T09:45:19+00:00","og_image":[{"url":"https:\/\/sextjejer.net\/wp-content\/uploads\/2023\/07\/328572_1.jpg","width":1,"height":1,"type":"image\/jpeg"}],"twitter_card":"summary_large_image","schema":{"@context":"https:\/\/schema.org","@graph":[{"@type":"WebPage","@id":"https:\/\/sextjejer.net\/escort\/origamass\/","url":"https:\/\/sextjejer.net\/escort\/origamass\/","name":"Origamass - Sextjejer Eskorter Sverige Eskorter","isPartOf":{"@id":"https:\/\/sextjejer.net\/#website"},"primaryImageOfPage":{"@id":"https:\/\/sextjejer.net\/escort\/origamass\/#primaryimage"},"image":{"@id":"https:\/\/sextjejer.net\/escort\/origamass\/#primaryimage"},"thumbnailUrl":"https:\/\/sextjejer.net\/wp-content\/uploads\/2023\/07\/328572_1.jpg","datePublished":"2023-07-27T09:45:18+00:00","dateModified":"2023-07-27T09:45:19+00:00","description":"Origamass \u00e4r en tjej som finns tillg\u00e4nglig i Sverige fr\u00e5n sextjejer f\u00f6r dig att kontakta. Kontakta Origamass idag. Sextjejer Eskorter Sverige Eskorter","breadcrumb":{"@id":"https:\/\/sextjejer.net\/escort\/origamass\/#breadcrumb"},"inLanguage":"sv-SE","potentialAction":[{"@type":"ReadAction","target":["https:\/\/sextjejer.net\/escort\/origamass\/"]}]},{"@type":"ImageObject","inLanguage":"sv-SE","@id":"https:\/\/sextjejer.net\/escort\/origamass\/#primaryimage","url":"https:\/\/sextjejer.net\/wp-content\/uploads\/2023\/07\/328572_1.jpg","contentUrl":"https:\/\/sextjejer.net\/wp-content\/uploads\/2023\/07\/328572_1.jpg","caption":"Origamass"},{"@type":"BreadcrumbList","@id":"https:\/\/sextjejer.net\/escort\/origamass\/#breadcrumb","itemListElement":[{"@type":"ListItem","position":1,"name":"Home","item":"https:\/\/sextjejer.net\/"},{"@type":"ListItem","position":2,"name":"Sextjejer Escorts in Sweden","item":"https:\/\/sextjejer.net\/"},{"@type":"ListItem","position":3,"name":"Origamass"}]},{"@type":"WebSite","@id":"https:\/\/sextjejer.net\/#website","url":"https:\/\/sextjejer.net\/","name":"Sextjejer","description":"","publisher":{"@id":"https:\/\/sextjejer.net\/#organization"},"alternateName":"Escorts","potentialAction":[{"@type":"SearchAction","target":{"@type":"EntryPoint","urlTemplate":"https:\/\/sextjejer.net\/?s={search_term_string}"},"query-input":{"@type":"PropertyValueSpecification","valueRequired":true,"valueName":"search_term_string"}}],"inLanguage":"sv-SE"},{"@type":"Organization","@id":"https:\/\/sextjejer.net\/#organization","name":"Sextjejer","url":"https:\/\/sextjejer.net\/","logo":{"@type":"ImageObject","inLanguage":"sv-SE","@id":"https:\/\/sextjejer.net\/#\/schema\/logo\/image\/","url":"https:\/\/sextjejer.net\/wp-content\/uploads\/2023\/07\/cropped-sextjejer-1.png","contentUrl":"https:\/\/sextjejer.net\/wp-content\/uploads\/2023\/07\/cropped-sextjejer-1.png","width":200,"height":48,"caption":"Sextjejer"},"image":{"@id":"https:\/\/sextjejer.net\/#\/schema\/logo\/image\/"}}]}},"_links":{"self":[{"href":"https:\/\/sextjejer.net\/se\/wp-json\/wp\/v2\/product\/328572","targetHints":{"allow":["GET"]}}],"collection":[{"href":"https:\/\/sextjejer.net\/se\/wp-json\/wp\/v2\/product"}],"about":[{"href":"https:\/\/sextjejer.net\/se\/wp-json\/wp\/v2\/types\/product"}],"wp:featuredmedia":[{"embeddable":true,"href":"https:\/\/sextjejer.net\/se\/wp-json\/wp\/v2\/media\/12375677"}],"wp:attachment":[{"href":"https:\/\/sextjejer.net\/se\/wp-json\/wp\/v2\/media?parent=328572"}],"wp:term":[{"taxonomy":"product_brand","embeddable":true,"href":"https:\/\/sextjejer.net\/se\/wp-json\/wp\/v2\/product_brand?post=328572"},{"taxonomy":"product_cat","embeddable":true,"href":"https:\/\/sextjejer.net\/se\/wp-json\/wp\/v2\/product_cat?post=328572"},{"taxonomy":"product_tag","embeddable":true,"href":"https:\/\/sextjejer.net\/se\/wp-json\/wp\/v2\/product_tag?post=328572"}],"curies":[{"name":"wp","href":"https:\/\/api.w.org\/{rel}","templated":true}]}}