{"id":328539,"date":"2023-11-15T07:19:54","date_gmt":"2023-11-15T07:19:54","guid":{"rendered":"https:\/\/sextjejer.net\/?post_type=product&#038;p=328539"},"modified":"2023-11-15T07:19:54","modified_gmt":"2023-11-15T07:19:54","slug":"anniebus","status":"publish","type":"product","link":"https:\/\/sextjejer.net\/se\/escort\/anniebus\/","title":{"rendered":"AnnieBus"},"content":{"rendered":"<p>Hej d\u221a\u00a7r jag \u221a\u00a7r en busig Stockholmstjej som gillar att njuta av livet och livets alla goda frukter hihi \ud83d\ude09 jag f\u221a\u2202redrar att bli dominerad, \u221a\u00a7nda sedan f\u221a\u2202rsta g\u221a-ngen jag fick k\u221a\u00a7nna p\u221a- det s\u221a- har jag fastnat helt f\u221a\u2202r det, det finns inget sk\u221a\u2202nare \u221a\u00a7n att ha mycket av den ingrediensen i sexet. PS jag \u221a\u00a7lskar att suga en h\u221a-rd kuk. \u221a\u00a7r det n\u221a-got mer du vill veta? tveka inte utan fr\u221a-ga mig \ud83d\ude09<\/p>","protected":false},"excerpt":{"rendered":"<p>Hej d\u221a\u00a7r jag \u221a\u00a7r en busig Stockholmstjej som gillar att njuta av livet och livets alla goda frukter hihi \ud83d\ude09 jag f\u221a\u2202redrar att bli dominerad, \u221a\u00a7nda sedan f\u221a\u2202rsta g\u221a\u2022ngen jag fick k\u221a\u00a7nna p\u221a\u2022 det s\u221a\u2022 har jag fastnat helt f\u221a\u2202r det, det finns inget sk\u221a\u2202nare \u221a\u00a7n att ha mycket av den ingrediensen i sexet. PS &hellip; <a href=\"https:\/\/sextjejer.net\/se\/escort\/anniebus\/\" class=\"more-link\">Forts\u00e4tt l\u00e4sa <span class=\"screen-reader-text\">AnnieBus<\/span><\/a><\/p>","protected":false},"featured_media":12373887,"template":"","meta":[],"product_brand":[],"product_cat":[2635],"product_tag":[2554,2553,2544,2545,2556,2548,2549,2543,2550,2552],"class_list":{"0":"post-328539","1":"product","2":"type-product","3":"status-publish","4":"has-post-thumbnail","6":"product_cat-stockholm-escorts","7":"product_tag-asian-escorts","8":"product_tag-escort-profile","9":"product_tag-realescort","10":"product_tag-rosa-sidan-escort","11":"product_tag-sex-tjejer-com","12":"product_tag-sex-tjejer-escorts","13":"product_tag-sex-tjejer-sweden","14":"product_tag-sextjejer-escorts","15":"product_tag-svensk-onlyfans","16":"product_tag-telefonsex","17":"pa_enjoys-anal-loving-escorts","18":"pa_enjoys-being-dominated","19":"pa_enjoys-blowjob-escorts","20":"pa_enjoys-deepthroat-loving-escorts","21":"pa_enjoys-dildo-fun-loving-escorts","22":"pa_enjoys-handcuffs-fun-loving-escorts","23":"pa_enjoys-kissing-fun-escorts","24":"pa_enjoys-massage-escorts","25":"pa_enjoys-natural-breasts-escorts","26":"pa_enjoys-oral-sex-escorts","27":"pa_enjoys-shaved-escorts","28":"pa_enjoys-swallow-fun-escorts","29":"pa_enjoys-teasing-fun-escorts","30":"pa_places-ostermalm","31":"pa_places-norra-djurgarden","32":"pa_places-djurgarden","33":"pa_places-gamla-stan","34":"pa_places-sodermalm","35":"pa_places-sodra-hammarbyhamnen","36":"pa_places-stockholm-airport-escorts","37":"pa_places-stockholm-city-escorts","38":"pa_places-stockholm-sex","39":"pa_places-norrmalm","40":"pa_places-stockholm-girls","41":"pa_places-vasastaden","43":"first","44":"instock","45":"shipping-taxable","46":"product-type-external"},"yoast_head":"<!-- This site is optimized with the Yoast SEO Premium plugin v22.3 (Yoast SEO v27.3) - https:\/\/yoast.com\/product\/yoast-seo-premium-wordpress\/ -->\n<title>AnnieBus - Sextjejer Escorts Sweden Escorts<\/title>\n<meta name=\"description\" content=\"AnnieBus is a girl that is available in Sweden from sextjejer for you to contact. Contact AnnieBus today. Sextjejer Escorts Sweden Escorts\" \/>\n<meta name=\"robots\" content=\"index, follow, max-snippet:-1, max-image-preview:large, max-video-preview:-1\" \/>\n<link rel=\"canonical\" href=\"https:\/\/sextjejer.net\/se\/eskort\/anniebus\/\" \/>\n<meta property=\"og:locale\" content=\"sv_SE\" \/>\n<meta property=\"og:type\" content=\"article\" \/>\n<meta property=\"og:title\" content=\"AnnieBus\" \/>\n<meta property=\"og:description\" content=\"AnnieBus is a girl that is available in Sweden from sextjejer for you to contact. Contact AnnieBus today. Sextjejer Escorts Sweden Escorts\" \/>\n<meta property=\"og:url\" content=\"https:\/\/sextjejer.net\/se\/eskort\/anniebus\/\" \/>\n<meta property=\"og:site_name\" content=\"Sextjejer Escorts Sweden Escorts\" \/>\n<meta property=\"og:image\" content=\"https:\/\/sextjejer.net\/wp-content\/uploads\/2023\/07\/328539_1.png\" \/>\n\t<meta property=\"og:image:width\" content=\"1\" \/>\n\t<meta property=\"og:image:height\" content=\"1\" \/>\n\t<meta property=\"og:image:type\" content=\"image\/png\" \/>\n<meta name=\"twitter:card\" content=\"summary_large_image\" \/>\n<script type=\"application\/ld+json\" class=\"yoast-schema-graph\">{\"@context\":\"https:\\\/\\\/schema.org\",\"@graph\":[{\"@type\":\"WebPage\",\"@id\":\"https:\\\/\\\/sextjejer.net\\\/escort\\\/anniebus\\\/\",\"url\":\"https:\\\/\\\/sextjejer.net\\\/escort\\\/anniebus\\\/\",\"name\":\"AnnieBus - Sextjejer Escorts Sweden Escorts\",\"isPartOf\":{\"@id\":\"https:\\\/\\\/sextjejer.net\\\/#website\"},\"primaryImageOfPage\":{\"@id\":\"https:\\\/\\\/sextjejer.net\\\/escort\\\/anniebus\\\/#primaryimage\"},\"image\":{\"@id\":\"https:\\\/\\\/sextjejer.net\\\/escort\\\/anniebus\\\/#primaryimage\"},\"thumbnailUrl\":\"https:\\\/\\\/sextjejer.net\\\/wp-content\\\/uploads\\\/2023\\\/07\\\/328539_1.png\",\"datePublished\":\"2023-11-15T07:19:54+00:00\",\"description\":\"AnnieBus is a girl that is available in Sweden from sextjejer for you to contact. Contact AnnieBus today. Sextjejer Escorts Sweden Escorts\",\"breadcrumb\":{\"@id\":\"https:\\\/\\\/sextjejer.net\\\/escort\\\/anniebus\\\/#breadcrumb\"},\"inLanguage\":\"sv-SE\",\"potentialAction\":[{\"@type\":\"ReadAction\",\"target\":[\"https:\\\/\\\/sextjejer.net\\\/escort\\\/anniebus\\\/\"]}]},{\"@type\":\"ImageObject\",\"inLanguage\":\"sv-SE\",\"@id\":\"https:\\\/\\\/sextjejer.net\\\/escort\\\/anniebus\\\/#primaryimage\",\"url\":\"https:\\\/\\\/sextjejer.net\\\/wp-content\\\/uploads\\\/2023\\\/07\\\/328539_1.png\",\"contentUrl\":\"https:\\\/\\\/sextjejer.net\\\/wp-content\\\/uploads\\\/2023\\\/07\\\/328539_1.png\",\"caption\":\"AnnieBus\"},{\"@type\":\"BreadcrumbList\",\"@id\":\"https:\\\/\\\/sextjejer.net\\\/escort\\\/anniebus\\\/#breadcrumb\",\"itemListElement\":[{\"@type\":\"ListItem\",\"position\":1,\"name\":\"Home\",\"item\":\"https:\\\/\\\/sextjejer.net\\\/\"},{\"@type\":\"ListItem\",\"position\":2,\"name\":\"Sextjejer Escorts in Sweden\",\"item\":\"https:\\\/\\\/sextjejer.net\\\/\"},{\"@type\":\"ListItem\",\"position\":3,\"name\":\"AnnieBus\"}]},{\"@type\":\"WebSite\",\"@id\":\"https:\\\/\\\/sextjejer.net\\\/#website\",\"url\":\"https:\\\/\\\/sextjejer.net\\\/\",\"name\":\"Sextjejer\",\"description\":\"\",\"publisher\":{\"@id\":\"https:\\\/\\\/sextjejer.net\\\/#organization\"},\"alternateName\":\"Escorts\",\"potentialAction\":[{\"@type\":\"SearchAction\",\"target\":{\"@type\":\"EntryPoint\",\"urlTemplate\":\"https:\\\/\\\/sextjejer.net\\\/?s={search_term_string}\"},\"query-input\":{\"@type\":\"PropertyValueSpecification\",\"valueRequired\":true,\"valueName\":\"search_term_string\"}}],\"inLanguage\":\"sv-SE\"},{\"@type\":\"Organization\",\"@id\":\"https:\\\/\\\/sextjejer.net\\\/#organization\",\"name\":\"Sextjejer\",\"url\":\"https:\\\/\\\/sextjejer.net\\\/\",\"logo\":{\"@type\":\"ImageObject\",\"inLanguage\":\"sv-SE\",\"@id\":\"https:\\\/\\\/sextjejer.net\\\/#\\\/schema\\\/logo\\\/image\\\/\",\"url\":\"https:\\\/\\\/sextjejer.net\\\/wp-content\\\/uploads\\\/2023\\\/07\\\/cropped-sextjejer-1.png\",\"contentUrl\":\"https:\\\/\\\/sextjejer.net\\\/wp-content\\\/uploads\\\/2023\\\/07\\\/cropped-sextjejer-1.png\",\"width\":200,\"height\":48,\"caption\":\"Sextjejer\"},\"image\":{\"@id\":\"https:\\\/\\\/sextjejer.net\\\/#\\\/schema\\\/logo\\\/image\\\/\"}}]}<\/script>\n<!-- \/ Yoast SEO Premium plugin. -->","yoast_head_json":{"title":"AnnieBus - Sextjejer Escorts Sverige Escorts","description":"AnnieBus \u00e4r en tjej som \u00e4r tillg\u00e4nglig i Sverige fr\u00e5n sextjejer f\u00f6r dig att kontakta. Kontakta AnnieBus idag. Sextjejer Escorter Sverige Escorter","robots":{"index":"index","follow":"follow","max-snippet":"max-snippet:-1","max-image-preview":"max-image-preview:large","max-video-preview":"max-video-preview:-1"},"canonical":"https:\/\/sextjejer.net\/se\/eskort\/anniebus\/","og_locale":"sv_SE","og_type":"article","og_title":"AnnieBus","og_description":"AnnieBus is a girl that is available in Sweden from sextjejer for you to contact. Contact AnnieBus today. Sextjejer Escorts Sweden Escorts","og_url":"https:\/\/sextjejer.net\/se\/eskort\/anniebus\/","og_site_name":"Sextjejer Escorts Sweden Escorts","og_image":[{"url":"https:\/\/sextjejer.net\/wp-content\/uploads\/2023\/07\/328539_1.png","width":1,"height":1,"type":"image\/png"}],"twitter_card":"summary_large_image","schema":{"@context":"https:\/\/schema.org","@graph":[{"@type":"WebPage","@id":"https:\/\/sextjejer.net\/escort\/anniebus\/","url":"https:\/\/sextjejer.net\/escort\/anniebus\/","name":"AnnieBus - Sextjejer Escorts Sverige Escorts","isPartOf":{"@id":"https:\/\/sextjejer.net\/#website"},"primaryImageOfPage":{"@id":"https:\/\/sextjejer.net\/escort\/anniebus\/#primaryimage"},"image":{"@id":"https:\/\/sextjejer.net\/escort\/anniebus\/#primaryimage"},"thumbnailUrl":"https:\/\/sextjejer.net\/wp-content\/uploads\/2023\/07\/328539_1.png","datePublished":"2023-11-15T07:19:54+00:00","description":"AnnieBus \u00e4r en tjej som \u00e4r tillg\u00e4nglig i Sverige fr\u00e5n sextjejer f\u00f6r dig att kontakta. Kontakta AnnieBus idag. Sextjejer Escorter Sverige Escorter","breadcrumb":{"@id":"https:\/\/sextjejer.net\/escort\/anniebus\/#breadcrumb"},"inLanguage":"sv-SE","potentialAction":[{"@type":"ReadAction","target":["https:\/\/sextjejer.net\/escort\/anniebus\/"]}]},{"@type":"ImageObject","inLanguage":"sv-SE","@id":"https:\/\/sextjejer.net\/escort\/anniebus\/#primaryimage","url":"https:\/\/sextjejer.net\/wp-content\/uploads\/2023\/07\/328539_1.png","contentUrl":"https:\/\/sextjejer.net\/wp-content\/uploads\/2023\/07\/328539_1.png","caption":"AnnieBus"},{"@type":"BreadcrumbList","@id":"https:\/\/sextjejer.net\/escort\/anniebus\/#breadcrumb","itemListElement":[{"@type":"ListItem","position":1,"name":"Home","item":"https:\/\/sextjejer.net\/"},{"@type":"ListItem","position":2,"name":"Sextjejer Escorts in Sweden","item":"https:\/\/sextjejer.net\/"},{"@type":"ListItem","position":3,"name":"AnnieBus"}]},{"@type":"WebSite","@id":"https:\/\/sextjejer.net\/#website","url":"https:\/\/sextjejer.net\/","name":"Sextjejer","description":"","publisher":{"@id":"https:\/\/sextjejer.net\/#organization"},"alternateName":"Escorts","potentialAction":[{"@type":"SearchAction","target":{"@type":"EntryPoint","urlTemplate":"https:\/\/sextjejer.net\/?s={search_term_string}"},"query-input":{"@type":"PropertyValueSpecification","valueRequired":true,"valueName":"search_term_string"}}],"inLanguage":"sv-SE"},{"@type":"Organization","@id":"https:\/\/sextjejer.net\/#organization","name":"Sextjejer","url":"https:\/\/sextjejer.net\/","logo":{"@type":"ImageObject","inLanguage":"sv-SE","@id":"https:\/\/sextjejer.net\/#\/schema\/logo\/image\/","url":"https:\/\/sextjejer.net\/wp-content\/uploads\/2023\/07\/cropped-sextjejer-1.png","contentUrl":"https:\/\/sextjejer.net\/wp-content\/uploads\/2023\/07\/cropped-sextjejer-1.png","width":200,"height":48,"caption":"Sextjejer"},"image":{"@id":"https:\/\/sextjejer.net\/#\/schema\/logo\/image\/"}}]}},"_links":{"self":[{"href":"https:\/\/sextjejer.net\/se\/wp-json\/wp\/v2\/product\/328539","targetHints":{"allow":["GET"]}}],"collection":[{"href":"https:\/\/sextjejer.net\/se\/wp-json\/wp\/v2\/product"}],"about":[{"href":"https:\/\/sextjejer.net\/se\/wp-json\/wp\/v2\/types\/product"}],"wp:featuredmedia":[{"embeddable":true,"href":"https:\/\/sextjejer.net\/se\/wp-json\/wp\/v2\/media\/12373887"}],"wp:attachment":[{"href":"https:\/\/sextjejer.net\/se\/wp-json\/wp\/v2\/media?parent=328539"}],"wp:term":[{"taxonomy":"product_brand","embeddable":true,"href":"https:\/\/sextjejer.net\/se\/wp-json\/wp\/v2\/product_brand?post=328539"},{"taxonomy":"product_cat","embeddable":true,"href":"https:\/\/sextjejer.net\/se\/wp-json\/wp\/v2\/product_cat?post=328539"},{"taxonomy":"product_tag","embeddable":true,"href":"https:\/\/sextjejer.net\/se\/wp-json\/wp\/v2\/product_tag?post=328539"}],"curies":[{"name":"wp","href":"https:\/\/api.w.org\/{rel}","templated":true}]}}