{"id":328528,"date":"2023-12-17T07:25:45","date_gmt":"2023-12-17T07:25:45","guid":{"rendered":"https:\/\/sextjejer.net\/?post_type=product&#038;p=328528"},"modified":"2023-12-17T07:25:45","modified_gmt":"2023-12-17T07:25:45","slug":"leontina26","status":"publish","type":"product","link":"https:\/\/sextjejer.net\/se\/escort\/leontina26\/","title":{"rendered":"Leontina26"},"content":{"rendered":"<p>Hejsan! Jag s\u221a\u2202\u2202ker en kk och stabil sexpartner, har inte g\u221a-tt n\u221a- vidare innan och har haft alldeles f\u221a\u2202r lite sex p\u221a- sistone jag \u221a\u00a7r en k\u221a-t tjej och tycker jag f\u221a\u2202rtj\u221a\u00a7nar mer sex \u221a\u00a7n vad har haft just nu, s\u221a- kom och f\u221a\u2202rgyll och \u221a\u00a7ndra mitt liv, hj\u221a\u00a7lp mig att f\u221a- ig\u221a-ng mitt sexliv, jag brinner av k\u221a-thet kom nu min stygge pojk och ta hand om mig s\u221a- ska jag ta hand om dig vettu \ud83d\ude09<\/p>","protected":false},"excerpt":{"rendered":"<p>Hejsan! Jag s\u221a\u2202ker en kk och stabil sexpartner, har inte g\u221a\u2022tt n\u221a\u2022 vidare innan och har haft alldeles f\u221a\u2202r lite sex p\u221a\u2022 sistone jag \u221a\u00a7r en k\u221a\u2022t tjej och tycker jag f\u221a\u2202rtj\u221a\u00a7nar mer sex \u221a\u00a7n vad har haft just nu, s\u221a\u2022 kom och f\u221a\u2202rgyll och \u221a\u00a7ndra mitt liv, hj\u221a\u00a7lp mig att f\u221a\u2022 ig\u221a\u2022ng mitt sexliv, &hellip; <a href=\"https:\/\/sextjejer.net\/se\/escort\/leontina26\/\" class=\"more-link\">Forts\u00e4tt l\u00e4sa <span class=\"screen-reader-text\">Leontina26<\/span><\/a><\/p>","protected":false},"featured_media":12374765,"template":"","meta":[],"product_brand":[],"product_cat":[2635],"product_tag":[2554,2553,2544,2545,2556,2548,2549,2543,2550,2552],"class_list":{"0":"post-328528","1":"product","2":"type-product","3":"status-publish","4":"has-post-thumbnail","6":"product_cat-stockholm-escorts","7":"product_tag-asian-escorts","8":"product_tag-escort-profile","9":"product_tag-realescort","10":"product_tag-rosa-sidan-escort","11":"product_tag-sex-tjejer-com","12":"product_tag-sex-tjejer-escorts","13":"product_tag-sex-tjejer-sweden","14":"product_tag-sextjejer-escorts","15":"product_tag-svensk-onlyfans","16":"product_tag-telefonsex","17":"pa_enjoys-69-escorts","18":"pa_enjoys-anal-loving-escorts","19":"pa_enjoys-cowgirl-loving-escorts","20":"pa_enjoys-deepthroat-loving-escorts","21":"pa_enjoys-doggy-style-loving-escorts","22":"pa_enjoys-kissing-fun-escorts","23":"pa_enjoys-masturbation-fun-loving-escorts","24":"pa_enjoys-no-condom-loving-escorts","25":"pa_enjoys-oral-sex-escorts","26":"pa_enjoys-role-play-escorts","27":"pa_enjoys-shaved-escorts","28":"pa_enjoys-straight-sex-loving-escorts","29":"pa_places-sodra-hammarbyhamnen","30":"pa_places-stockholm-airport-escorts","31":"pa_places-stockholm-city-escorts","32":"pa_places-stockholm-sex","33":"pa_places-norrmalm","34":"pa_places-stockholm-girls","35":"pa_places-vasastaden","36":"pa_places-ostermalm","37":"pa_places-norra-djurgarden","38":"pa_places-djurgarden","39":"pa_places-gamla-stan","40":"pa_places-sodermalm","42":"first","43":"instock","44":"shipping-taxable","45":"product-type-external"},"yoast_head":"<!-- This site is optimized with the Yoast SEO Premium plugin v22.3 (Yoast SEO v27.3) - https:\/\/yoast.com\/product\/yoast-seo-premium-wordpress\/ -->\n<title>Leontina26 - Sextjejer Escorts Sweden Escorts<\/title>\n<meta name=\"description\" content=\"Leontina26 is a girl that is available in Sweden from sextjejer for you to contact. Contact Leontina26 today. Sextjejer Escorts Sweden Escorts\" \/>\n<meta name=\"robots\" content=\"index, follow, max-snippet:-1, max-image-preview:large, max-video-preview:-1\" \/>\n<link rel=\"canonical\" href=\"https:\/\/sextjejer.net\/se\/eskort\/leontina26\/\" \/>\n<meta property=\"og:locale\" content=\"sv_SE\" \/>\n<meta property=\"og:type\" content=\"article\" \/>\n<meta property=\"og:title\" content=\"Leontina26\" \/>\n<meta property=\"og:description\" content=\"Leontina26 is a girl that is available in Sweden from sextjejer for you to contact. Contact Leontina26 today. Sextjejer Escorts Sweden Escorts\" \/>\n<meta property=\"og:url\" content=\"https:\/\/sextjejer.net\/se\/eskort\/leontina26\/\" \/>\n<meta property=\"og:site_name\" content=\"Sextjejer Escorts Sweden Escorts\" \/>\n<meta property=\"og:image\" content=\"https:\/\/sextjejer.net\/wp-content\/uploads\/2023\/07\/328528_1.jpg\" \/>\n\t<meta property=\"og:image:width\" content=\"1\" \/>\n\t<meta property=\"og:image:height\" content=\"1\" \/>\n\t<meta property=\"og:image:type\" content=\"image\/jpeg\" \/>\n<meta name=\"twitter:card\" content=\"summary_large_image\" \/>\n<script type=\"application\/ld+json\" class=\"yoast-schema-graph\">{\"@context\":\"https:\\\/\\\/schema.org\",\"@graph\":[{\"@type\":\"WebPage\",\"@id\":\"https:\\\/\\\/sextjejer.net\\\/escort\\\/leontina26\\\/\",\"url\":\"https:\\\/\\\/sextjejer.net\\\/escort\\\/leontina26\\\/\",\"name\":\"Leontina26 - Sextjejer Escorts Sweden Escorts\",\"isPartOf\":{\"@id\":\"https:\\\/\\\/sextjejer.net\\\/#website\"},\"primaryImageOfPage\":{\"@id\":\"https:\\\/\\\/sextjejer.net\\\/escort\\\/leontina26\\\/#primaryimage\"},\"image\":{\"@id\":\"https:\\\/\\\/sextjejer.net\\\/escort\\\/leontina26\\\/#primaryimage\"},\"thumbnailUrl\":\"https:\\\/\\\/sextjejer.net\\\/wp-content\\\/uploads\\\/2023\\\/07\\\/328528_1.jpg\",\"datePublished\":\"2023-12-17T07:25:45+00:00\",\"description\":\"Leontina26 is a girl that is available in Sweden from sextjejer for you to contact. Contact Leontina26 today. Sextjejer Escorts Sweden Escorts\",\"breadcrumb\":{\"@id\":\"https:\\\/\\\/sextjejer.net\\\/escort\\\/leontina26\\\/#breadcrumb\"},\"inLanguage\":\"sv-SE\",\"potentialAction\":[{\"@type\":\"ReadAction\",\"target\":[\"https:\\\/\\\/sextjejer.net\\\/escort\\\/leontina26\\\/\"]}]},{\"@type\":\"ImageObject\",\"inLanguage\":\"sv-SE\",\"@id\":\"https:\\\/\\\/sextjejer.net\\\/escort\\\/leontina26\\\/#primaryimage\",\"url\":\"https:\\\/\\\/sextjejer.net\\\/wp-content\\\/uploads\\\/2023\\\/07\\\/328528_1.jpg\",\"contentUrl\":\"https:\\\/\\\/sextjejer.net\\\/wp-content\\\/uploads\\\/2023\\\/07\\\/328528_1.jpg\",\"caption\":\"Leontina26\"},{\"@type\":\"BreadcrumbList\",\"@id\":\"https:\\\/\\\/sextjejer.net\\\/escort\\\/leontina26\\\/#breadcrumb\",\"itemListElement\":[{\"@type\":\"ListItem\",\"position\":1,\"name\":\"Home\",\"item\":\"https:\\\/\\\/sextjejer.net\\\/\"},{\"@type\":\"ListItem\",\"position\":2,\"name\":\"Sextjejer Escorts in Sweden\",\"item\":\"https:\\\/\\\/sextjejer.net\\\/\"},{\"@type\":\"ListItem\",\"position\":3,\"name\":\"Leontina26\"}]},{\"@type\":\"WebSite\",\"@id\":\"https:\\\/\\\/sextjejer.net\\\/#website\",\"url\":\"https:\\\/\\\/sextjejer.net\\\/\",\"name\":\"Sextjejer\",\"description\":\"\",\"publisher\":{\"@id\":\"https:\\\/\\\/sextjejer.net\\\/#organization\"},\"alternateName\":\"Escorts\",\"potentialAction\":[{\"@type\":\"SearchAction\",\"target\":{\"@type\":\"EntryPoint\",\"urlTemplate\":\"https:\\\/\\\/sextjejer.net\\\/?s={search_term_string}\"},\"query-input\":{\"@type\":\"PropertyValueSpecification\",\"valueRequired\":true,\"valueName\":\"search_term_string\"}}],\"inLanguage\":\"sv-SE\"},{\"@type\":\"Organization\",\"@id\":\"https:\\\/\\\/sextjejer.net\\\/#organization\",\"name\":\"Sextjejer\",\"url\":\"https:\\\/\\\/sextjejer.net\\\/\",\"logo\":{\"@type\":\"ImageObject\",\"inLanguage\":\"sv-SE\",\"@id\":\"https:\\\/\\\/sextjejer.net\\\/#\\\/schema\\\/logo\\\/image\\\/\",\"url\":\"https:\\\/\\\/sextjejer.net\\\/wp-content\\\/uploads\\\/2023\\\/07\\\/cropped-sextjejer-1.png\",\"contentUrl\":\"https:\\\/\\\/sextjejer.net\\\/wp-content\\\/uploads\\\/2023\\\/07\\\/cropped-sextjejer-1.png\",\"width\":200,\"height\":48,\"caption\":\"Sextjejer\"},\"image\":{\"@id\":\"https:\\\/\\\/sextjejer.net\\\/#\\\/schema\\\/logo\\\/image\\\/\"}}]}<\/script>\n<!-- \/ Yoast SEO Premium plugin. -->","yoast_head_json":{"title":"Leontina26 - Sextjejer Escorts Sverige Escorts","description":"Leontina26 \u00e4r en tjej som \u00e4r tillg\u00e4nglig i Sverige fr\u00e5n sextjejer f\u00f6r dig att kontakta. Kontakta Leontina26 idag. Sextjejer Escorter Sverige Escorter","robots":{"index":"index","follow":"follow","max-snippet":"max-snippet:-1","max-image-preview":"max-image-preview:large","max-video-preview":"max-video-preview:-1"},"canonical":"https:\/\/sextjejer.net\/se\/eskort\/leontina26\/","og_locale":"sv_SE","og_type":"article","og_title":"Leontina26","og_description":"Leontina26 is a girl that is available in Sweden from sextjejer for you to contact. Contact Leontina26 today. Sextjejer Escorts Sweden Escorts","og_url":"https:\/\/sextjejer.net\/se\/eskort\/leontina26\/","og_site_name":"Sextjejer Escorts Sweden Escorts","og_image":[{"url":"https:\/\/sextjejer.net\/wp-content\/uploads\/2023\/07\/328528_1.jpg","width":1,"height":1,"type":"image\/jpeg"}],"twitter_card":"summary_large_image","schema":{"@context":"https:\/\/schema.org","@graph":[{"@type":"WebPage","@id":"https:\/\/sextjejer.net\/escort\/leontina26\/","url":"https:\/\/sextjejer.net\/escort\/leontina26\/","name":"Leontina26 - Sextjejer Escorts Sverige Escorts","isPartOf":{"@id":"https:\/\/sextjejer.net\/#website"},"primaryImageOfPage":{"@id":"https:\/\/sextjejer.net\/escort\/leontina26\/#primaryimage"},"image":{"@id":"https:\/\/sextjejer.net\/escort\/leontina26\/#primaryimage"},"thumbnailUrl":"https:\/\/sextjejer.net\/wp-content\/uploads\/2023\/07\/328528_1.jpg","datePublished":"2023-12-17T07:25:45+00:00","description":"Leontina26 \u00e4r en tjej som \u00e4r tillg\u00e4nglig i Sverige fr\u00e5n sextjejer f\u00f6r dig att kontakta. Kontakta Leontina26 idag. Sextjejer Escorter Sverige Escorter","breadcrumb":{"@id":"https:\/\/sextjejer.net\/escort\/leontina26\/#breadcrumb"},"inLanguage":"sv-SE","potentialAction":[{"@type":"ReadAction","target":["https:\/\/sextjejer.net\/escort\/leontina26\/"]}]},{"@type":"ImageObject","inLanguage":"sv-SE","@id":"https:\/\/sextjejer.net\/escort\/leontina26\/#primaryimage","url":"https:\/\/sextjejer.net\/wp-content\/uploads\/2023\/07\/328528_1.jpg","contentUrl":"https:\/\/sextjejer.net\/wp-content\/uploads\/2023\/07\/328528_1.jpg","caption":"Leontina26"},{"@type":"BreadcrumbList","@id":"https:\/\/sextjejer.net\/escort\/leontina26\/#breadcrumb","itemListElement":[{"@type":"ListItem","position":1,"name":"Home","item":"https:\/\/sextjejer.net\/"},{"@type":"ListItem","position":2,"name":"Sextjejer Escorts in Sweden","item":"https:\/\/sextjejer.net\/"},{"@type":"ListItem","position":3,"name":"Leontina26"}]},{"@type":"WebSite","@id":"https:\/\/sextjejer.net\/#website","url":"https:\/\/sextjejer.net\/","name":"Sextjejer","description":"","publisher":{"@id":"https:\/\/sextjejer.net\/#organization"},"alternateName":"Escorts","potentialAction":[{"@type":"SearchAction","target":{"@type":"EntryPoint","urlTemplate":"https:\/\/sextjejer.net\/?s={search_term_string}"},"query-input":{"@type":"PropertyValueSpecification","valueRequired":true,"valueName":"search_term_string"}}],"inLanguage":"sv-SE"},{"@type":"Organization","@id":"https:\/\/sextjejer.net\/#organization","name":"Sextjejer","url":"https:\/\/sextjejer.net\/","logo":{"@type":"ImageObject","inLanguage":"sv-SE","@id":"https:\/\/sextjejer.net\/#\/schema\/logo\/image\/","url":"https:\/\/sextjejer.net\/wp-content\/uploads\/2023\/07\/cropped-sextjejer-1.png","contentUrl":"https:\/\/sextjejer.net\/wp-content\/uploads\/2023\/07\/cropped-sextjejer-1.png","width":200,"height":48,"caption":"Sextjejer"},"image":{"@id":"https:\/\/sextjejer.net\/#\/schema\/logo\/image\/"}}]}},"_links":{"self":[{"href":"https:\/\/sextjejer.net\/se\/wp-json\/wp\/v2\/product\/328528","targetHints":{"allow":["GET"]}}],"collection":[{"href":"https:\/\/sextjejer.net\/se\/wp-json\/wp\/v2\/product"}],"about":[{"href":"https:\/\/sextjejer.net\/se\/wp-json\/wp\/v2\/types\/product"}],"wp:featuredmedia":[{"embeddable":true,"href":"https:\/\/sextjejer.net\/se\/wp-json\/wp\/v2\/media\/12374765"}],"wp:attachment":[{"href":"https:\/\/sextjejer.net\/se\/wp-json\/wp\/v2\/media?parent=328528"}],"wp:term":[{"taxonomy":"product_brand","embeddable":true,"href":"https:\/\/sextjejer.net\/se\/wp-json\/wp\/v2\/product_brand?post=328528"},{"taxonomy":"product_cat","embeddable":true,"href":"https:\/\/sextjejer.net\/se\/wp-json\/wp\/v2\/product_cat?post=328528"},{"taxonomy":"product_tag","embeddable":true,"href":"https:\/\/sextjejer.net\/se\/wp-json\/wp\/v2\/product_tag?post=328528"}],"curies":[{"name":"wp","href":"https:\/\/api.w.org\/{rel}","templated":true}]}}