{"id":328526,"date":"2023-11-12T07:22:33","date_gmt":"2023-11-12T07:22:33","guid":{"rendered":"https:\/\/sextjejer.net\/?post_type=product&#038;p=328526"},"modified":"2023-11-12T07:22:33","modified_gmt":"2023-11-12T07:22:33","slug":"estel27","status":"publish","type":"product","link":"https:\/\/sextjejer.net\/se\/escort\/estel27\/","title":{"rendered":"Estel27"},"content":{"rendered":"<p>Hall\u221a\u2022 d\u221a\u00a7r jag \u221a\u00a7r en k\u221a\u2022t tjej som \u221a\u00a7lskar sex, sex p\u221a\u2022 morgonen, sex p\u221a\u2022 f\u221a\u2202rmiddagen, sex p\u221a\u2022 eftermiddagen och sex p\u221a\u2022 kv\u221a\u00a7llen samt natten, tror du att jag kan vara klar k\u221a\u2202ra all in, gillar allt m\u221a\u2202jligt \u00e4r\u221a\u00a7ngen.<\/p>","protected":false},"excerpt":{"rendered":"<p>Hall\u221a\u2022 d\u221a\u00a7r jag \u221a\u00a7r en k\u221a\u2022t tjej som \u221a\u00a7lskar sex, sex p\u221a\u2022 morgonen, sex p\u221a\u2022 f\u221a\u2202rmiddagen, sex p\u221a\u2022 eftermiddagen och sex p\u221a\u2022 kv\u221a\u00a7llen samt natten, tror du att jag kan vara klar k\u221a\u2202ra all in, gillar allt m\u221a\u2202jligt \u00e4r\u221a\u00a7ngen.<\/p>","protected":false},"featured_media":12373883,"template":"","meta":[],"product_brand":[],"product_cat":[2635],"product_tag":[2554,2553,2544,2545,2556,2548,2549,2543,2550,2552],"class_list":{"0":"post-328526","1":"product","2":"type-product","3":"status-publish","4":"has-post-thumbnail","6":"product_cat-stockholm-escorts","7":"product_tag-asian-escorts","8":"product_tag-escort-profile","9":"product_tag-realescort","10":"product_tag-rosa-sidan-escort","11":"product_tag-sex-tjejer-com","12":"product_tag-sex-tjejer-escorts","13":"product_tag-sex-tjejer-sweden","14":"product_tag-sextjejer-escorts","15":"product_tag-svensk-onlyfans","16":"product_tag-telefonsex","17":"pa_enjoys-69-escorts","18":"pa_enjoys-anal-loving-escorts","19":"pa_enjoys-cowgirl-loving-escorts","20":"pa_enjoys-deepthroat-loving-escorts","21":"pa_enjoys-dildo-fun-loving-escorts","22":"pa_enjoys-doggy-style-loving-escorts","23":"pa_enjoys-kissing-fun-escorts","24":"pa_enjoys-masturbation-fun-loving-escorts","25":"pa_enjoys-no-condom-loving-escorts","26":"pa_enjoys-oral-sex-escorts","27":"pa_enjoys-shaved-escorts","28":"pa_enjoys-straight-sex-loving-escorts","29":"pa_places-norrmalm","30":"pa_places-stockholm-girls","31":"pa_places-vasastaden","32":"pa_places-ostermalm","33":"pa_places-norra-djurgarden","34":"pa_places-djurgarden","35":"pa_places-gamla-stan","36":"pa_places-sodermalm","37":"pa_places-sodra-hammarbyhamnen","38":"pa_places-stockholm-airport-escorts","39":"pa_places-stockholm-city-escorts","40":"pa_places-stockholm-sex","42":"first","43":"instock","44":"shipping-taxable","45":"product-type-external"},"yoast_head":"<!-- This site is optimized with the Yoast SEO Premium plugin v22.3 (Yoast SEO v27.0) - https:\/\/yoast.com\/product\/yoast-seo-premium-wordpress\/ -->\n<title>Estel27 - Sextjejer Escorts Sweden Escorts<\/title>\n<meta name=\"description\" content=\"Estel27 is a girl that is available in Sweden from sextjejer for you to contact. Contact Estel27 today. Sextjejer Escorts Sweden Escorts\" \/>\n<meta name=\"robots\" content=\"index, follow, max-snippet:-1, max-image-preview:large, max-video-preview:-1\" \/>\n<link rel=\"canonical\" href=\"https:\/\/sextjejer.net\/se\/eskort\/estel27\/\" \/>\n<meta property=\"og:locale\" content=\"sv_SE\" \/>\n<meta property=\"og:type\" content=\"article\" \/>\n<meta property=\"og:title\" content=\"Estel27\" \/>\n<meta property=\"og:description\" content=\"Estel27 is a girl that is available in Sweden from sextjejer for you to contact. Contact Estel27 today. Sextjejer Escorts Sweden Escorts\" \/>\n<meta property=\"og:url\" content=\"https:\/\/sextjejer.net\/se\/eskort\/estel27\/\" \/>\n<meta property=\"og:site_name\" content=\"Sextjejer Escorts Sweden Escorts\" \/>\n<meta property=\"og:image\" content=\"https:\/\/sextjejer.net\/wp-content\/uploads\/2023\/07\/328526_1.jpg\" \/>\n\t<meta property=\"og:image:width\" content=\"1\" \/>\n\t<meta property=\"og:image:height\" content=\"1\" \/>\n\t<meta property=\"og:image:type\" content=\"image\/jpeg\" \/>\n<meta name=\"twitter:card\" content=\"summary_large_image\" \/>\n<script type=\"application\/ld+json\" class=\"yoast-schema-graph\">{\"@context\":\"https:\/\/schema.org\",\"@graph\":[{\"@type\":\"WebPage\",\"@id\":\"https:\/\/sextjejer.net\/escort\/estel27\/\",\"url\":\"https:\/\/sextjejer.net\/escort\/estel27\/\",\"name\":\"Estel27 - Sextjejer Escorts Sweden Escorts\",\"isPartOf\":{\"@id\":\"https:\/\/sextjejer.net\/#website\"},\"primaryImageOfPage\":{\"@id\":\"https:\/\/sextjejer.net\/escort\/estel27\/#primaryimage\"},\"image\":{\"@id\":\"https:\/\/sextjejer.net\/escort\/estel27\/#primaryimage\"},\"thumbnailUrl\":\"https:\/\/sextjejer.net\/wp-content\/uploads\/2023\/07\/328526_1.jpg\",\"datePublished\":\"2023-11-12T07:22:33+00:00\",\"description\":\"Estel27 is a girl that is available in Sweden from sextjejer for you to contact. Contact Estel27 today. Sextjejer Escorts Sweden Escorts\",\"breadcrumb\":{\"@id\":\"https:\/\/sextjejer.net\/escort\/estel27\/#breadcrumb\"},\"inLanguage\":\"sv-SE\",\"potentialAction\":[{\"@type\":\"ReadAction\",\"target\":[\"https:\/\/sextjejer.net\/escort\/estel27\/\"]}]},{\"@type\":\"ImageObject\",\"inLanguage\":\"sv-SE\",\"@id\":\"https:\/\/sextjejer.net\/escort\/estel27\/#primaryimage\",\"url\":\"https:\/\/sextjejer.net\/wp-content\/uploads\/2023\/07\/328526_1.jpg\",\"contentUrl\":\"https:\/\/sextjejer.net\/wp-content\/uploads\/2023\/07\/328526_1.jpg\",\"caption\":\"Estel27\"},{\"@type\":\"BreadcrumbList\",\"@id\":\"https:\/\/sextjejer.net\/escort\/estel27\/#breadcrumb\",\"itemListElement\":[{\"@type\":\"ListItem\",\"position\":1,\"name\":\"Home\",\"item\":\"https:\/\/sextjejer.net\/\"},{\"@type\":\"ListItem\",\"position\":2,\"name\":\"Sextjejer Escorts in Sweden\",\"item\":\"https:\/\/sextjejer.net\/\"},{\"@type\":\"ListItem\",\"position\":3,\"name\":\"Estel27\"}]},{\"@type\":\"WebSite\",\"@id\":\"https:\/\/sextjejer.net\/#website\",\"url\":\"https:\/\/sextjejer.net\/\",\"name\":\"Sextjejer\",\"description\":\"\",\"publisher\":{\"@id\":\"https:\/\/sextjejer.net\/#organization\"},\"alternateName\":\"Escorts\",\"potentialAction\":[{\"@type\":\"SearchAction\",\"target\":{\"@type\":\"EntryPoint\",\"urlTemplate\":\"https:\/\/sextjejer.net\/?s={search_term_string}\"},\"query-input\":{\"@type\":\"PropertyValueSpecification\",\"valueRequired\":true,\"valueName\":\"search_term_string\"}}],\"inLanguage\":\"sv-SE\"},{\"@type\":\"Organization\",\"@id\":\"https:\/\/sextjejer.net\/#organization\",\"name\":\"Sextjejer\",\"url\":\"https:\/\/sextjejer.net\/\",\"logo\":{\"@type\":\"ImageObject\",\"inLanguage\":\"sv-SE\",\"@id\":\"https:\/\/sextjejer.net\/#\/schema\/logo\/image\/\",\"url\":\"https:\/\/sextjejer.net\/wp-content\/uploads\/2023\/07\/cropped-sextjejer-1.png\",\"contentUrl\":\"https:\/\/sextjejer.net\/wp-content\/uploads\/2023\/07\/cropped-sextjejer-1.png\",\"width\":200,\"height\":48,\"caption\":\"Sextjejer\"},\"image\":{\"@id\":\"https:\/\/sextjejer.net\/#\/schema\/logo\/image\/\"}}]}<\/script>\n<!-- \/ Yoast SEO Premium plugin. -->","yoast_head_json":{"title":"Estel27 - Sextjejer Eskorter Sverige Eskorter","description":"Estel27 \u00e4r en tjej som finns tillg\u00e4nglig i Sverige fr\u00e5n sextjejer f\u00f6r dig att kontakta. Kontakta Estel27 idag. Sextjejer Eskorter Sverige Eskorter","robots":{"index":"index","follow":"follow","max-snippet":"max-snippet:-1","max-image-preview":"max-image-preview:large","max-video-preview":"max-video-preview:-1"},"canonical":"https:\/\/sextjejer.net\/se\/eskort\/estel27\/","og_locale":"sv_SE","og_type":"article","og_title":"Estel27","og_description":"Estel27 is a girl that is available in Sweden from sextjejer for you to contact. Contact Estel27 today. Sextjejer Escorts Sweden Escorts","og_url":"https:\/\/sextjejer.net\/se\/eskort\/estel27\/","og_site_name":"Sextjejer Escorts Sweden Escorts","og_image":[{"url":"https:\/\/sextjejer.net\/wp-content\/uploads\/2023\/07\/328526_1.jpg","width":1,"height":1,"type":"image\/jpeg"}],"twitter_card":"summary_large_image","schema":{"@context":"https:\/\/schema.org","@graph":[{"@type":"WebPage","@id":"https:\/\/sextjejer.net\/escort\/estel27\/","url":"https:\/\/sextjejer.net\/escort\/estel27\/","name":"Estel27 - Sextjejer Eskorter Sverige Eskorter","isPartOf":{"@id":"https:\/\/sextjejer.net\/#website"},"primaryImageOfPage":{"@id":"https:\/\/sextjejer.net\/escort\/estel27\/#primaryimage"},"image":{"@id":"https:\/\/sextjejer.net\/escort\/estel27\/#primaryimage"},"thumbnailUrl":"https:\/\/sextjejer.net\/wp-content\/uploads\/2023\/07\/328526_1.jpg","datePublished":"2023-11-12T07:22:33+00:00","description":"Estel27 \u00e4r en tjej som finns tillg\u00e4nglig i Sverige fr\u00e5n sextjejer f\u00f6r dig att kontakta. Kontakta Estel27 idag. Sextjejer Eskorter Sverige Eskorter","breadcrumb":{"@id":"https:\/\/sextjejer.net\/escort\/estel27\/#breadcrumb"},"inLanguage":"sv-SE","potentialAction":[{"@type":"ReadAction","target":["https:\/\/sextjejer.net\/escort\/estel27\/"]}]},{"@type":"ImageObject","inLanguage":"sv-SE","@id":"https:\/\/sextjejer.net\/escort\/estel27\/#primaryimage","url":"https:\/\/sextjejer.net\/wp-content\/uploads\/2023\/07\/328526_1.jpg","contentUrl":"https:\/\/sextjejer.net\/wp-content\/uploads\/2023\/07\/328526_1.jpg","caption":"Estel27"},{"@type":"BreadcrumbList","@id":"https:\/\/sextjejer.net\/escort\/estel27\/#breadcrumb","itemListElement":[{"@type":"ListItem","position":1,"name":"Home","item":"https:\/\/sextjejer.net\/"},{"@type":"ListItem","position":2,"name":"Sextjejer Escorts in Sweden","item":"https:\/\/sextjejer.net\/"},{"@type":"ListItem","position":3,"name":"Estel27"}]},{"@type":"WebSite","@id":"https:\/\/sextjejer.net\/#website","url":"https:\/\/sextjejer.net\/","name":"Sextjejer","description":"","publisher":{"@id":"https:\/\/sextjejer.net\/#organization"},"alternateName":"Escorts","potentialAction":[{"@type":"SearchAction","target":{"@type":"EntryPoint","urlTemplate":"https:\/\/sextjejer.net\/?s={search_term_string}"},"query-input":{"@type":"PropertyValueSpecification","valueRequired":true,"valueName":"search_term_string"}}],"inLanguage":"sv-SE"},{"@type":"Organization","@id":"https:\/\/sextjejer.net\/#organization","name":"Sextjejer","url":"https:\/\/sextjejer.net\/","logo":{"@type":"ImageObject","inLanguage":"sv-SE","@id":"https:\/\/sextjejer.net\/#\/schema\/logo\/image\/","url":"https:\/\/sextjejer.net\/wp-content\/uploads\/2023\/07\/cropped-sextjejer-1.png","contentUrl":"https:\/\/sextjejer.net\/wp-content\/uploads\/2023\/07\/cropped-sextjejer-1.png","width":200,"height":48,"caption":"Sextjejer"},"image":{"@id":"https:\/\/sextjejer.net\/#\/schema\/logo\/image\/"}}]}},"_links":{"self":[{"href":"https:\/\/sextjejer.net\/se\/wp-json\/wp\/v2\/product\/328526","targetHints":{"allow":["GET"]}}],"collection":[{"href":"https:\/\/sextjejer.net\/se\/wp-json\/wp\/v2\/product"}],"about":[{"href":"https:\/\/sextjejer.net\/se\/wp-json\/wp\/v2\/types\/product"}],"wp:featuredmedia":[{"embeddable":true,"href":"https:\/\/sextjejer.net\/se\/wp-json\/wp\/v2\/media\/12373883"}],"wp:attachment":[{"href":"https:\/\/sextjejer.net\/se\/wp-json\/wp\/v2\/media?parent=328526"}],"wp:term":[{"taxonomy":"product_brand","embeddable":true,"href":"https:\/\/sextjejer.net\/se\/wp-json\/wp\/v2\/product_brand?post=328526"},{"taxonomy":"product_cat","embeddable":true,"href":"https:\/\/sextjejer.net\/se\/wp-json\/wp\/v2\/product_cat?post=328526"},{"taxonomy":"product_tag","embeddable":true,"href":"https:\/\/sextjejer.net\/se\/wp-json\/wp\/v2\/product_tag?post=328526"}],"curies":[{"name":"wp","href":"https:\/\/api.w.org\/{rel}","templated":true}]}}