{"id":328470,"date":"2023-07-27T09:45:31","date_gmt":"2023-07-27T09:45:31","guid":{"rendered":"https:\/\/sextjejer.net\/?post_type=product&#038;p=328470"},"modified":"2023-07-27T09:45:32","modified_gmt":"2023-07-27T09:45:32","slug":"alexisd","status":"publish","type":"product","link":"https:\/\/sextjejer.net\/se\/escort\/alexisd\/","title":{"rendered":"Alexis D"},"content":{"rendered":"<p>Om du kan f\u221a\u2022nga mig s\u221a\u2022 vet jag att jag kan bli en bra \u221a\u00a7lskarinna. Jag gillar mysiga historier, dikter och har inte emot en liten kyss eller en smisk p\u221a\u2022 rumpan. Livet \u221a\u00a7rf\u221a\u2202r kort, s\u221a\u2022 l\u221a\u2022t oss njuta tillsammans av lite galen och h\u221a\u00a7rlig sex.<\/p>","protected":false},"excerpt":{"rendered":"<p>Om du kan f\u221a\u2022nga mig s\u221a\u2022 vet jag att jag kan bli en bra \u221a\u00a7lskarinna. Jag gillar mysiga historier, dikter och har inte emot en liten kyss eller en smisk p\u221a\u2022 rumpan. Livet \u221a\u00a7rf\u221a\u2202r kort, s\u221a\u2022 l\u221a\u2022t oss njuta tillsammans av lite galen och h\u221a\u00a7rlig sex.<\/p>","protected":false},"featured_media":12375101,"template":"","meta":[],"product_brand":[],"product_cat":[2635],"product_tag":[2554,2553,2544,2545,2556,2548,2549,2543,2550,2552],"class_list":{"0":"post-328470","1":"product","2":"type-product","3":"status-publish","4":"has-post-thumbnail","6":"product_cat-stockholm-escorts","7":"product_tag-asian-escorts","8":"product_tag-escort-profile","9":"product_tag-realescort","10":"product_tag-rosa-sidan-escort","11":"product_tag-sex-tjejer-com","12":"product_tag-sex-tjejer-escorts","13":"product_tag-sex-tjejer-sweden","14":"product_tag-sextjejer-escorts","15":"product_tag-svensk-onlyfans","16":"product_tag-telefonsex","17":"pa_enjoys-kissing-fun-escorts","18":"pa_enjoys-long-foreplay-escorts","19":"pa_enjoys-oral-sex-escorts","20":"pa_enjoys-swallow-fun-escorts","21":"pa_enjoys-teasing-fun-escorts","22":"pa_places-sodra-hammarbyhamnen","23":"pa_places-stockholm-airport-escorts","24":"pa_places-stockholm-city-escorts","25":"pa_places-stockholm-sex","26":"pa_places-norrmalm","27":"pa_places-stockholm-girls","28":"pa_places-vasastaden","29":"pa_places-ostermalm","30":"pa_places-norra-djurgarden","31":"pa_places-djurgarden","32":"pa_places-gamla-stan","33":"pa_places-sodermalm","35":"first","36":"instock","37":"shipping-taxable","38":"product-type-external"},"yoast_head":"<!-- This site is optimized with the Yoast SEO Premium plugin v22.3 (Yoast SEO v27.3) - https:\/\/yoast.com\/product\/yoast-seo-premium-wordpress\/ -->\n<title>AlexisD - Sextjejer Escorts Sweden Escorts<\/title>\n<meta name=\"description\" content=\"AlexisD is a girl that is available in Sweden from sextjejer for you to contact. Contact AlexisD today. Sextjejer Escorts Sweden Escorts\" \/>\n<meta name=\"robots\" content=\"index, follow, max-snippet:-1, max-image-preview:large, max-video-preview:-1\" \/>\n<link rel=\"canonical\" href=\"https:\/\/sextjejer.net\/se\/eskort\/alexisd\/\" \/>\n<meta property=\"og:locale\" content=\"sv_SE\" \/>\n<meta property=\"og:type\" content=\"article\" \/>\n<meta property=\"og:title\" content=\"AlexisD\" \/>\n<meta property=\"og:description\" content=\"AlexisD is a girl that is available in Sweden from sextjejer for you to contact. Contact AlexisD today. Sextjejer Escorts Sweden Escorts\" \/>\n<meta property=\"og:url\" content=\"https:\/\/sextjejer.net\/se\/eskort\/alexisd\/\" \/>\n<meta property=\"og:site_name\" content=\"Sextjejer Escorts Sweden Escorts\" \/>\n<meta property=\"article:modified_time\" content=\"2023-07-27T09:45:32+00:00\" \/>\n<meta property=\"og:image\" content=\"https:\/\/sextjejer.net\/wp-content\/uploads\/2023\/07\/328470_1.png\" \/>\n\t<meta property=\"og:image:width\" content=\"1\" \/>\n\t<meta property=\"og:image:height\" content=\"1\" \/>\n\t<meta property=\"og:image:type\" content=\"image\/png\" \/>\n<meta name=\"twitter:card\" content=\"summary_large_image\" \/>\n<script type=\"application\/ld+json\" class=\"yoast-schema-graph\">{\"@context\":\"https:\\\/\\\/schema.org\",\"@graph\":[{\"@type\":\"WebPage\",\"@id\":\"https:\\\/\\\/sextjejer.net\\\/escort\\\/alexisd\\\/\",\"url\":\"https:\\\/\\\/sextjejer.net\\\/escort\\\/alexisd\\\/\",\"name\":\"AlexisD - Sextjejer Escorts Sweden Escorts\",\"isPartOf\":{\"@id\":\"https:\\\/\\\/sextjejer.net\\\/#website\"},\"primaryImageOfPage\":{\"@id\":\"https:\\\/\\\/sextjejer.net\\\/escort\\\/alexisd\\\/#primaryimage\"},\"image\":{\"@id\":\"https:\\\/\\\/sextjejer.net\\\/escort\\\/alexisd\\\/#primaryimage\"},\"thumbnailUrl\":\"https:\\\/\\\/sextjejer.net\\\/wp-content\\\/uploads\\\/2023\\\/07\\\/328470_1.png\",\"datePublished\":\"2023-07-27T09:45:31+00:00\",\"dateModified\":\"2023-07-27T09:45:32+00:00\",\"description\":\"AlexisD is a girl that is available in Sweden from sextjejer for you to contact. Contact AlexisD today. Sextjejer Escorts Sweden Escorts\",\"breadcrumb\":{\"@id\":\"https:\\\/\\\/sextjejer.net\\\/escort\\\/alexisd\\\/#breadcrumb\"},\"inLanguage\":\"sv-SE\",\"potentialAction\":[{\"@type\":\"ReadAction\",\"target\":[\"https:\\\/\\\/sextjejer.net\\\/escort\\\/alexisd\\\/\"]}]},{\"@type\":\"ImageObject\",\"inLanguage\":\"sv-SE\",\"@id\":\"https:\\\/\\\/sextjejer.net\\\/escort\\\/alexisd\\\/#primaryimage\",\"url\":\"https:\\\/\\\/sextjejer.net\\\/wp-content\\\/uploads\\\/2023\\\/07\\\/328470_1.png\",\"contentUrl\":\"https:\\\/\\\/sextjejer.net\\\/wp-content\\\/uploads\\\/2023\\\/07\\\/328470_1.png\",\"caption\":\"AlexisD\"},{\"@type\":\"BreadcrumbList\",\"@id\":\"https:\\\/\\\/sextjejer.net\\\/escort\\\/alexisd\\\/#breadcrumb\",\"itemListElement\":[{\"@type\":\"ListItem\",\"position\":1,\"name\":\"Home\",\"item\":\"https:\\\/\\\/sextjejer.net\\\/\"},{\"@type\":\"ListItem\",\"position\":2,\"name\":\"Sextjejer Escorts in Sweden\",\"item\":\"https:\\\/\\\/sextjejer.net\\\/\"},{\"@type\":\"ListItem\",\"position\":3,\"name\":\"AlexisD\"}]},{\"@type\":\"WebSite\",\"@id\":\"https:\\\/\\\/sextjejer.net\\\/#website\",\"url\":\"https:\\\/\\\/sextjejer.net\\\/\",\"name\":\"Sextjejer\",\"description\":\"\",\"publisher\":{\"@id\":\"https:\\\/\\\/sextjejer.net\\\/#organization\"},\"alternateName\":\"Escorts\",\"potentialAction\":[{\"@type\":\"SearchAction\",\"target\":{\"@type\":\"EntryPoint\",\"urlTemplate\":\"https:\\\/\\\/sextjejer.net\\\/?s={search_term_string}\"},\"query-input\":{\"@type\":\"PropertyValueSpecification\",\"valueRequired\":true,\"valueName\":\"search_term_string\"}}],\"inLanguage\":\"sv-SE\"},{\"@type\":\"Organization\",\"@id\":\"https:\\\/\\\/sextjejer.net\\\/#organization\",\"name\":\"Sextjejer\",\"url\":\"https:\\\/\\\/sextjejer.net\\\/\",\"logo\":{\"@type\":\"ImageObject\",\"inLanguage\":\"sv-SE\",\"@id\":\"https:\\\/\\\/sextjejer.net\\\/#\\\/schema\\\/logo\\\/image\\\/\",\"url\":\"https:\\\/\\\/sextjejer.net\\\/wp-content\\\/uploads\\\/2023\\\/07\\\/cropped-sextjejer-1.png\",\"contentUrl\":\"https:\\\/\\\/sextjejer.net\\\/wp-content\\\/uploads\\\/2023\\\/07\\\/cropped-sextjejer-1.png\",\"width\":200,\"height\":48,\"caption\":\"Sextjejer\"},\"image\":{\"@id\":\"https:\\\/\\\/sextjejer.net\\\/#\\\/schema\\\/logo\\\/image\\\/\"}}]}<\/script>\n<!-- \/ Yoast SEO Premium plugin. -->","yoast_head_json":{"title":"AlexisD - Sextjejer Eskorter Sverige Eskorter","description":"AlexisD \u00e4r en tjej som finns tillg\u00e4nglig i Sverige fr\u00e5n sextjejer f\u00f6r dig att kontakta. Kontakta AlexisD idag. Sextjejer Eskorter Sverige Eskorter","robots":{"index":"index","follow":"follow","max-snippet":"max-snippet:-1","max-image-preview":"max-image-preview:large","max-video-preview":"max-video-preview:-1"},"canonical":"https:\/\/sextjejer.net\/se\/eskort\/alexisd\/","og_locale":"sv_SE","og_type":"article","og_title":"AlexisD","og_description":"AlexisD is a girl that is available in Sweden from sextjejer for you to contact. Contact AlexisD today. Sextjejer Escorts Sweden Escorts","og_url":"https:\/\/sextjejer.net\/se\/eskort\/alexisd\/","og_site_name":"Sextjejer Escorts Sweden Escorts","article_modified_time":"2023-07-27T09:45:32+00:00","og_image":[{"url":"https:\/\/sextjejer.net\/wp-content\/uploads\/2023\/07\/328470_1.png","width":1,"height":1,"type":"image\/png"}],"twitter_card":"summary_large_image","schema":{"@context":"https:\/\/schema.org","@graph":[{"@type":"WebPage","@id":"https:\/\/sextjejer.net\/escort\/alexisd\/","url":"https:\/\/sextjejer.net\/escort\/alexisd\/","name":"AlexisD - Sextjejer Eskorter Sverige Eskorter","isPartOf":{"@id":"https:\/\/sextjejer.net\/#website"},"primaryImageOfPage":{"@id":"https:\/\/sextjejer.net\/escort\/alexisd\/#primaryimage"},"image":{"@id":"https:\/\/sextjejer.net\/escort\/alexisd\/#primaryimage"},"thumbnailUrl":"https:\/\/sextjejer.net\/wp-content\/uploads\/2023\/07\/328470_1.png","datePublished":"2023-07-27T09:45:31+00:00","dateModified":"2023-07-27T09:45:32+00:00","description":"AlexisD \u00e4r en tjej som finns tillg\u00e4nglig i Sverige fr\u00e5n sextjejer f\u00f6r dig att kontakta. Kontakta AlexisD idag. Sextjejer Eskorter Sverige Eskorter","breadcrumb":{"@id":"https:\/\/sextjejer.net\/escort\/alexisd\/#breadcrumb"},"inLanguage":"sv-SE","potentialAction":[{"@type":"ReadAction","target":["https:\/\/sextjejer.net\/escort\/alexisd\/"]}]},{"@type":"ImageObject","inLanguage":"sv-SE","@id":"https:\/\/sextjejer.net\/escort\/alexisd\/#primaryimage","url":"https:\/\/sextjejer.net\/wp-content\/uploads\/2023\/07\/328470_1.png","contentUrl":"https:\/\/sextjejer.net\/wp-content\/uploads\/2023\/07\/328470_1.png","caption":"AlexisD"},{"@type":"BreadcrumbList","@id":"https:\/\/sextjejer.net\/escort\/alexisd\/#breadcrumb","itemListElement":[{"@type":"ListItem","position":1,"name":"Home","item":"https:\/\/sextjejer.net\/"},{"@type":"ListItem","position":2,"name":"Sextjejer Escorts in Sweden","item":"https:\/\/sextjejer.net\/"},{"@type":"ListItem","position":3,"name":"AlexisD"}]},{"@type":"WebSite","@id":"https:\/\/sextjejer.net\/#website","url":"https:\/\/sextjejer.net\/","name":"Sextjejer","description":"","publisher":{"@id":"https:\/\/sextjejer.net\/#organization"},"alternateName":"Escorts","potentialAction":[{"@type":"SearchAction","target":{"@type":"EntryPoint","urlTemplate":"https:\/\/sextjejer.net\/?s={search_term_string}"},"query-input":{"@type":"PropertyValueSpecification","valueRequired":true,"valueName":"search_term_string"}}],"inLanguage":"sv-SE"},{"@type":"Organization","@id":"https:\/\/sextjejer.net\/#organization","name":"Sextjejer","url":"https:\/\/sextjejer.net\/","logo":{"@type":"ImageObject","inLanguage":"sv-SE","@id":"https:\/\/sextjejer.net\/#\/schema\/logo\/image\/","url":"https:\/\/sextjejer.net\/wp-content\/uploads\/2023\/07\/cropped-sextjejer-1.png","contentUrl":"https:\/\/sextjejer.net\/wp-content\/uploads\/2023\/07\/cropped-sextjejer-1.png","width":200,"height":48,"caption":"Sextjejer"},"image":{"@id":"https:\/\/sextjejer.net\/#\/schema\/logo\/image\/"}}]}},"_links":{"self":[{"href":"https:\/\/sextjejer.net\/se\/wp-json\/wp\/v2\/product\/328470","targetHints":{"allow":["GET"]}}],"collection":[{"href":"https:\/\/sextjejer.net\/se\/wp-json\/wp\/v2\/product"}],"about":[{"href":"https:\/\/sextjejer.net\/se\/wp-json\/wp\/v2\/types\/product"}],"wp:featuredmedia":[{"embeddable":true,"href":"https:\/\/sextjejer.net\/se\/wp-json\/wp\/v2\/media\/12375101"}],"wp:attachment":[{"href":"https:\/\/sextjejer.net\/se\/wp-json\/wp\/v2\/media?parent=328470"}],"wp:term":[{"taxonomy":"product_brand","embeddable":true,"href":"https:\/\/sextjejer.net\/se\/wp-json\/wp\/v2\/product_brand?post=328470"},{"taxonomy":"product_cat","embeddable":true,"href":"https:\/\/sextjejer.net\/se\/wp-json\/wp\/v2\/product_cat?post=328470"},{"taxonomy":"product_tag","embeddable":true,"href":"https:\/\/sextjejer.net\/se\/wp-json\/wp\/v2\/product_tag?post=328470"}],"curies":[{"name":"wp","href":"https:\/\/api.w.org\/{rel}","templated":true}]}}