{"id":328467,"date":"2023-11-01T07:18:23","date_gmt":"2023-11-01T07:18:23","guid":{"rendered":"https:\/\/sextjejer.net\/?post_type=product&#038;p=328467"},"modified":"2023-11-01T07:18:23","modified_gmt":"2023-11-01T07:18:23","slug":"smakapaella31","status":"publish","type":"product","link":"https:\/\/sextjejer.net\/se\/escort\/smakapaella31\/","title":{"rendered":"SmakaP\u221a\u2022Ella31"},"content":{"rendered":"<p>Jag \u221a\u00a7r en tjej med extra allt, om du tycker om pizza med allt s\u221a- \u221a\u00a7r jag lika god. S\u221a\u2202ker n\u221a-gon som vill ha mycket att leka och ta f\u221a\u2202r sig utav.<\/p>","protected":false},"excerpt":{"rendered":"<p>Jag \u221a\u00a7r en tjej med extra allt, om du tycker om pizza med allt s\u221a- \u221a\u00a7r jag lika god. S\u221a\u2202ker n\u221a-gon som vill ha mycket att leka och ta f\u221a\u2202r sig utav.<\/p>","protected":false},"featured_media":12376202,"template":"","meta":[],"product_brand":[],"product_cat":[2635],"product_tag":[2554,2553,2544,2545,2556,2548,2549,2543,2550,2552],"class_list":{"0":"post-328467","1":"product","2":"type-product","3":"status-publish","4":"has-post-thumbnail","6":"product_cat-stockholm-escorts","7":"product_tag-asian-escorts","8":"product_tag-escort-profile","9":"product_tag-realescort","10":"product_tag-rosa-sidan-escort","11":"product_tag-sex-tjejer-com","12":"product_tag-sex-tjejer-escorts","13":"product_tag-sex-tjejer-sweden","14":"product_tag-sextjejer-escorts","15":"product_tag-svensk-onlyfans","16":"product_tag-telefonsex","17":"pa_enjoys-big-tits-escorts","18":"pa_enjoys-blowjob-escorts","19":"pa_enjoys-creampie-fun-loving-escorts","20":"pa_enjoys-deepthroat-loving-escorts","21":"pa_enjoys-dildo-fun-loving-escorts","22":"pa_places-djurgarden","23":"pa_places-gamla-stan","24":"pa_places-sodermalm","25":"pa_places-sodra-hammarbyhamnen","26":"pa_places-stockholm-airport-escorts","27":"pa_places-stockholm-city-escorts","28":"pa_places-stockholm-sex","29":"pa_places-norrmalm","30":"pa_places-stockholm-girls","31":"pa_places-vasastaden","32":"pa_places-ostermalm","33":"pa_places-norra-djurgarden","35":"first","36":"instock","37":"shipping-taxable","38":"product-type-external"},"yoast_head":"<!-- This site is optimized with the Yoast SEO Premium plugin v22.3 (Yoast SEO v27.0) - https:\/\/yoast.com\/product\/yoast-seo-premium-wordpress\/ -->\n<title>SmakaP\u221a\u2022Ella31 - Sextjejer Escorts Sweden Escorts<\/title>\n<meta name=\"description\" content=\"SmakaP\u221a\u2022Ella31 is a girl that is available in Sweden from sextjejer for you to contact. Contact SmakaP\u221a\u2022Ella31 today. Sextjejer Escorts Sweden Escorts\" \/>\n<meta name=\"robots\" content=\"index, follow, max-snippet:-1, max-image-preview:large, max-video-preview:-1\" \/>\n<link rel=\"canonical\" href=\"https:\/\/sextjejer.net\/se\/eskort\/smakapaella31\/\" \/>\n<meta property=\"og:locale\" content=\"sv_SE\" \/>\n<meta property=\"og:type\" content=\"article\" \/>\n<meta property=\"og:title\" content=\"SmakaP\u221a\u2022Ella31\" \/>\n<meta property=\"og:description\" content=\"SmakaP\u221a\u2022Ella31 is a girl that is available in Sweden from sextjejer for you to contact. Contact SmakaP\u221a\u2022Ella31 today. Sextjejer Escorts Sweden Escorts\" \/>\n<meta property=\"og:url\" content=\"https:\/\/sextjejer.net\/se\/eskort\/smakapaella31\/\" \/>\n<meta property=\"og:site_name\" content=\"Sextjejer Escorts Sweden Escorts\" \/>\n<meta property=\"og:image\" content=\"https:\/\/sextjejer.net\/wp-content\/uploads\/2023\/07\/328467_1.jpg\" \/>\n\t<meta property=\"og:image:width\" content=\"1\" \/>\n\t<meta property=\"og:image:height\" content=\"1\" \/>\n\t<meta property=\"og:image:type\" content=\"image\/jpeg\" \/>\n<meta name=\"twitter:card\" content=\"summary_large_image\" \/>\n<script type=\"application\/ld+json\" class=\"yoast-schema-graph\">{\"@context\":\"https:\/\/schema.org\",\"@graph\":[{\"@type\":\"WebPage\",\"@id\":\"https:\/\/sextjejer.net\/escort\/smakapaella31\/\",\"url\":\"https:\/\/sextjejer.net\/escort\/smakapaella31\/\",\"name\":\"SmakaP\u221a\u2022Ella31 - Sextjejer Escorts Sweden Escorts\",\"isPartOf\":{\"@id\":\"https:\/\/sextjejer.net\/#website\"},\"primaryImageOfPage\":{\"@id\":\"https:\/\/sextjejer.net\/escort\/smakapaella31\/#primaryimage\"},\"image\":{\"@id\":\"https:\/\/sextjejer.net\/escort\/smakapaella31\/#primaryimage\"},\"thumbnailUrl\":\"https:\/\/sextjejer.net\/wp-content\/uploads\/2023\/07\/328467_1.jpg\",\"datePublished\":\"2023-11-01T07:18:23+00:00\",\"description\":\"SmakaP\u221a\u2022Ella31 is a girl that is available in Sweden from sextjejer for you to contact. Contact SmakaP\u221a\u2022Ella31 today. Sextjejer Escorts Sweden Escorts\",\"breadcrumb\":{\"@id\":\"https:\/\/sextjejer.net\/escort\/smakapaella31\/#breadcrumb\"},\"inLanguage\":\"sv-SE\",\"potentialAction\":[{\"@type\":\"ReadAction\",\"target\":[\"https:\/\/sextjejer.net\/escort\/smakapaella31\/\"]}]},{\"@type\":\"ImageObject\",\"inLanguage\":\"sv-SE\",\"@id\":\"https:\/\/sextjejer.net\/escort\/smakapaella31\/#primaryimage\",\"url\":\"https:\/\/sextjejer.net\/wp-content\/uploads\/2023\/07\/328467_1.jpg\",\"contentUrl\":\"https:\/\/sextjejer.net\/wp-content\/uploads\/2023\/07\/328467_1.jpg\",\"caption\":\"SmakaP\u221a\u2022Ella31\"},{\"@type\":\"BreadcrumbList\",\"@id\":\"https:\/\/sextjejer.net\/escort\/smakapaella31\/#breadcrumb\",\"itemListElement\":[{\"@type\":\"ListItem\",\"position\":1,\"name\":\"Home\",\"item\":\"https:\/\/sextjejer.net\/\"},{\"@type\":\"ListItem\",\"position\":2,\"name\":\"Sextjejer Escorts in Sweden\",\"item\":\"https:\/\/sextjejer.net\/\"},{\"@type\":\"ListItem\",\"position\":3,\"name\":\"SmakaP\u221a\u2022Ella31\"}]},{\"@type\":\"WebSite\",\"@id\":\"https:\/\/sextjejer.net\/#website\",\"url\":\"https:\/\/sextjejer.net\/\",\"name\":\"Sextjejer\",\"description\":\"\",\"publisher\":{\"@id\":\"https:\/\/sextjejer.net\/#organization\"},\"alternateName\":\"Escorts\",\"potentialAction\":[{\"@type\":\"SearchAction\",\"target\":{\"@type\":\"EntryPoint\",\"urlTemplate\":\"https:\/\/sextjejer.net\/?s={search_term_string}\"},\"query-input\":{\"@type\":\"PropertyValueSpecification\",\"valueRequired\":true,\"valueName\":\"search_term_string\"}}],\"inLanguage\":\"sv-SE\"},{\"@type\":\"Organization\",\"@id\":\"https:\/\/sextjejer.net\/#organization\",\"name\":\"Sextjejer\",\"url\":\"https:\/\/sextjejer.net\/\",\"logo\":{\"@type\":\"ImageObject\",\"inLanguage\":\"sv-SE\",\"@id\":\"https:\/\/sextjejer.net\/#\/schema\/logo\/image\/\",\"url\":\"https:\/\/sextjejer.net\/wp-content\/uploads\/2023\/07\/cropped-sextjejer-1.png\",\"contentUrl\":\"https:\/\/sextjejer.net\/wp-content\/uploads\/2023\/07\/cropped-sextjejer-1.png\",\"width\":200,\"height\":48,\"caption\":\"Sextjejer\"},\"image\":{\"@id\":\"https:\/\/sextjejer.net\/#\/schema\/logo\/image\/\"}}]}<\/script>\n<!-- \/ Yoast SEO Premium plugin. -->","yoast_head_json":{"title":"SmakaP\u221a-Ella31 - Sextjejer Escorts Sverige Escorts","description":"SmakaP\u221a-Ella31 \u00e4r en tjej som \u00e4r tillg\u00e4nglig i Sverige fr\u00e5n sextjejer f\u00f6r dig att kontakta. Kontakta SmakaP\u221a-Ella31 redan idag. Sextjejer Escorter Sverige Escorter","robots":{"index":"index","follow":"follow","max-snippet":"max-snippet:-1","max-image-preview":"max-image-preview:large","max-video-preview":"max-video-preview:-1"},"canonical":"https:\/\/sextjejer.net\/se\/eskort\/smakapaella31\/","og_locale":"sv_SE","og_type":"article","og_title":"SmakaP\u221a\u2022Ella31","og_description":"SmakaP\u221a\u2022Ella31 is a girl that is available in Sweden from sextjejer for you to contact. Contact SmakaP\u221a\u2022Ella31 today. Sextjejer Escorts Sweden Escorts","og_url":"https:\/\/sextjejer.net\/se\/eskort\/smakapaella31\/","og_site_name":"Sextjejer Escorts Sweden Escorts","og_image":[{"url":"https:\/\/sextjejer.net\/wp-content\/uploads\/2023\/07\/328467_1.jpg","width":1,"height":1,"type":"image\/jpeg"}],"twitter_card":"summary_large_image","schema":{"@context":"https:\/\/schema.org","@graph":[{"@type":"WebPage","@id":"https:\/\/sextjejer.net\/escort\/smakapaella31\/","url":"https:\/\/sextjejer.net\/escort\/smakapaella31\/","name":"SmakaP\u221a-Ella31 - Sextjejer Escorts Sverige Escorts","isPartOf":{"@id":"https:\/\/sextjejer.net\/#website"},"primaryImageOfPage":{"@id":"https:\/\/sextjejer.net\/escort\/smakapaella31\/#primaryimage"},"image":{"@id":"https:\/\/sextjejer.net\/escort\/smakapaella31\/#primaryimage"},"thumbnailUrl":"https:\/\/sextjejer.net\/wp-content\/uploads\/2023\/07\/328467_1.jpg","datePublished":"2023-11-01T07:18:23+00:00","description":"SmakaP\u221a-Ella31 \u00e4r en tjej som \u00e4r tillg\u00e4nglig i Sverige fr\u00e5n sextjejer f\u00f6r dig att kontakta. Kontakta SmakaP\u221a-Ella31 redan idag. Sextjejer Escorter Sverige Escorter","breadcrumb":{"@id":"https:\/\/sextjejer.net\/escort\/smakapaella31\/#breadcrumb"},"inLanguage":"sv-SE","potentialAction":[{"@type":"ReadAction","target":["https:\/\/sextjejer.net\/escort\/smakapaella31\/"]}]},{"@type":"ImageObject","inLanguage":"sv-SE","@id":"https:\/\/sextjejer.net\/escort\/smakapaella31\/#primaryimage","url":"https:\/\/sextjejer.net\/wp-content\/uploads\/2023\/07\/328467_1.jpg","contentUrl":"https:\/\/sextjejer.net\/wp-content\/uploads\/2023\/07\/328467_1.jpg","caption":"SmakaP\u221a\u2022Ella31"},{"@type":"BreadcrumbList","@id":"https:\/\/sextjejer.net\/escort\/smakapaella31\/#breadcrumb","itemListElement":[{"@type":"ListItem","position":1,"name":"Home","item":"https:\/\/sextjejer.net\/"},{"@type":"ListItem","position":2,"name":"Sextjejer Escorts in Sweden","item":"https:\/\/sextjejer.net\/"},{"@type":"ListItem","position":3,"name":"SmakaP\u221a\u2022Ella31"}]},{"@type":"WebSite","@id":"https:\/\/sextjejer.net\/#website","url":"https:\/\/sextjejer.net\/","name":"Sextjejer","description":"","publisher":{"@id":"https:\/\/sextjejer.net\/#organization"},"alternateName":"Escorts","potentialAction":[{"@type":"SearchAction","target":{"@type":"EntryPoint","urlTemplate":"https:\/\/sextjejer.net\/?s={search_term_string}"},"query-input":{"@type":"PropertyValueSpecification","valueRequired":true,"valueName":"search_term_string"}}],"inLanguage":"sv-SE"},{"@type":"Organization","@id":"https:\/\/sextjejer.net\/#organization","name":"Sextjejer","url":"https:\/\/sextjejer.net\/","logo":{"@type":"ImageObject","inLanguage":"sv-SE","@id":"https:\/\/sextjejer.net\/#\/schema\/logo\/image\/","url":"https:\/\/sextjejer.net\/wp-content\/uploads\/2023\/07\/cropped-sextjejer-1.png","contentUrl":"https:\/\/sextjejer.net\/wp-content\/uploads\/2023\/07\/cropped-sextjejer-1.png","width":200,"height":48,"caption":"Sextjejer"},"image":{"@id":"https:\/\/sextjejer.net\/#\/schema\/logo\/image\/"}}]}},"_links":{"self":[{"href":"https:\/\/sextjejer.net\/se\/wp-json\/wp\/v2\/product\/328467","targetHints":{"allow":["GET"]}}],"collection":[{"href":"https:\/\/sextjejer.net\/se\/wp-json\/wp\/v2\/product"}],"about":[{"href":"https:\/\/sextjejer.net\/se\/wp-json\/wp\/v2\/types\/product"}],"wp:featuredmedia":[{"embeddable":true,"href":"https:\/\/sextjejer.net\/se\/wp-json\/wp\/v2\/media\/12376202"}],"wp:attachment":[{"href":"https:\/\/sextjejer.net\/se\/wp-json\/wp\/v2\/media?parent=328467"}],"wp:term":[{"taxonomy":"product_brand","embeddable":true,"href":"https:\/\/sextjejer.net\/se\/wp-json\/wp\/v2\/product_brand?post=328467"},{"taxonomy":"product_cat","embeddable":true,"href":"https:\/\/sextjejer.net\/se\/wp-json\/wp\/v2\/product_cat?post=328467"},{"taxonomy":"product_tag","embeddable":true,"href":"https:\/\/sextjejer.net\/se\/wp-json\/wp\/v2\/product_tag?post=328467"}],"curies":[{"name":"wp","href":"https:\/\/api.w.org\/{rel}","templated":true}]}}