{"id":328439,"date":"2024-04-01T07:18:38","date_gmt":"2024-04-01T07:18:38","guid":{"rendered":"https:\/\/sextjejer.net\/?post_type=product&#038;p=328439"},"modified":"2024-04-01T07:18:38","modified_gmt":"2024-04-01T07:18:38","slug":"petra28","status":"publish","type":"product","link":"https:\/\/sextjejer.net\/se\/escort\/petra28\/","title":{"rendered":"Petra28"},"content":{"rendered":"<p>Hej hej! En k\u221a-t 28 \u221a-ring, vill s\u221a\u00a7tta ig\u221a-ng med mitt sexliv, har haft ett s\u221a-nt tr\u221a-kigt sexliv att du anar inte, jag vill \u221a\u00a7ndra p\u221a- det helt och h\u221a-llet och undrar om min b\u221a\u00a7sta chans \u221a\u00a7r h\u221a\u00a7r, f\u221a\u2202r om det d\u221a- \u221a\u00a7r s\u221a-, s\u221a- vill jag s\u221a\u00a7tta ig\u221a-ng direkt och f\u221a\u2202r\u221a\u00a7ndra mitt liv till det b\u221a\u00a7ttre med mycket sex och knull!<\/p>","protected":false},"excerpt":{"rendered":"<p>Hej hej! En k\u221a\u2022t 28 \u221a\u2022ring, vill s\u221a\u00a7tta ig\u221a\u2022ng med mitt sexliv, har haft ett s\u221a\u2022nt tr\u221a\u2022kigt sexliv att du anar inte, jag vill \u221a\u00a7ndra p\u221a\u2022 det helt och h\u221a\u2022llet och undrar om min b\u221a\u00a7sta chans \u221a\u00a7r h\u221a\u00a7r, f\u221a\u2202r om det d\u221a\u2022 \u221a\u00a7r s\u221a\u2022, s\u221a\u2022 vill jag s\u221a\u00a7tta ig\u221a\u2022ng direkt och f\u221a\u2202r\u221a\u00a7ndra mitt liv till &hellip; <a href=\"https:\/\/sextjejer.net\/se\/escort\/petra28\/\" class=\"more-link\">Forts\u00e4tt l\u00e4sa <span class=\"screen-reader-text\">Petra28<\/span><\/a><\/p>","protected":false},"featured_media":12374646,"template":"","meta":[],"product_brand":[],"product_cat":[2635],"product_tag":[2554,2553,2544,2545,2556,2548,2549,2543,2550,2552],"class_list":{"0":"post-328439","1":"product","2":"type-product","3":"status-publish","4":"has-post-thumbnail","6":"product_cat-stockholm-escorts","7":"product_tag-asian-escorts","8":"product_tag-escort-profile","9":"product_tag-realescort","10":"product_tag-rosa-sidan-escort","11":"product_tag-sex-tjejer-com","12":"product_tag-sex-tjejer-escorts","13":"product_tag-sex-tjejer-sweden","14":"product_tag-sextjejer-escorts","15":"product_tag-svensk-onlyfans","16":"product_tag-telefonsex","17":"pa_enjoys-69-escorts","18":"pa_enjoys-anal-loving-escorts","19":"pa_enjoys-cowgirl-loving-escorts","20":"pa_enjoys-deepthroat-loving-escorts","21":"pa_enjoys-doggy-style-loving-escorts","22":"pa_enjoys-kissing-fun-escorts","23":"pa_enjoys-masturbation-fun-loving-escorts","24":"pa_enjoys-no-condom-loving-escorts","25":"pa_enjoys-oral-sex-escorts","26":"pa_enjoys-role-play-escorts","27":"pa_enjoys-shaved-escorts","28":"pa_enjoys-straight-sex-loving-escorts","29":"pa_places-stockholm-sex","30":"pa_places-norrmalm","31":"pa_places-stockholm-girls","32":"pa_places-vasastaden","33":"pa_places-ostermalm","34":"pa_places-norra-djurgarden","35":"pa_places-djurgarden","36":"pa_places-gamla-stan","37":"pa_places-sodermalm","38":"pa_places-sodra-hammarbyhamnen","39":"pa_places-stockholm-airport-escorts","40":"pa_places-stockholm-city-escorts","42":"first","43":"instock","44":"shipping-taxable","45":"product-type-external"},"yoast_head":"<!-- This site is optimized with the Yoast SEO Premium plugin v22.3 (Yoast SEO v27.3) - https:\/\/yoast.com\/product\/yoast-seo-premium-wordpress\/ -->\n<title>Petra28 - Sextjejer Escorts Sweden Escorts<\/title>\n<meta name=\"description\" content=\"Petra28 is a girl that is available in Sweden from sextjejer for you to contact. Contact Petra28 today. Sextjejer Escorts Sweden Escorts\" \/>\n<meta name=\"robots\" content=\"index, follow, max-snippet:-1, max-image-preview:large, max-video-preview:-1\" \/>\n<link rel=\"canonical\" href=\"https:\/\/sextjejer.net\/se\/eskort\/petra28\/\" \/>\n<meta property=\"og:locale\" content=\"sv_SE\" \/>\n<meta property=\"og:type\" content=\"article\" \/>\n<meta property=\"og:title\" content=\"Petra28\" \/>\n<meta property=\"og:description\" content=\"Petra28 is a girl that is available in Sweden from sextjejer for you to contact. Contact Petra28 today. Sextjejer Escorts Sweden Escorts\" \/>\n<meta property=\"og:url\" content=\"https:\/\/sextjejer.net\/se\/eskort\/petra28\/\" \/>\n<meta property=\"og:site_name\" content=\"Sextjejer Escorts Sweden Escorts\" \/>\n<meta property=\"og:image\" content=\"https:\/\/sextjejer.net\/wp-content\/uploads\/2023\/07\/328439_1.jpg\" \/>\n\t<meta property=\"og:image:width\" content=\"1\" \/>\n\t<meta property=\"og:image:height\" content=\"1\" \/>\n\t<meta property=\"og:image:type\" content=\"image\/jpeg\" \/>\n<meta name=\"twitter:card\" content=\"summary_large_image\" \/>\n<script type=\"application\/ld+json\" class=\"yoast-schema-graph\">{\"@context\":\"https:\\\/\\\/schema.org\",\"@graph\":[{\"@type\":\"WebPage\",\"@id\":\"https:\\\/\\\/sextjejer.net\\\/escort\\\/petra28\\\/\",\"url\":\"https:\\\/\\\/sextjejer.net\\\/escort\\\/petra28\\\/\",\"name\":\"Petra28 - Sextjejer Escorts Sweden Escorts\",\"isPartOf\":{\"@id\":\"https:\\\/\\\/sextjejer.net\\\/#website\"},\"primaryImageOfPage\":{\"@id\":\"https:\\\/\\\/sextjejer.net\\\/escort\\\/petra28\\\/#primaryimage\"},\"image\":{\"@id\":\"https:\\\/\\\/sextjejer.net\\\/escort\\\/petra28\\\/#primaryimage\"},\"thumbnailUrl\":\"https:\\\/\\\/sextjejer.net\\\/wp-content\\\/uploads\\\/2023\\\/07\\\/328439_1.jpg\",\"datePublished\":\"2024-04-01T07:18:38+00:00\",\"description\":\"Petra28 is a girl that is available in Sweden from sextjejer for you to contact. Contact Petra28 today. Sextjejer Escorts Sweden Escorts\",\"breadcrumb\":{\"@id\":\"https:\\\/\\\/sextjejer.net\\\/escort\\\/petra28\\\/#breadcrumb\"},\"inLanguage\":\"sv-SE\",\"potentialAction\":[{\"@type\":\"ReadAction\",\"target\":[\"https:\\\/\\\/sextjejer.net\\\/escort\\\/petra28\\\/\"]}]},{\"@type\":\"ImageObject\",\"inLanguage\":\"sv-SE\",\"@id\":\"https:\\\/\\\/sextjejer.net\\\/escort\\\/petra28\\\/#primaryimage\",\"url\":\"https:\\\/\\\/sextjejer.net\\\/wp-content\\\/uploads\\\/2023\\\/07\\\/328439_1.jpg\",\"contentUrl\":\"https:\\\/\\\/sextjejer.net\\\/wp-content\\\/uploads\\\/2023\\\/07\\\/328439_1.jpg\",\"caption\":\"Petra28\"},{\"@type\":\"BreadcrumbList\",\"@id\":\"https:\\\/\\\/sextjejer.net\\\/escort\\\/petra28\\\/#breadcrumb\",\"itemListElement\":[{\"@type\":\"ListItem\",\"position\":1,\"name\":\"Home\",\"item\":\"https:\\\/\\\/sextjejer.net\\\/\"},{\"@type\":\"ListItem\",\"position\":2,\"name\":\"Sextjejer Escorts in Sweden\",\"item\":\"https:\\\/\\\/sextjejer.net\\\/\"},{\"@type\":\"ListItem\",\"position\":3,\"name\":\"Petra28\"}]},{\"@type\":\"WebSite\",\"@id\":\"https:\\\/\\\/sextjejer.net\\\/#website\",\"url\":\"https:\\\/\\\/sextjejer.net\\\/\",\"name\":\"Sextjejer\",\"description\":\"\",\"publisher\":{\"@id\":\"https:\\\/\\\/sextjejer.net\\\/#organization\"},\"alternateName\":\"Escorts\",\"potentialAction\":[{\"@type\":\"SearchAction\",\"target\":{\"@type\":\"EntryPoint\",\"urlTemplate\":\"https:\\\/\\\/sextjejer.net\\\/?s={search_term_string}\"},\"query-input\":{\"@type\":\"PropertyValueSpecification\",\"valueRequired\":true,\"valueName\":\"search_term_string\"}}],\"inLanguage\":\"sv-SE\"},{\"@type\":\"Organization\",\"@id\":\"https:\\\/\\\/sextjejer.net\\\/#organization\",\"name\":\"Sextjejer\",\"url\":\"https:\\\/\\\/sextjejer.net\\\/\",\"logo\":{\"@type\":\"ImageObject\",\"inLanguage\":\"sv-SE\",\"@id\":\"https:\\\/\\\/sextjejer.net\\\/#\\\/schema\\\/logo\\\/image\\\/\",\"url\":\"https:\\\/\\\/sextjejer.net\\\/wp-content\\\/uploads\\\/2023\\\/07\\\/cropped-sextjejer-1.png\",\"contentUrl\":\"https:\\\/\\\/sextjejer.net\\\/wp-content\\\/uploads\\\/2023\\\/07\\\/cropped-sextjejer-1.png\",\"width\":200,\"height\":48,\"caption\":\"Sextjejer\"},\"image\":{\"@id\":\"https:\\\/\\\/sextjejer.net\\\/#\\\/schema\\\/logo\\\/image\\\/\"}}]}<\/script>\n<!-- \/ Yoast SEO Premium plugin. -->","yoast_head_json":{"title":"Petra28 - Sextjejer Escorts Sverige Escorts","description":"Petra28 \u00e4r en tjej som \u00e4r tillg\u00e4nglig i Sverige fr\u00e5n sextjejer f\u00f6r dig att kontakta. Kontakta Petra28 idag. Sextjejer Escorter Sverige Escorter","robots":{"index":"index","follow":"follow","max-snippet":"max-snippet:-1","max-image-preview":"max-image-preview:large","max-video-preview":"max-video-preview:-1"},"canonical":"https:\/\/sextjejer.net\/se\/eskort\/petra28\/","og_locale":"sv_SE","og_type":"article","og_title":"Petra28","og_description":"Petra28 is a girl that is available in Sweden from sextjejer for you to contact. Contact Petra28 today. Sextjejer Escorts Sweden Escorts","og_url":"https:\/\/sextjejer.net\/se\/eskort\/petra28\/","og_site_name":"Sextjejer Escorts Sweden Escorts","og_image":[{"url":"https:\/\/sextjejer.net\/wp-content\/uploads\/2023\/07\/328439_1.jpg","width":1,"height":1,"type":"image\/jpeg"}],"twitter_card":"summary_large_image","schema":{"@context":"https:\/\/schema.org","@graph":[{"@type":"WebPage","@id":"https:\/\/sextjejer.net\/escort\/petra28\/","url":"https:\/\/sextjejer.net\/escort\/petra28\/","name":"Petra28 - Sextjejer Escorts Sverige Escorts","isPartOf":{"@id":"https:\/\/sextjejer.net\/#website"},"primaryImageOfPage":{"@id":"https:\/\/sextjejer.net\/escort\/petra28\/#primaryimage"},"image":{"@id":"https:\/\/sextjejer.net\/escort\/petra28\/#primaryimage"},"thumbnailUrl":"https:\/\/sextjejer.net\/wp-content\/uploads\/2023\/07\/328439_1.jpg","datePublished":"2024-04-01T07:18:38+00:00","description":"Petra28 \u00e4r en tjej som \u00e4r tillg\u00e4nglig i Sverige fr\u00e5n sextjejer f\u00f6r dig att kontakta. Kontakta Petra28 idag. Sextjejer Escorter Sverige Escorter","breadcrumb":{"@id":"https:\/\/sextjejer.net\/escort\/petra28\/#breadcrumb"},"inLanguage":"sv-SE","potentialAction":[{"@type":"ReadAction","target":["https:\/\/sextjejer.net\/escort\/petra28\/"]}]},{"@type":"ImageObject","inLanguage":"sv-SE","@id":"https:\/\/sextjejer.net\/escort\/petra28\/#primaryimage","url":"https:\/\/sextjejer.net\/wp-content\/uploads\/2023\/07\/328439_1.jpg","contentUrl":"https:\/\/sextjejer.net\/wp-content\/uploads\/2023\/07\/328439_1.jpg","caption":"Petra28"},{"@type":"BreadcrumbList","@id":"https:\/\/sextjejer.net\/escort\/petra28\/#breadcrumb","itemListElement":[{"@type":"ListItem","position":1,"name":"Home","item":"https:\/\/sextjejer.net\/"},{"@type":"ListItem","position":2,"name":"Sextjejer Escorts in Sweden","item":"https:\/\/sextjejer.net\/"},{"@type":"ListItem","position":3,"name":"Petra28"}]},{"@type":"WebSite","@id":"https:\/\/sextjejer.net\/#website","url":"https:\/\/sextjejer.net\/","name":"Sextjejer","description":"","publisher":{"@id":"https:\/\/sextjejer.net\/#organization"},"alternateName":"Escorts","potentialAction":[{"@type":"SearchAction","target":{"@type":"EntryPoint","urlTemplate":"https:\/\/sextjejer.net\/?s={search_term_string}"},"query-input":{"@type":"PropertyValueSpecification","valueRequired":true,"valueName":"search_term_string"}}],"inLanguage":"sv-SE"},{"@type":"Organization","@id":"https:\/\/sextjejer.net\/#organization","name":"Sextjejer","url":"https:\/\/sextjejer.net\/","logo":{"@type":"ImageObject","inLanguage":"sv-SE","@id":"https:\/\/sextjejer.net\/#\/schema\/logo\/image\/","url":"https:\/\/sextjejer.net\/wp-content\/uploads\/2023\/07\/cropped-sextjejer-1.png","contentUrl":"https:\/\/sextjejer.net\/wp-content\/uploads\/2023\/07\/cropped-sextjejer-1.png","width":200,"height":48,"caption":"Sextjejer"},"image":{"@id":"https:\/\/sextjejer.net\/#\/schema\/logo\/image\/"}}]}},"_links":{"self":[{"href":"https:\/\/sextjejer.net\/se\/wp-json\/wp\/v2\/product\/328439","targetHints":{"allow":["GET"]}}],"collection":[{"href":"https:\/\/sextjejer.net\/se\/wp-json\/wp\/v2\/product"}],"about":[{"href":"https:\/\/sextjejer.net\/se\/wp-json\/wp\/v2\/types\/product"}],"wp:featuredmedia":[{"embeddable":true,"href":"https:\/\/sextjejer.net\/se\/wp-json\/wp\/v2\/media\/12374646"}],"wp:attachment":[{"href":"https:\/\/sextjejer.net\/se\/wp-json\/wp\/v2\/media?parent=328439"}],"wp:term":[{"taxonomy":"product_brand","embeddable":true,"href":"https:\/\/sextjejer.net\/se\/wp-json\/wp\/v2\/product_brand?post=328439"},{"taxonomy":"product_cat","embeddable":true,"href":"https:\/\/sextjejer.net\/se\/wp-json\/wp\/v2\/product_cat?post=328439"},{"taxonomy":"product_tag","embeddable":true,"href":"https:\/\/sextjejer.net\/se\/wp-json\/wp\/v2\/product_tag?post=328439"}],"curies":[{"name":"wp","href":"https:\/\/api.w.org\/{rel}","templated":true}]}}