{"id":328435,"date":"2023-10-27T07:21:21","date_gmt":"2023-10-27T07:21:21","guid":{"rendered":"https:\/\/sextjejer.net\/?post_type=product&#038;p=328435"},"modified":"2023-10-27T07:21:21","modified_gmt":"2023-10-27T07:21:21","slug":"ninamoulinrouge","status":"publish","type":"product","link":"https:\/\/sextjejer.net\/se\/escort\/ninamoulinrouge\/","title":{"rendered":"NinaMoulinRouge"},"content":{"rendered":"<p>Hej! Jag \u221a\u00a7r en positiv och aktiv tjej som tycker att ett bra sexliv ska ingen som \u221a\u00a7lskar det g\u221a- miste om. Jag \u221a\u00a7lskar att prova p\u221a- sex i olika former och sk\u221a\u00a7ms inte f\u221a\u2202r att s\u221a\u00a7ga det. Det \u221a\u00a7r d\u221a\u00a7rf\u221a\u2202r som jag provar den h\u221a\u00a7r sidan f\u221a\u2202r att h\u221a\u00a7r k\u221a\u00a7nner jag att jag kan jag vara mig sj\u221a\u00a7lv \ud83d\ude42<\/p>","protected":false},"excerpt":{"rendered":"<p>Hej d\u221a\u00a7r! Jag \u221a\u00a7r en positiv och aktiv tjej som tycker att ett bra sexliv ska ingen som \u221a\u00a7lskar det g\u221a\u2022 miste om. Jag \u221a\u00a7lskar att prova p\u221a\u2022 sex i olika former och sk\u221a\u00a7ms inte f\u221a\u2202r att s\u221a\u00a7ga det. Det \u221a\u00a7r d\u221a\u00a7rf\u221a\u2202r som jag provar den h\u221a\u00a7r sidan f\u221a\u2202r att h\u221a\u00a7r k\u221a\u00a7nner jag att jag &hellip; <a href=\"https:\/\/sextjejer.net\/se\/escort\/ninamoulinrouge\/\" class=\"more-link\">Forts\u00e4tt l\u00e4sa <span class=\"screen-reader-text\">NinaMoulinRouge<\/span><\/a><\/p>","protected":false},"featured_media":12374511,"template":"","meta":[],"product_brand":[],"product_cat":[2635],"product_tag":[2554,2553,2544,2545,2556,2548,2549,2543,2550,2552],"class_list":{"0":"post-328435","1":"product","2":"type-product","3":"status-publish","4":"has-post-thumbnail","6":"product_cat-stockholm-escorts","7":"product_tag-asian-escorts","8":"product_tag-escort-profile","9":"product_tag-realescort","10":"product_tag-rosa-sidan-escort","11":"product_tag-sex-tjejer-com","12":"product_tag-sex-tjejer-escorts","13":"product_tag-sex-tjejer-sweden","14":"product_tag-sextjejer-escorts","15":"product_tag-svensk-onlyfans","16":"product_tag-telefonsex","17":"pa_enjoys-69-escorts","18":"pa_enjoys-big-tits-escorts","19":"pa_enjoys-blowjob-escorts","20":"pa_enjoys-cowgirl-loving-escorts","21":"pa_enjoys-deepthroat-loving-escorts","22":"pa_enjoys-experimental-escorts","23":"pa_enjoys-handcuffs-fun-loving-escorts","24":"pa_enjoys-kissing-fun-escorts","25":"pa_enjoys-long-foreplay-escorts","26":"pa_enjoys-masturbation-fun-loving-escorts","27":"pa_enjoys-natural-breasts-escorts","28":"pa_enjoys-nylon-fun-loving-escorts","29":"pa_enjoys-oral-sex-escorts","30":"pa_enjoys-role-play-escorts","31":"pa_enjoys-shaved-escorts","32":"pa_enjoys-swallow-fun-escorts","33":"pa_enjoys-uniform-wearing-escorts","34":"pa_places-stockholm-girls","35":"pa_places-vasastaden","36":"pa_places-ostermalm","37":"pa_places-norra-djurgarden","38":"pa_places-djurgarden","39":"pa_places-gamla-stan","40":"pa_places-sodermalm","41":"pa_places-sodra-hammarbyhamnen","42":"pa_places-stockholm-airport-escorts","43":"pa_places-stockholm-city-escorts","44":"pa_places-stockholm-sex","45":"pa_places-norrmalm","47":"first","48":"instock","49":"shipping-taxable","50":"product-type-external"},"yoast_head":"<!-- This site is optimized with the Yoast SEO Premium plugin v22.3 (Yoast SEO v27.3) - https:\/\/yoast.com\/product\/yoast-seo-premium-wordpress\/ -->\n<title>NinaMoulinRouge - Sextjejer Escorts Sweden Escorts<\/title>\n<meta name=\"description\" content=\"NinaMoulinRouge is a girl that is available in Sweden from sextjejer for you to contact. Contact NinaMoulinRouge today. Sextjejer Escorts Sweden Escorts\" \/>\n<meta name=\"robots\" content=\"index, follow, max-snippet:-1, max-image-preview:large, max-video-preview:-1\" \/>\n<link rel=\"canonical\" href=\"https:\/\/sextjejer.net\/se\/eskort\/ninamoulinrouge\/\" \/>\n<meta property=\"og:locale\" content=\"sv_SE\" \/>\n<meta property=\"og:type\" content=\"article\" \/>\n<meta property=\"og:title\" content=\"NinaMoulinRouge\" \/>\n<meta property=\"og:description\" content=\"NinaMoulinRouge is a girl that is available in Sweden from sextjejer for you to contact. Contact NinaMoulinRouge today. Sextjejer Escorts Sweden Escorts\" \/>\n<meta property=\"og:url\" content=\"https:\/\/sextjejer.net\/se\/eskort\/ninamoulinrouge\/\" \/>\n<meta property=\"og:site_name\" content=\"Sextjejer Escorts Sweden Escorts\" \/>\n<meta property=\"og:image\" content=\"https:\/\/sextjejer.net\/wp-content\/uploads\/2023\/07\/328435_1.jpg\" \/>\n\t<meta property=\"og:image:width\" content=\"1\" \/>\n\t<meta property=\"og:image:height\" content=\"1\" \/>\n\t<meta property=\"og:image:type\" content=\"image\/jpeg\" \/>\n<meta name=\"twitter:card\" content=\"summary_large_image\" \/>\n<script type=\"application\/ld+json\" class=\"yoast-schema-graph\">{\"@context\":\"https:\\\/\\\/schema.org\",\"@graph\":[{\"@type\":\"WebPage\",\"@id\":\"https:\\\/\\\/sextjejer.net\\\/escort\\\/ninamoulinrouge\\\/\",\"url\":\"https:\\\/\\\/sextjejer.net\\\/escort\\\/ninamoulinrouge\\\/\",\"name\":\"NinaMoulinRouge - Sextjejer Escorts Sweden Escorts\",\"isPartOf\":{\"@id\":\"https:\\\/\\\/sextjejer.net\\\/#website\"},\"primaryImageOfPage\":{\"@id\":\"https:\\\/\\\/sextjejer.net\\\/escort\\\/ninamoulinrouge\\\/#primaryimage\"},\"image\":{\"@id\":\"https:\\\/\\\/sextjejer.net\\\/escort\\\/ninamoulinrouge\\\/#primaryimage\"},\"thumbnailUrl\":\"https:\\\/\\\/sextjejer.net\\\/wp-content\\\/uploads\\\/2023\\\/07\\\/328435_1.jpg\",\"datePublished\":\"2023-10-27T07:21:21+00:00\",\"description\":\"NinaMoulinRouge is a girl that is available in Sweden from sextjejer for you to contact. Contact NinaMoulinRouge today. Sextjejer Escorts Sweden Escorts\",\"breadcrumb\":{\"@id\":\"https:\\\/\\\/sextjejer.net\\\/escort\\\/ninamoulinrouge\\\/#breadcrumb\"},\"inLanguage\":\"sv-SE\",\"potentialAction\":[{\"@type\":\"ReadAction\",\"target\":[\"https:\\\/\\\/sextjejer.net\\\/escort\\\/ninamoulinrouge\\\/\"]}]},{\"@type\":\"ImageObject\",\"inLanguage\":\"sv-SE\",\"@id\":\"https:\\\/\\\/sextjejer.net\\\/escort\\\/ninamoulinrouge\\\/#primaryimage\",\"url\":\"https:\\\/\\\/sextjejer.net\\\/wp-content\\\/uploads\\\/2023\\\/07\\\/328435_1.jpg\",\"contentUrl\":\"https:\\\/\\\/sextjejer.net\\\/wp-content\\\/uploads\\\/2023\\\/07\\\/328435_1.jpg\",\"caption\":\"NinaMoulinRouge\"},{\"@type\":\"BreadcrumbList\",\"@id\":\"https:\\\/\\\/sextjejer.net\\\/escort\\\/ninamoulinrouge\\\/#breadcrumb\",\"itemListElement\":[{\"@type\":\"ListItem\",\"position\":1,\"name\":\"Home\",\"item\":\"https:\\\/\\\/sextjejer.net\\\/\"},{\"@type\":\"ListItem\",\"position\":2,\"name\":\"Sextjejer Escorts in Sweden\",\"item\":\"https:\\\/\\\/sextjejer.net\\\/\"},{\"@type\":\"ListItem\",\"position\":3,\"name\":\"NinaMoulinRouge\"}]},{\"@type\":\"WebSite\",\"@id\":\"https:\\\/\\\/sextjejer.net\\\/#website\",\"url\":\"https:\\\/\\\/sextjejer.net\\\/\",\"name\":\"Sextjejer\",\"description\":\"\",\"publisher\":{\"@id\":\"https:\\\/\\\/sextjejer.net\\\/#organization\"},\"alternateName\":\"Escorts\",\"potentialAction\":[{\"@type\":\"SearchAction\",\"target\":{\"@type\":\"EntryPoint\",\"urlTemplate\":\"https:\\\/\\\/sextjejer.net\\\/?s={search_term_string}\"},\"query-input\":{\"@type\":\"PropertyValueSpecification\",\"valueRequired\":true,\"valueName\":\"search_term_string\"}}],\"inLanguage\":\"sv-SE\"},{\"@type\":\"Organization\",\"@id\":\"https:\\\/\\\/sextjejer.net\\\/#organization\",\"name\":\"Sextjejer\",\"url\":\"https:\\\/\\\/sextjejer.net\\\/\",\"logo\":{\"@type\":\"ImageObject\",\"inLanguage\":\"sv-SE\",\"@id\":\"https:\\\/\\\/sextjejer.net\\\/#\\\/schema\\\/logo\\\/image\\\/\",\"url\":\"https:\\\/\\\/sextjejer.net\\\/wp-content\\\/uploads\\\/2023\\\/07\\\/cropped-sextjejer-1.png\",\"contentUrl\":\"https:\\\/\\\/sextjejer.net\\\/wp-content\\\/uploads\\\/2023\\\/07\\\/cropped-sextjejer-1.png\",\"width\":200,\"height\":48,\"caption\":\"Sextjejer\"},\"image\":{\"@id\":\"https:\\\/\\\/sextjejer.net\\\/#\\\/schema\\\/logo\\\/image\\\/\"}}]}<\/script>\n<!-- \/ Yoast SEO Premium plugin. -->","yoast_head_json":{"title":"NinaMoulinRouge - Sextjejer Escorts Sverige Escorts","description":"NinaMoulinRouge \u00e4r en tjej som \u00e4r tillg\u00e4nglig i Sverige fr\u00e5n sextjejer f\u00f6r dig att kontakta. Kontakta NinaMoulinRouge redan idag. Sextjejer Escorter Sverige Escorter","robots":{"index":"index","follow":"follow","max-snippet":"max-snippet:-1","max-image-preview":"max-image-preview:large","max-video-preview":"max-video-preview:-1"},"canonical":"https:\/\/sextjejer.net\/se\/eskort\/ninamoulinrouge\/","og_locale":"sv_SE","og_type":"article","og_title":"NinaMoulinRouge","og_description":"NinaMoulinRouge is a girl that is available in Sweden from sextjejer for you to contact. Contact NinaMoulinRouge today. Sextjejer Escorts Sweden Escorts","og_url":"https:\/\/sextjejer.net\/se\/eskort\/ninamoulinrouge\/","og_site_name":"Sextjejer Escorts Sweden Escorts","og_image":[{"url":"https:\/\/sextjejer.net\/wp-content\/uploads\/2023\/07\/328435_1.jpg","width":1,"height":1,"type":"image\/jpeg"}],"twitter_card":"summary_large_image","schema":{"@context":"https:\/\/schema.org","@graph":[{"@type":"WebPage","@id":"https:\/\/sextjejer.net\/escort\/ninamoulinrouge\/","url":"https:\/\/sextjejer.net\/escort\/ninamoulinrouge\/","name":"NinaMoulinRouge - Sextjejer Escorts Sverige Escorts","isPartOf":{"@id":"https:\/\/sextjejer.net\/#website"},"primaryImageOfPage":{"@id":"https:\/\/sextjejer.net\/escort\/ninamoulinrouge\/#primaryimage"},"image":{"@id":"https:\/\/sextjejer.net\/escort\/ninamoulinrouge\/#primaryimage"},"thumbnailUrl":"https:\/\/sextjejer.net\/wp-content\/uploads\/2023\/07\/328435_1.jpg","datePublished":"2023-10-27T07:21:21+00:00","description":"NinaMoulinRouge \u00e4r en tjej som \u00e4r tillg\u00e4nglig i Sverige fr\u00e5n sextjejer f\u00f6r dig att kontakta. Kontakta NinaMoulinRouge redan idag. Sextjejer Escorter Sverige Escorter","breadcrumb":{"@id":"https:\/\/sextjejer.net\/escort\/ninamoulinrouge\/#breadcrumb"},"inLanguage":"sv-SE","potentialAction":[{"@type":"ReadAction","target":["https:\/\/sextjejer.net\/escort\/ninamoulinrouge\/"]}]},{"@type":"ImageObject","inLanguage":"sv-SE","@id":"https:\/\/sextjejer.net\/escort\/ninamoulinrouge\/#primaryimage","url":"https:\/\/sextjejer.net\/wp-content\/uploads\/2023\/07\/328435_1.jpg","contentUrl":"https:\/\/sextjejer.net\/wp-content\/uploads\/2023\/07\/328435_1.jpg","caption":"NinaMoulinRouge"},{"@type":"BreadcrumbList","@id":"https:\/\/sextjejer.net\/escort\/ninamoulinrouge\/#breadcrumb","itemListElement":[{"@type":"ListItem","position":1,"name":"Home","item":"https:\/\/sextjejer.net\/"},{"@type":"ListItem","position":2,"name":"Sextjejer Escorts in Sweden","item":"https:\/\/sextjejer.net\/"},{"@type":"ListItem","position":3,"name":"NinaMoulinRouge"}]},{"@type":"WebSite","@id":"https:\/\/sextjejer.net\/#website","url":"https:\/\/sextjejer.net\/","name":"Sextjejer","description":"","publisher":{"@id":"https:\/\/sextjejer.net\/#organization"},"alternateName":"Escorts","potentialAction":[{"@type":"SearchAction","target":{"@type":"EntryPoint","urlTemplate":"https:\/\/sextjejer.net\/?s={search_term_string}"},"query-input":{"@type":"PropertyValueSpecification","valueRequired":true,"valueName":"search_term_string"}}],"inLanguage":"sv-SE"},{"@type":"Organization","@id":"https:\/\/sextjejer.net\/#organization","name":"Sextjejer","url":"https:\/\/sextjejer.net\/","logo":{"@type":"ImageObject","inLanguage":"sv-SE","@id":"https:\/\/sextjejer.net\/#\/schema\/logo\/image\/","url":"https:\/\/sextjejer.net\/wp-content\/uploads\/2023\/07\/cropped-sextjejer-1.png","contentUrl":"https:\/\/sextjejer.net\/wp-content\/uploads\/2023\/07\/cropped-sextjejer-1.png","width":200,"height":48,"caption":"Sextjejer"},"image":{"@id":"https:\/\/sextjejer.net\/#\/schema\/logo\/image\/"}}]}},"_links":{"self":[{"href":"https:\/\/sextjejer.net\/se\/wp-json\/wp\/v2\/product\/328435","targetHints":{"allow":["GET"]}}],"collection":[{"href":"https:\/\/sextjejer.net\/se\/wp-json\/wp\/v2\/product"}],"about":[{"href":"https:\/\/sextjejer.net\/se\/wp-json\/wp\/v2\/types\/product"}],"wp:featuredmedia":[{"embeddable":true,"href":"https:\/\/sextjejer.net\/se\/wp-json\/wp\/v2\/media\/12374511"}],"wp:attachment":[{"href":"https:\/\/sextjejer.net\/se\/wp-json\/wp\/v2\/media?parent=328435"}],"wp:term":[{"taxonomy":"product_brand","embeddable":true,"href":"https:\/\/sextjejer.net\/se\/wp-json\/wp\/v2\/product_brand?post=328435"},{"taxonomy":"product_cat","embeddable":true,"href":"https:\/\/sextjejer.net\/se\/wp-json\/wp\/v2\/product_cat?post=328435"},{"taxonomy":"product_tag","embeddable":true,"href":"https:\/\/sextjejer.net\/se\/wp-json\/wp\/v2\/product_tag?post=328435"}],"curies":[{"name":"wp","href":"https:\/\/api.w.org\/{rel}","templated":true}]}}