{"id":328425,"date":"2023-10-24T07:18:47","date_gmt":"2023-10-24T07:18:47","guid":{"rendered":"https:\/\/sextjejer.net\/?post_type=product&#038;p=328425"},"modified":"2023-10-24T07:18:47","modified_gmt":"2023-10-24T07:18:47","slug":"elizame","status":"publish","type":"product","link":"https:\/\/sextjejer.net\/se\/escort\/elizame\/","title":{"rendered":"ElizaMe"},"content":{"rendered":"<p>Har precis kommit till Sverige fr\u00e5n Grekland f\u00f6r studier, v\u00e4ldigt exalterad \u00f6ver att uppt\u00e4cka Stockholm och dess sexiga m\u00e4n! Jag \u00e4r s\u00e4ker p\u00e5 att det finns sexiga svenska m\u00e4n d\u00e4r borta som kontaktar mig f\u00f6r att g\u00f6ra lite busiga saker v\u00e4ldigt mycket snart, eller hur? Vem \u00e4r intresserad??? \ud83d\ude09<\/p>","protected":false},"excerpt":{"rendered":"<p>Har precis kommit till Sverige fr\u00e5n Grekland f\u00f6r studier, v\u00e4ldigt exalterad \u00f6ver att uppt\u00e4cka Stockholm och dess sexiga m\u00e4n! Jag \u00e4r s\u00e4ker p\u00e5 att det finns sexiga svenska m\u00e4n d\u00e4r borta som kontaktar mig f\u00f6r att g\u00f6ra lite busiga saker v\u00e4ldigt mycket snart, eller hur? Vem \u00e4r intresserad??? \ud83d\ude09<\/p>","protected":false},"featured_media":12374486,"template":"","meta":[],"product_brand":[],"product_cat":[2635],"product_tag":[2554,2553,2544,2545,2556,2548,2549,2543,2550,2552],"class_list":{"0":"post-328425","1":"product","2":"type-product","3":"status-publish","4":"has-post-thumbnail","6":"product_cat-stockholm-escorts","7":"product_tag-asian-escorts","8":"product_tag-escort-profile","9":"product_tag-realescort","10":"product_tag-rosa-sidan-escort","11":"product_tag-sex-tjejer-com","12":"product_tag-sex-tjejer-escorts","13":"product_tag-sex-tjejer-sweden","14":"product_tag-sextjejer-escorts","15":"product_tag-svensk-onlyfans","16":"product_tag-telefonsex","17":"pa_enjoys-69-escorts","18":"pa_enjoys-anal-loving-escorts","19":"pa_enjoys-blowjob-escorts","20":"pa_enjoys-cowgirl-loving-escorts","21":"pa_enjoys-dildo-fun-loving-escorts","22":"pa_enjoys-doggy-style-loving-escorts","23":"pa_enjoys-experimental-escorts","24":"pa_enjoys-footjob-escorts","25":"pa_enjoys-handcuffs-fun-loving-escorts","26":"pa_enjoys-kissing-fun-escorts","27":"pa_enjoys-lingerie-wearing-escorts","28":"pa_enjoys-long-foreplay-escorts","29":"pa_enjoys-mature-escorts","30":"pa_enjoys-muscles-loving-escorts","31":"pa_enjoys-mystical-fun-loving-escorts","32":"pa_enjoys-oral-sex-escorts","33":"pa_enjoys-role-play-escorts","34":"pa_enjoys-sex-toys-escorts","35":"pa_enjoys-spanking-escorts","36":"pa_enjoys-straight-sex-loving-escorts","37":"pa_places-ostermalm","38":"pa_places-norra-djurgarden","39":"pa_places-djurgarden","40":"pa_places-gamla-stan","41":"pa_places-sodermalm","42":"pa_places-sodra-hammarbyhamnen","43":"pa_places-stockholm-airport-escorts","44":"pa_places-stockholm-city-escorts","45":"pa_places-stockholm-sex","46":"pa_places-norrmalm","47":"pa_places-stockholm-girls","48":"pa_places-vasastaden","50":"first","51":"instock","52":"shipping-taxable","53":"product-type-external"},"yoast_head":"<!-- This site is optimized with the Yoast SEO Premium plugin v22.3 (Yoast SEO v27.0) - https:\/\/yoast.com\/product\/yoast-seo-premium-wordpress\/ -->\n<title>ElizaMe - Sextjejer Escorts Sweden Escorts<\/title>\n<meta name=\"description\" content=\"ElizaMe is a girl that is available in Sweden from sextjejer for you to contact. Contact ElizaMe today. Sextjejer Escorts Sweden Escorts\" \/>\n<meta name=\"robots\" content=\"index, follow, max-snippet:-1, max-image-preview:large, max-video-preview:-1\" \/>\n<link rel=\"canonical\" href=\"https:\/\/sextjejer.net\/se\/eskort\/elizame\/\" \/>\n<meta property=\"og:locale\" content=\"sv_SE\" \/>\n<meta property=\"og:type\" content=\"article\" \/>\n<meta property=\"og:title\" content=\"ElizaMe\" \/>\n<meta property=\"og:description\" content=\"ElizaMe is a girl that is available in Sweden from sextjejer for you to contact. Contact ElizaMe today. Sextjejer Escorts Sweden Escorts\" \/>\n<meta property=\"og:url\" content=\"https:\/\/sextjejer.net\/se\/eskort\/elizame\/\" \/>\n<meta property=\"og:site_name\" content=\"Sextjejer Escorts Sweden Escorts\" \/>\n<meta property=\"og:image\" content=\"https:\/\/sextjejer.net\/wp-content\/uploads\/2023\/07\/328425_1.jpg\" \/>\n\t<meta property=\"og:image:width\" content=\"1\" \/>\n\t<meta property=\"og:image:height\" content=\"1\" \/>\n\t<meta property=\"og:image:type\" content=\"image\/jpeg\" \/>\n<meta name=\"twitter:card\" content=\"summary_large_image\" \/>\n<script type=\"application\/ld+json\" class=\"yoast-schema-graph\">{\"@context\":\"https:\/\/schema.org\",\"@graph\":[{\"@type\":\"WebPage\",\"@id\":\"https:\/\/sextjejer.net\/escort\/elizame\/\",\"url\":\"https:\/\/sextjejer.net\/escort\/elizame\/\",\"name\":\"ElizaMe - Sextjejer Escorts Sweden Escorts\",\"isPartOf\":{\"@id\":\"https:\/\/sextjejer.net\/#website\"},\"primaryImageOfPage\":{\"@id\":\"https:\/\/sextjejer.net\/escort\/elizame\/#primaryimage\"},\"image\":{\"@id\":\"https:\/\/sextjejer.net\/escort\/elizame\/#primaryimage\"},\"thumbnailUrl\":\"https:\/\/sextjejer.net\/wp-content\/uploads\/2023\/07\/328425_1.jpg\",\"datePublished\":\"2023-10-24T07:18:47+00:00\",\"description\":\"ElizaMe is a girl that is available in Sweden from sextjejer for you to contact. Contact ElizaMe today. Sextjejer Escorts Sweden Escorts\",\"breadcrumb\":{\"@id\":\"https:\/\/sextjejer.net\/escort\/elizame\/#breadcrumb\"},\"inLanguage\":\"sv-SE\",\"potentialAction\":[{\"@type\":\"ReadAction\",\"target\":[\"https:\/\/sextjejer.net\/escort\/elizame\/\"]}]},{\"@type\":\"ImageObject\",\"inLanguage\":\"sv-SE\",\"@id\":\"https:\/\/sextjejer.net\/escort\/elizame\/#primaryimage\",\"url\":\"https:\/\/sextjejer.net\/wp-content\/uploads\/2023\/07\/328425_1.jpg\",\"contentUrl\":\"https:\/\/sextjejer.net\/wp-content\/uploads\/2023\/07\/328425_1.jpg\",\"caption\":\"ElizaMe\"},{\"@type\":\"BreadcrumbList\",\"@id\":\"https:\/\/sextjejer.net\/escort\/elizame\/#breadcrumb\",\"itemListElement\":[{\"@type\":\"ListItem\",\"position\":1,\"name\":\"Home\",\"item\":\"https:\/\/sextjejer.net\/\"},{\"@type\":\"ListItem\",\"position\":2,\"name\":\"Sextjejer Escorts in Sweden\",\"item\":\"https:\/\/sextjejer.net\/\"},{\"@type\":\"ListItem\",\"position\":3,\"name\":\"ElizaMe\"}]},{\"@type\":\"WebSite\",\"@id\":\"https:\/\/sextjejer.net\/#website\",\"url\":\"https:\/\/sextjejer.net\/\",\"name\":\"Sextjejer\",\"description\":\"\",\"publisher\":{\"@id\":\"https:\/\/sextjejer.net\/#organization\"},\"alternateName\":\"Escorts\",\"potentialAction\":[{\"@type\":\"SearchAction\",\"target\":{\"@type\":\"EntryPoint\",\"urlTemplate\":\"https:\/\/sextjejer.net\/?s={search_term_string}\"},\"query-input\":{\"@type\":\"PropertyValueSpecification\",\"valueRequired\":true,\"valueName\":\"search_term_string\"}}],\"inLanguage\":\"sv-SE\"},{\"@type\":\"Organization\",\"@id\":\"https:\/\/sextjejer.net\/#organization\",\"name\":\"Sextjejer\",\"url\":\"https:\/\/sextjejer.net\/\",\"logo\":{\"@type\":\"ImageObject\",\"inLanguage\":\"sv-SE\",\"@id\":\"https:\/\/sextjejer.net\/#\/schema\/logo\/image\/\",\"url\":\"https:\/\/sextjejer.net\/wp-content\/uploads\/2023\/07\/cropped-sextjejer-1.png\",\"contentUrl\":\"https:\/\/sextjejer.net\/wp-content\/uploads\/2023\/07\/cropped-sextjejer-1.png\",\"width\":200,\"height\":48,\"caption\":\"Sextjejer\"},\"image\":{\"@id\":\"https:\/\/sextjejer.net\/#\/schema\/logo\/image\/\"}}]}<\/script>\n<!-- \/ Yoast SEO Premium plugin. -->","yoast_head_json":{"title":"ElizaMe - Sextjejer Eskorter Sverige Eskorter","description":"ElizaMe \u00e4r en tjej som finns tillg\u00e4nglig i Sverige fr\u00e5n sextjejer f\u00f6r dig att kontakta. Kontakta ElizaMe idag. Sextjejer Eskorter Sverige Eskorter","robots":{"index":"index","follow":"follow","max-snippet":"max-snippet:-1","max-image-preview":"max-image-preview:large","max-video-preview":"max-video-preview:-1"},"canonical":"https:\/\/sextjejer.net\/se\/eskort\/elizame\/","og_locale":"sv_SE","og_type":"article","og_title":"ElizaMe","og_description":"ElizaMe is a girl that is available in Sweden from sextjejer for you to contact. Contact ElizaMe today. Sextjejer Escorts Sweden Escorts","og_url":"https:\/\/sextjejer.net\/se\/eskort\/elizame\/","og_site_name":"Sextjejer Escorts Sweden Escorts","og_image":[{"url":"https:\/\/sextjejer.net\/wp-content\/uploads\/2023\/07\/328425_1.jpg","width":1,"height":1,"type":"image\/jpeg"}],"twitter_card":"summary_large_image","schema":{"@context":"https:\/\/schema.org","@graph":[{"@type":"WebPage","@id":"https:\/\/sextjejer.net\/escort\/elizame\/","url":"https:\/\/sextjejer.net\/escort\/elizame\/","name":"ElizaMe - Sextjejer Eskorter Sverige Eskorter","isPartOf":{"@id":"https:\/\/sextjejer.net\/#website"},"primaryImageOfPage":{"@id":"https:\/\/sextjejer.net\/escort\/elizame\/#primaryimage"},"image":{"@id":"https:\/\/sextjejer.net\/escort\/elizame\/#primaryimage"},"thumbnailUrl":"https:\/\/sextjejer.net\/wp-content\/uploads\/2023\/07\/328425_1.jpg","datePublished":"2023-10-24T07:18:47+00:00","description":"ElizaMe \u00e4r en tjej som finns tillg\u00e4nglig i Sverige fr\u00e5n sextjejer f\u00f6r dig att kontakta. Kontakta ElizaMe idag. Sextjejer Eskorter Sverige Eskorter","breadcrumb":{"@id":"https:\/\/sextjejer.net\/escort\/elizame\/#breadcrumb"},"inLanguage":"sv-SE","potentialAction":[{"@type":"ReadAction","target":["https:\/\/sextjejer.net\/escort\/elizame\/"]}]},{"@type":"ImageObject","inLanguage":"sv-SE","@id":"https:\/\/sextjejer.net\/escort\/elizame\/#primaryimage","url":"https:\/\/sextjejer.net\/wp-content\/uploads\/2023\/07\/328425_1.jpg","contentUrl":"https:\/\/sextjejer.net\/wp-content\/uploads\/2023\/07\/328425_1.jpg","caption":"ElizaMe"},{"@type":"BreadcrumbList","@id":"https:\/\/sextjejer.net\/escort\/elizame\/#breadcrumb","itemListElement":[{"@type":"ListItem","position":1,"name":"Home","item":"https:\/\/sextjejer.net\/"},{"@type":"ListItem","position":2,"name":"Sextjejer Escorts in Sweden","item":"https:\/\/sextjejer.net\/"},{"@type":"ListItem","position":3,"name":"ElizaMe"}]},{"@type":"WebSite","@id":"https:\/\/sextjejer.net\/#website","url":"https:\/\/sextjejer.net\/","name":"Sextjejer","description":"","publisher":{"@id":"https:\/\/sextjejer.net\/#organization"},"alternateName":"Escorts","potentialAction":[{"@type":"SearchAction","target":{"@type":"EntryPoint","urlTemplate":"https:\/\/sextjejer.net\/?s={search_term_string}"},"query-input":{"@type":"PropertyValueSpecification","valueRequired":true,"valueName":"search_term_string"}}],"inLanguage":"sv-SE"},{"@type":"Organization","@id":"https:\/\/sextjejer.net\/#organization","name":"Sextjejer","url":"https:\/\/sextjejer.net\/","logo":{"@type":"ImageObject","inLanguage":"sv-SE","@id":"https:\/\/sextjejer.net\/#\/schema\/logo\/image\/","url":"https:\/\/sextjejer.net\/wp-content\/uploads\/2023\/07\/cropped-sextjejer-1.png","contentUrl":"https:\/\/sextjejer.net\/wp-content\/uploads\/2023\/07\/cropped-sextjejer-1.png","width":200,"height":48,"caption":"Sextjejer"},"image":{"@id":"https:\/\/sextjejer.net\/#\/schema\/logo\/image\/"}}]}},"_links":{"self":[{"href":"https:\/\/sextjejer.net\/se\/wp-json\/wp\/v2\/product\/328425","targetHints":{"allow":["GET"]}}],"collection":[{"href":"https:\/\/sextjejer.net\/se\/wp-json\/wp\/v2\/product"}],"about":[{"href":"https:\/\/sextjejer.net\/se\/wp-json\/wp\/v2\/types\/product"}],"wp:featuredmedia":[{"embeddable":true,"href":"https:\/\/sextjejer.net\/se\/wp-json\/wp\/v2\/media\/12374486"}],"wp:attachment":[{"href":"https:\/\/sextjejer.net\/se\/wp-json\/wp\/v2\/media?parent=328425"}],"wp:term":[{"taxonomy":"product_brand","embeddable":true,"href":"https:\/\/sextjejer.net\/se\/wp-json\/wp\/v2\/product_brand?post=328425"},{"taxonomy":"product_cat","embeddable":true,"href":"https:\/\/sextjejer.net\/se\/wp-json\/wp\/v2\/product_cat?post=328425"},{"taxonomy":"product_tag","embeddable":true,"href":"https:\/\/sextjejer.net\/se\/wp-json\/wp\/v2\/product_tag?post=328425"}],"curies":[{"name":"wp","href":"https:\/\/api.w.org\/{rel}","templated":true}]}}