{"id":325942,"date":"2023-07-27T07:48:21","date_gmt":"2023-07-27T07:48:21","guid":{"rendered":"https:\/\/sextjejer.net\/?post_type=product&#038;p=325942"},"modified":"2023-07-27T07:48:29","modified_gmt":"2023-07-27T07:48:29","slug":"spermaharen","status":"publish","type":"product","link":"https:\/\/sextjejer.net\/se\/escort\/spermaharen\/","title":{"rendered":"Spermaharen"},"content":{"rendered":"<p>Hej. Jag ska vara \u221a\u00a7rlig och s\u221a\u00a7ga som det \u221a\u00a7r men jag beh\u221a\u2202ver f\u221a\u2022 mera kuk i mitt liv. Konstant k\u221a\u2022t och ingenting tillg\u221a\u00a7ngligt. S\u221a\u2022 frustrerande.<\/p>","protected":false},"excerpt":{"rendered":"<p>Hej. Jag ska vara \u221a\u00a7rlig och s\u221a\u00a7ga som det \u221a\u00a7r men jag beh\u221a\u2202ver f\u221a\u2022 mera kuk i mitt liv. Konstant k\u221a\u2022t och ingenting tillg\u221a\u00a7ngligt. S\u221a\u2022 frustrerande.<\/p>","protected":false},"featured_media":12372925,"template":"","meta":[],"product_brand":[],"product_cat":[2616],"product_tag":[2554,2553,2544,2545,2556,2548,2549,2543,2550,2552],"class_list":{"0":"post-325942","1":"product","2":"type-product","3":"status-publish","4":"has-post-thumbnail","6":"product_cat-karlstad-escorts","7":"product_tag-asian-escorts","8":"product_tag-escort-profile","9":"product_tag-realescort","10":"product_tag-rosa-sidan-escort","11":"product_tag-sex-tjejer-com","12":"product_tag-sex-tjejer-escorts","13":"product_tag-sex-tjejer-sweden","14":"product_tag-sextjejer-escorts","15":"product_tag-svensk-onlyfans","16":"product_tag-telefonsex","17":"pa_enjoys-69-escorts","18":"pa_enjoys-anal-loving-escorts","19":"pa_enjoys-being-dominated","20":"pa_enjoys-butt-plug-loving-escorts","21":"pa_enjoys-deepthroat-loving-escorts","22":"pa_enjoys-dildo-fun-loving-escorts","23":"pa_enjoys-experimental-escorts","24":"pa_enjoys-facials-fun-loving-escorts","25":"pa_enjoys-masturbation-fun-loving-escorts","26":"pa_enjoys-missionary-loving-escorts","27":"pa_enjoys-muscles-loving-escorts","28":"pa_enjoys-oral-sex-escorts","29":"pa_enjoys-orgy-escorts","30":"pa_enjoys-public-escorts","31":"pa_enjoys-reverse-cowgirl-escorts","32":"pa_enjoys-role-play-escorts","33":"pa_enjoys-sex-toys-escorts","34":"pa_enjoys-spooning-loving-escorts","35":"pa_enjoys-squirting-escorts","36":"pa_enjoys-swallow-fun-escorts","37":"pa_enjoys-threesome-fun-escorts","39":"first","40":"instock","41":"shipping-taxable","42":"product-type-external"},"yoast_head":"<!-- This site is optimized with the Yoast SEO Premium plugin v22.3 (Yoast SEO v27.0) - https:\/\/yoast.com\/product\/yoast-seo-premium-wordpress\/ -->\n<title>Spermaharen - Sextjejer Escorts Sweden Escorts<\/title>\n<meta name=\"description\" content=\"Spermaharen is a girl that is available in Sweden from sextjejer for you to contact. Contact Spermaharen today. Sextjejer Escorts Sweden Escorts\" \/>\n<meta name=\"robots\" content=\"index, follow, max-snippet:-1, max-image-preview:large, max-video-preview:-1\" \/>\n<link rel=\"canonical\" href=\"https:\/\/sextjejer.net\/se\/eskort\/spermaharen\/\" \/>\n<meta property=\"og:locale\" content=\"sv_SE\" \/>\n<meta property=\"og:type\" content=\"article\" \/>\n<meta property=\"og:title\" content=\"Spermaharen\" \/>\n<meta property=\"og:description\" content=\"Spermaharen is a girl that is available in Sweden from sextjejer for you to contact. Contact Spermaharen today. Sextjejer Escorts Sweden Escorts\" \/>\n<meta property=\"og:url\" content=\"https:\/\/sextjejer.net\/se\/eskort\/spermaharen\/\" \/>\n<meta property=\"og:site_name\" content=\"Sextjejer Escorts Sweden Escorts\" \/>\n<meta property=\"article:modified_time\" content=\"2023-07-27T07:48:29+00:00\" \/>\n<meta property=\"og:image\" content=\"https:\/\/sextjejer.net\/wp-content\/uploads\/2023\/07\/325942_50.jpg\" \/>\n\t<meta property=\"og:image:width\" content=\"1\" \/>\n\t<meta property=\"og:image:height\" content=\"1\" \/>\n\t<meta property=\"og:image:type\" content=\"image\/jpeg\" \/>\n<meta name=\"twitter:card\" content=\"summary_large_image\" \/>\n<script type=\"application\/ld+json\" class=\"yoast-schema-graph\">{\"@context\":\"https:\/\/schema.org\",\"@graph\":[{\"@type\":\"WebPage\",\"@id\":\"https:\/\/sextjejer.net\/escort\/spermaharen\/\",\"url\":\"https:\/\/sextjejer.net\/escort\/spermaharen\/\",\"name\":\"Spermaharen - Sextjejer Escorts Sweden Escorts\",\"isPartOf\":{\"@id\":\"https:\/\/sextjejer.net\/#website\"},\"primaryImageOfPage\":{\"@id\":\"https:\/\/sextjejer.net\/escort\/spermaharen\/#primaryimage\"},\"image\":{\"@id\":\"https:\/\/sextjejer.net\/escort\/spermaharen\/#primaryimage\"},\"thumbnailUrl\":\"https:\/\/sextjejer.net\/wp-content\/uploads\/2023\/07\/325942_50.jpg\",\"datePublished\":\"2023-07-27T07:48:21+00:00\",\"dateModified\":\"2023-07-27T07:48:29+00:00\",\"description\":\"Spermaharen is a girl that is available in Sweden from sextjejer for you to contact. Contact Spermaharen today. Sextjejer Escorts Sweden Escorts\",\"breadcrumb\":{\"@id\":\"https:\/\/sextjejer.net\/escort\/spermaharen\/#breadcrumb\"},\"inLanguage\":\"sv-SE\",\"potentialAction\":[{\"@type\":\"ReadAction\",\"target\":[\"https:\/\/sextjejer.net\/escort\/spermaharen\/\"]}]},{\"@type\":\"ImageObject\",\"inLanguage\":\"sv-SE\",\"@id\":\"https:\/\/sextjejer.net\/escort\/spermaharen\/#primaryimage\",\"url\":\"https:\/\/sextjejer.net\/wp-content\/uploads\/2023\/07\/325942_50.jpg\",\"contentUrl\":\"https:\/\/sextjejer.net\/wp-content\/uploads\/2023\/07\/325942_50.jpg\",\"caption\":\"Spermaharen\"},{\"@type\":\"BreadcrumbList\",\"@id\":\"https:\/\/sextjejer.net\/escort\/spermaharen\/#breadcrumb\",\"itemListElement\":[{\"@type\":\"ListItem\",\"position\":1,\"name\":\"Home\",\"item\":\"https:\/\/sextjejer.net\/\"},{\"@type\":\"ListItem\",\"position\":2,\"name\":\"Sextjejer Escorts in Sweden\",\"item\":\"https:\/\/sextjejer.net\/\"},{\"@type\":\"ListItem\",\"position\":3,\"name\":\"Spermaharen\"}]},{\"@type\":\"WebSite\",\"@id\":\"https:\/\/sextjejer.net\/#website\",\"url\":\"https:\/\/sextjejer.net\/\",\"name\":\"Sextjejer\",\"description\":\"\",\"publisher\":{\"@id\":\"https:\/\/sextjejer.net\/#organization\"},\"alternateName\":\"Escorts\",\"potentialAction\":[{\"@type\":\"SearchAction\",\"target\":{\"@type\":\"EntryPoint\",\"urlTemplate\":\"https:\/\/sextjejer.net\/?s={search_term_string}\"},\"query-input\":{\"@type\":\"PropertyValueSpecification\",\"valueRequired\":true,\"valueName\":\"search_term_string\"}}],\"inLanguage\":\"sv-SE\"},{\"@type\":\"Organization\",\"@id\":\"https:\/\/sextjejer.net\/#organization\",\"name\":\"Sextjejer\",\"url\":\"https:\/\/sextjejer.net\/\",\"logo\":{\"@type\":\"ImageObject\",\"inLanguage\":\"sv-SE\",\"@id\":\"https:\/\/sextjejer.net\/#\/schema\/logo\/image\/\",\"url\":\"https:\/\/sextjejer.net\/wp-content\/uploads\/2023\/07\/cropped-sextjejer-1.png\",\"contentUrl\":\"https:\/\/sextjejer.net\/wp-content\/uploads\/2023\/07\/cropped-sextjejer-1.png\",\"width\":200,\"height\":48,\"caption\":\"Sextjejer\"},\"image\":{\"@id\":\"https:\/\/sextjejer.net\/#\/schema\/logo\/image\/\"}}]}<\/script>\n<!-- \/ Yoast SEO Premium plugin. -->","yoast_head_json":{"title":"Spermaharen - Sextjejer Eskorter Sverige Eskorter","description":"Spermaharen \u00e4r en tjej som finns tillg\u00e4nglig i Sverige fr\u00e5n sextjejer f\u00f6r dig att kontakta. Kontakta Spermaharen idag. Sextjejer Eskorter Sverige Eskorter","robots":{"index":"index","follow":"follow","max-snippet":"max-snippet:-1","max-image-preview":"max-image-preview:large","max-video-preview":"max-video-preview:-1"},"canonical":"https:\/\/sextjejer.net\/se\/eskort\/spermaharen\/","og_locale":"sv_SE","og_type":"article","og_title":"Spermaharen","og_description":"Spermaharen is a girl that is available in Sweden from sextjejer for you to contact. Contact Spermaharen today. Sextjejer Escorts Sweden Escorts","og_url":"https:\/\/sextjejer.net\/se\/eskort\/spermaharen\/","og_site_name":"Sextjejer Escorts Sweden Escorts","article_modified_time":"2023-07-27T07:48:29+00:00","og_image":[{"url":"https:\/\/sextjejer.net\/wp-content\/uploads\/2023\/07\/325942_50.jpg","width":1,"height":1,"type":"image\/jpeg"}],"twitter_card":"summary_large_image","schema":{"@context":"https:\/\/schema.org","@graph":[{"@type":"WebPage","@id":"https:\/\/sextjejer.net\/escort\/spermaharen\/","url":"https:\/\/sextjejer.net\/escort\/spermaharen\/","name":"Spermaharen - Sextjejer Eskorter Sverige Eskorter","isPartOf":{"@id":"https:\/\/sextjejer.net\/#website"},"primaryImageOfPage":{"@id":"https:\/\/sextjejer.net\/escort\/spermaharen\/#primaryimage"},"image":{"@id":"https:\/\/sextjejer.net\/escort\/spermaharen\/#primaryimage"},"thumbnailUrl":"https:\/\/sextjejer.net\/wp-content\/uploads\/2023\/07\/325942_50.jpg","datePublished":"2023-07-27T07:48:21+00:00","dateModified":"2023-07-27T07:48:29+00:00","description":"Spermaharen \u00e4r en tjej som finns tillg\u00e4nglig i Sverige fr\u00e5n sextjejer f\u00f6r dig att kontakta. Kontakta Spermaharen idag. Sextjejer Eskorter Sverige Eskorter","breadcrumb":{"@id":"https:\/\/sextjejer.net\/escort\/spermaharen\/#breadcrumb"},"inLanguage":"sv-SE","potentialAction":[{"@type":"ReadAction","target":["https:\/\/sextjejer.net\/escort\/spermaharen\/"]}]},{"@type":"ImageObject","inLanguage":"sv-SE","@id":"https:\/\/sextjejer.net\/escort\/spermaharen\/#primaryimage","url":"https:\/\/sextjejer.net\/wp-content\/uploads\/2023\/07\/325942_50.jpg","contentUrl":"https:\/\/sextjejer.net\/wp-content\/uploads\/2023\/07\/325942_50.jpg","caption":"Spermaharen"},{"@type":"BreadcrumbList","@id":"https:\/\/sextjejer.net\/escort\/spermaharen\/#breadcrumb","itemListElement":[{"@type":"ListItem","position":1,"name":"Home","item":"https:\/\/sextjejer.net\/"},{"@type":"ListItem","position":2,"name":"Sextjejer Escorts in Sweden","item":"https:\/\/sextjejer.net\/"},{"@type":"ListItem","position":3,"name":"Spermaharen"}]},{"@type":"WebSite","@id":"https:\/\/sextjejer.net\/#website","url":"https:\/\/sextjejer.net\/","name":"Sextjejer","description":"","publisher":{"@id":"https:\/\/sextjejer.net\/#organization"},"alternateName":"Escorts","potentialAction":[{"@type":"SearchAction","target":{"@type":"EntryPoint","urlTemplate":"https:\/\/sextjejer.net\/?s={search_term_string}"},"query-input":{"@type":"PropertyValueSpecification","valueRequired":true,"valueName":"search_term_string"}}],"inLanguage":"sv-SE"},{"@type":"Organization","@id":"https:\/\/sextjejer.net\/#organization","name":"Sextjejer","url":"https:\/\/sextjejer.net\/","logo":{"@type":"ImageObject","inLanguage":"sv-SE","@id":"https:\/\/sextjejer.net\/#\/schema\/logo\/image\/","url":"https:\/\/sextjejer.net\/wp-content\/uploads\/2023\/07\/cropped-sextjejer-1.png","contentUrl":"https:\/\/sextjejer.net\/wp-content\/uploads\/2023\/07\/cropped-sextjejer-1.png","width":200,"height":48,"caption":"Sextjejer"},"image":{"@id":"https:\/\/sextjejer.net\/#\/schema\/logo\/image\/"}}]}},"_links":{"self":[{"href":"https:\/\/sextjejer.net\/se\/wp-json\/wp\/v2\/product\/325942","targetHints":{"allow":["GET"]}}],"collection":[{"href":"https:\/\/sextjejer.net\/se\/wp-json\/wp\/v2\/product"}],"about":[{"href":"https:\/\/sextjejer.net\/se\/wp-json\/wp\/v2\/types\/product"}],"wp:featuredmedia":[{"embeddable":true,"href":"https:\/\/sextjejer.net\/se\/wp-json\/wp\/v2\/media\/12372925"}],"wp:attachment":[{"href":"https:\/\/sextjejer.net\/se\/wp-json\/wp\/v2\/media?parent=325942"}],"wp:term":[{"taxonomy":"product_brand","embeddable":true,"href":"https:\/\/sextjejer.net\/se\/wp-json\/wp\/v2\/product_brand?post=325942"},{"taxonomy":"product_cat","embeddable":true,"href":"https:\/\/sextjejer.net\/se\/wp-json\/wp\/v2\/product_cat?post=325942"},{"taxonomy":"product_tag","embeddable":true,"href":"https:\/\/sextjejer.net\/se\/wp-json\/wp\/v2\/product_tag?post=325942"}],"curies":[{"name":"wp","href":"https:\/\/api.w.org\/{rel}","templated":true}]}}