{"id":325308,"date":"2023-07-27T07:48:27","date_gmt":"2023-07-27T07:48:27","guid":{"rendered":"https:\/\/sextjejer.net\/?post_type=product&#038;p=325308"},"modified":"2023-07-27T07:48:31","modified_gmt":"2023-07-27T07:48:31","slug":"vataerika","status":"publish","type":"product","link":"https:\/\/sextjejer.net\/se\/escort\/vataerika\/","title":{"rendered":"V\u221a\u2022taErika"},"content":{"rendered":"<p>Ung singel mamma som t\u221a\u00a7nder p\u221a\u2022 lite \u221a\u00a7ldre m\u221a\u00a7n, men vill vara diskret med det. Kanske ut och \u221a\u00a7ta eller bo p\u221a\u2022 hotell n\u221a\u2022gonstans, eller jag vet inte kom du med f\u221a\u2202rslag. Vill du veta mer eller \u221a\u00a7r intresserad \u221a\u00a7r det bara att h\u221a\u2202ra av dig Puss ensam k\u221a\u2022tis<\/p>","protected":false},"excerpt":{"rendered":"<p>Ung singel mamma som t\u221a\u00a7nder p\u221a\u2022 lite \u221a\u00a7ldre m\u221a\u00a7n, men vill vara diskret med det. Kanske ut och \u221a\u00a7ta eller bo p\u221a\u2022 hotell n\u221a\u2022gonstans, eller jag vet inte kom du med f\u221a\u2202rslag. Vill du veta mer eller \u221a\u00a7r intresserad \u221a\u00a7r det bara att h\u221a\u2202ra av dig Puss ensam k\u221a\u2022tis<\/p>","protected":false},"featured_media":12372828,"template":"","meta":[],"product_brand":[],"product_cat":[2527],"product_tag":[2554,2553,2544,2545,2556,2548,2549,2543,2550,2552],"class_list":{"0":"post-325308","1":"product","2":"type-product","3":"status-publish","4":"has-post-thumbnail","6":"product_cat-ostersund-escorts","7":"product_tag-asian-escorts","8":"product_tag-escort-profile","9":"product_tag-realescort","10":"product_tag-rosa-sidan-escort","11":"product_tag-sex-tjejer-com","12":"product_tag-sex-tjejer-escorts","13":"product_tag-sex-tjejer-sweden","14":"product_tag-sextjejer-escorts","15":"product_tag-svensk-onlyfans","16":"product_tag-telefonsex","17":"pa_enjoys-69-escorts","18":"pa_enjoys-anal-loving-escorts","19":"pa_enjoys-blowjob-escorts","20":"pa_enjoys-cowgirl-loving-escorts","21":"pa_enjoys-doggy-style-loving-escorts","22":"pa_enjoys-kissing-fun-escorts","23":"pa_enjoys-lingerie-wearing-escorts","24":"pa_enjoys-long-foreplay-escorts","25":"pa_enjoys-masturbation-fun-loving-escorts","26":"pa_enjoys-mature-escorts","27":"pa_enjoys-missionary-loving-escorts","28":"pa_enjoys-oral-sex-escorts","29":"pa_enjoys-romantic-loving-escorts","30":"pa_enjoys-shaved-escorts","31":"pa_enjoys-swallow-fun-escorts","33":"first","34":"instock","35":"shipping-taxable","36":"product-type-external"},"yoast_head":"<!-- This site is optimized with the Yoast SEO Premium plugin v22.3 (Yoast SEO v27.0) - https:\/\/yoast.com\/product\/yoast-seo-premium-wordpress\/ -->\n<title>V\u221a\u2022taErika - Sextjejer Escorts Sweden Escorts<\/title>\n<meta name=\"description\" content=\"V\u221a\u2022taErika is a girl that is available in Sweden from sextjejer for you to contact. Contact V\u221a\u2022taErika today. Sextjejer Escorts Sweden Escorts\" \/>\n<meta name=\"robots\" content=\"index, follow, max-snippet:-1, max-image-preview:large, max-video-preview:-1\" \/>\n<link rel=\"canonical\" href=\"https:\/\/sextjejer.net\/se\/eskort\/vataerika\/\" \/>\n<meta property=\"og:locale\" content=\"sv_SE\" \/>\n<meta property=\"og:type\" content=\"article\" \/>\n<meta property=\"og:title\" content=\"V\u221a\u2022taErika\" \/>\n<meta property=\"og:description\" content=\"V\u221a\u2022taErika is a girl that is available in Sweden from sextjejer for you to contact. Contact V\u221a\u2022taErika today. Sextjejer Escorts Sweden Escorts\" \/>\n<meta property=\"og:url\" content=\"https:\/\/sextjejer.net\/se\/eskort\/vataerika\/\" \/>\n<meta property=\"og:site_name\" content=\"Sextjejer Escorts Sweden Escorts\" \/>\n<meta property=\"article:modified_time\" content=\"2023-07-27T07:48:31+00:00\" \/>\n<meta property=\"og:image\" content=\"https:\/\/sextjejer.net\/wp-content\/uploads\/2023\/07\/325308_6.jpg\" \/>\n\t<meta property=\"og:image:width\" content=\"1\" \/>\n\t<meta property=\"og:image:height\" content=\"1\" \/>\n\t<meta property=\"og:image:type\" content=\"image\/jpeg\" \/>\n<meta name=\"twitter:card\" content=\"summary_large_image\" \/>\n<script type=\"application\/ld+json\" class=\"yoast-schema-graph\">{\"@context\":\"https:\/\/schema.org\",\"@graph\":[{\"@type\":\"WebPage\",\"@id\":\"https:\/\/sextjejer.net\/escort\/vataerika\/\",\"url\":\"https:\/\/sextjejer.net\/escort\/vataerika\/\",\"name\":\"V\u221a\u2022taErika - Sextjejer Escorts Sweden Escorts\",\"isPartOf\":{\"@id\":\"https:\/\/sextjejer.net\/#website\"},\"primaryImageOfPage\":{\"@id\":\"https:\/\/sextjejer.net\/escort\/vataerika\/#primaryimage\"},\"image\":{\"@id\":\"https:\/\/sextjejer.net\/escort\/vataerika\/#primaryimage\"},\"thumbnailUrl\":\"https:\/\/sextjejer.net\/wp-content\/uploads\/2023\/07\/325308_6.jpg\",\"datePublished\":\"2023-07-27T07:48:27+00:00\",\"dateModified\":\"2023-07-27T07:48:31+00:00\",\"description\":\"V\u221a\u2022taErika is a girl that is available in Sweden from sextjejer for you to contact. Contact V\u221a\u2022taErika today. Sextjejer Escorts Sweden Escorts\",\"breadcrumb\":{\"@id\":\"https:\/\/sextjejer.net\/escort\/vataerika\/#breadcrumb\"},\"inLanguage\":\"sv-SE\",\"potentialAction\":[{\"@type\":\"ReadAction\",\"target\":[\"https:\/\/sextjejer.net\/escort\/vataerika\/\"]}]},{\"@type\":\"ImageObject\",\"inLanguage\":\"sv-SE\",\"@id\":\"https:\/\/sextjejer.net\/escort\/vataerika\/#primaryimage\",\"url\":\"https:\/\/sextjejer.net\/wp-content\/uploads\/2023\/07\/325308_6.jpg\",\"contentUrl\":\"https:\/\/sextjejer.net\/wp-content\/uploads\/2023\/07\/325308_6.jpg\",\"caption\":\"V\u221a\u2022taErika\"},{\"@type\":\"BreadcrumbList\",\"@id\":\"https:\/\/sextjejer.net\/escort\/vataerika\/#breadcrumb\",\"itemListElement\":[{\"@type\":\"ListItem\",\"position\":1,\"name\":\"Home\",\"item\":\"https:\/\/sextjejer.net\/\"},{\"@type\":\"ListItem\",\"position\":2,\"name\":\"Sextjejer Escorts in Sweden\",\"item\":\"https:\/\/sextjejer.net\/\"},{\"@type\":\"ListItem\",\"position\":3,\"name\":\"V\u221a\u2022taErika\"}]},{\"@type\":\"WebSite\",\"@id\":\"https:\/\/sextjejer.net\/#website\",\"url\":\"https:\/\/sextjejer.net\/\",\"name\":\"Sextjejer\",\"description\":\"\",\"publisher\":{\"@id\":\"https:\/\/sextjejer.net\/#organization\"},\"alternateName\":\"Escorts\",\"potentialAction\":[{\"@type\":\"SearchAction\",\"target\":{\"@type\":\"EntryPoint\",\"urlTemplate\":\"https:\/\/sextjejer.net\/?s={search_term_string}\"},\"query-input\":{\"@type\":\"PropertyValueSpecification\",\"valueRequired\":true,\"valueName\":\"search_term_string\"}}],\"inLanguage\":\"sv-SE\"},{\"@type\":\"Organization\",\"@id\":\"https:\/\/sextjejer.net\/#organization\",\"name\":\"Sextjejer\",\"url\":\"https:\/\/sextjejer.net\/\",\"logo\":{\"@type\":\"ImageObject\",\"inLanguage\":\"sv-SE\",\"@id\":\"https:\/\/sextjejer.net\/#\/schema\/logo\/image\/\",\"url\":\"https:\/\/sextjejer.net\/wp-content\/uploads\/2023\/07\/cropped-sextjejer-1.png\",\"contentUrl\":\"https:\/\/sextjejer.net\/wp-content\/uploads\/2023\/07\/cropped-sextjejer-1.png\",\"width\":200,\"height\":48,\"caption\":\"Sextjejer\"},\"image\":{\"@id\":\"https:\/\/sextjejer.net\/#\/schema\/logo\/image\/\"}}]}<\/script>\n<!-- \/ Yoast SEO Premium plugin. -->","yoast_head_json":{"title":"V\u221a\u2022taErika - Sextjejer Eskorter Sverige Eskorter","description":"V\u221a\u2022taErika \u00e4r en tjej som finns tillg\u00e4nglig i Sverige fr\u00e5n sextjejer f\u00f6r dig att kontakta. Kontakta V\u221a\u2022taErika idag. Sextjejer Eskorter Sverige Eskorter","robots":{"index":"index","follow":"follow","max-snippet":"max-snippet:-1","max-image-preview":"max-image-preview:large","max-video-preview":"max-video-preview:-1"},"canonical":"https:\/\/sextjejer.net\/se\/eskort\/vataerika\/","og_locale":"sv_SE","og_type":"article","og_title":"V\u221a\u2022taErika","og_description":"V\u221a\u2022taErika is a girl that is available in Sweden from sextjejer for you to contact. Contact V\u221a\u2022taErika today. Sextjejer Escorts Sweden Escorts","og_url":"https:\/\/sextjejer.net\/se\/eskort\/vataerika\/","og_site_name":"Sextjejer Escorts Sweden Escorts","article_modified_time":"2023-07-27T07:48:31+00:00","og_image":[{"url":"https:\/\/sextjejer.net\/wp-content\/uploads\/2023\/07\/325308_6.jpg","width":1,"height":1,"type":"image\/jpeg"}],"twitter_card":"summary_large_image","schema":{"@context":"https:\/\/schema.org","@graph":[{"@type":"WebPage","@id":"https:\/\/sextjejer.net\/escort\/vataerika\/","url":"https:\/\/sextjejer.net\/escort\/vataerika\/","name":"V\u221a\u2022taErika - Sextjejer Eskorter Sverige Eskorter","isPartOf":{"@id":"https:\/\/sextjejer.net\/#website"},"primaryImageOfPage":{"@id":"https:\/\/sextjejer.net\/escort\/vataerika\/#primaryimage"},"image":{"@id":"https:\/\/sextjejer.net\/escort\/vataerika\/#primaryimage"},"thumbnailUrl":"https:\/\/sextjejer.net\/wp-content\/uploads\/2023\/07\/325308_6.jpg","datePublished":"2023-07-27T07:48:27+00:00","dateModified":"2023-07-27T07:48:31+00:00","description":"V\u221a\u2022taErika \u00e4r en tjej som finns tillg\u00e4nglig i Sverige fr\u00e5n sextjejer f\u00f6r dig att kontakta. Kontakta V\u221a\u2022taErika idag. Sextjejer Eskorter Sverige Eskorter","breadcrumb":{"@id":"https:\/\/sextjejer.net\/escort\/vataerika\/#breadcrumb"},"inLanguage":"sv-SE","potentialAction":[{"@type":"ReadAction","target":["https:\/\/sextjejer.net\/escort\/vataerika\/"]}]},{"@type":"ImageObject","inLanguage":"sv-SE","@id":"https:\/\/sextjejer.net\/escort\/vataerika\/#primaryimage","url":"https:\/\/sextjejer.net\/wp-content\/uploads\/2023\/07\/325308_6.jpg","contentUrl":"https:\/\/sextjejer.net\/wp-content\/uploads\/2023\/07\/325308_6.jpg","caption":"V\u221a\u2022taErika"},{"@type":"BreadcrumbList","@id":"https:\/\/sextjejer.net\/escort\/vataerika\/#breadcrumb","itemListElement":[{"@type":"ListItem","position":1,"name":"Home","item":"https:\/\/sextjejer.net\/"},{"@type":"ListItem","position":2,"name":"Sextjejer Escorts in Sweden","item":"https:\/\/sextjejer.net\/"},{"@type":"ListItem","position":3,"name":"V\u221a\u2022taErika"}]},{"@type":"WebSite","@id":"https:\/\/sextjejer.net\/#website","url":"https:\/\/sextjejer.net\/","name":"Sextjejer","description":"","publisher":{"@id":"https:\/\/sextjejer.net\/#organization"},"alternateName":"Escorts","potentialAction":[{"@type":"SearchAction","target":{"@type":"EntryPoint","urlTemplate":"https:\/\/sextjejer.net\/?s={search_term_string}"},"query-input":{"@type":"PropertyValueSpecification","valueRequired":true,"valueName":"search_term_string"}}],"inLanguage":"sv-SE"},{"@type":"Organization","@id":"https:\/\/sextjejer.net\/#organization","name":"Sextjejer","url":"https:\/\/sextjejer.net\/","logo":{"@type":"ImageObject","inLanguage":"sv-SE","@id":"https:\/\/sextjejer.net\/#\/schema\/logo\/image\/","url":"https:\/\/sextjejer.net\/wp-content\/uploads\/2023\/07\/cropped-sextjejer-1.png","contentUrl":"https:\/\/sextjejer.net\/wp-content\/uploads\/2023\/07\/cropped-sextjejer-1.png","width":200,"height":48,"caption":"Sextjejer"},"image":{"@id":"https:\/\/sextjejer.net\/#\/schema\/logo\/image\/"}}]}},"_links":{"self":[{"href":"https:\/\/sextjejer.net\/se\/wp-json\/wp\/v2\/product\/325308","targetHints":{"allow":["GET"]}}],"collection":[{"href":"https:\/\/sextjejer.net\/se\/wp-json\/wp\/v2\/product"}],"about":[{"href":"https:\/\/sextjejer.net\/se\/wp-json\/wp\/v2\/types\/product"}],"wp:featuredmedia":[{"embeddable":true,"href":"https:\/\/sextjejer.net\/se\/wp-json\/wp\/v2\/media\/12372828"}],"wp:attachment":[{"href":"https:\/\/sextjejer.net\/se\/wp-json\/wp\/v2\/media?parent=325308"}],"wp:term":[{"taxonomy":"product_brand","embeddable":true,"href":"https:\/\/sextjejer.net\/se\/wp-json\/wp\/v2\/product_brand?post=325308"},{"taxonomy":"product_cat","embeddable":true,"href":"https:\/\/sextjejer.net\/se\/wp-json\/wp\/v2\/product_cat?post=325308"},{"taxonomy":"product_tag","embeddable":true,"href":"https:\/\/sextjejer.net\/se\/wp-json\/wp\/v2\/product_tag?post=325308"}],"curies":[{"name":"wp","href":"https:\/\/api.w.org\/{rel}","templated":true}]}}