{"id":325307,"date":"2023-07-27T07:48:27","date_gmt":"2023-07-27T07:48:27","guid":{"rendered":"https:\/\/sextjejer.net\/?post_type=product&#038;p=325307"},"modified":"2023-07-27T07:48:32","modified_gmt":"2023-07-27T07:48:32","slug":"hemligahelna","status":"publish","type":"product","link":"https:\/\/sextjejer.net\/se\/escort\/hemligahelna\/","title":{"rendered":"HemligaHelna"},"content":{"rendered":"<p>Tjena jag \u221a\u00a7r singel och vill vara singel, b\u221a\u2022de jobbar och pluggar s\u221a\u2022 jag har inte tid med n\u221a\u2022got f\u221a\u2202rh\u221a\u2022llande. Men hunger efter sex har jag \u221a\u00a7nd\u221a\u2022, skulle vilja tr\u221a\u00a7ffa en gener\u221a\u2202s gentleman att ha som KK, och g\u221a\u2202ra massa roliga saker tillsammans med. Tror du att du \u221a\u00a7r den jag s\u221a\u2202ker s\u221a\u2022 h\u221a\u2202r av dig s\u221a\u2022 kan vi snacka mera\u2026Puss p\u221a\u2022 Bananen<\/p>","protected":false},"excerpt":{"rendered":"<p>Tjena jag \u221a\u00a7r singel och vill vara singel, b\u221a\u2022de jobbar och pluggar s\u221a\u2022 jag har inte tid med n\u221a\u2022got f\u221a\u2202rh\u221a\u2022llande. Men hunger efter sex har jag \u221a\u00a7nd\u221a\u2022, skulle vilja tr\u221a\u00a7ffa en gener\u221a\u2202s gentleman att ha som KK, och g\u221a\u2202ra massa roliga saker tillsammans med. Tror du att du \u221a\u00a7r den jag s\u221a\u2202ker s\u221a\u2022 h\u221a\u2202r av &hellip; <a href=\"https:\/\/sextjejer.net\/se\/escort\/hemligahelna\/\" class=\"more-link\">Forts\u00e4tt l\u00e4sa <span class=\"screen-reader-text\">HemligaHelna<\/span><\/a><\/p>","protected":false},"featured_media":12372842,"template":"","meta":[],"product_brand":[],"product_cat":[2527],"product_tag":[2554,2553,2544,2545,2556,2548,2549,2543,2550,2552],"class_list":{"0":"post-325307","1":"product","2":"type-product","3":"status-publish","4":"has-post-thumbnail","6":"product_cat-ostersund-escorts","7":"product_tag-asian-escorts","8":"product_tag-escort-profile","9":"product_tag-realescort","10":"product_tag-rosa-sidan-escort","11":"product_tag-sex-tjejer-com","12":"product_tag-sex-tjejer-escorts","13":"product_tag-sex-tjejer-sweden","14":"product_tag-sextjejer-escorts","15":"product_tag-svensk-onlyfans","16":"product_tag-telefonsex","17":"pa_enjoys-69-escorts","18":"pa_enjoys-anal-loving-escorts","19":"pa_enjoys-being-dominated","20":"pa_enjoys-blowjob-escorts","21":"pa_enjoys-cowgirl-loving-escorts","22":"pa_enjoys-doggy-style-loving-escorts","23":"pa_enjoys-kissing-fun-escorts","24":"pa_enjoys-lingerie-wearing-escorts","25":"pa_enjoys-long-foreplay-escorts","26":"pa_enjoys-masturbation-fun-loving-escorts","27":"pa_enjoys-mature-escorts","28":"pa_enjoys-missionary-loving-escorts","29":"pa_enjoys-oral-sex-escorts","30":"pa_enjoys-romantic-loving-escorts","31":"pa_enjoys-sex-toys-escorts","32":"pa_enjoys-shaved-escorts","33":"pa_enjoys-swallow-fun-escorts","35":"first","36":"instock","37":"shipping-taxable","38":"product-type-external"},"yoast_head":"<!-- This site is optimized with the Yoast SEO Premium plugin v22.3 (Yoast SEO v27.3) - https:\/\/yoast.com\/product\/yoast-seo-premium-wordpress\/ -->\n<title>HemligaHelna - Sextjejer Escorts Sweden Escorts<\/title>\n<meta name=\"description\" content=\"HemligaHelna is a girl that is available in Sweden from sextjejer for you to contact. Contact HemligaHelna today. Sextjejer Escorts Sweden Escorts\" \/>\n<meta name=\"robots\" content=\"index, follow, max-snippet:-1, max-image-preview:large, max-video-preview:-1\" \/>\n<link rel=\"canonical\" href=\"https:\/\/sextjejer.net\/se\/eskort\/hemligahelna\/\" \/>\n<meta property=\"og:locale\" content=\"sv_SE\" \/>\n<meta property=\"og:type\" content=\"article\" \/>\n<meta property=\"og:title\" content=\"HemligaHelna\" \/>\n<meta property=\"og:description\" content=\"HemligaHelna is a girl that is available in Sweden from sextjejer for you to contact. Contact HemligaHelna today. Sextjejer Escorts Sweden Escorts\" \/>\n<meta property=\"og:url\" content=\"https:\/\/sextjejer.net\/se\/eskort\/hemligahelna\/\" \/>\n<meta property=\"og:site_name\" content=\"Sextjejer Escorts Sweden Escorts\" \/>\n<meta property=\"article:modified_time\" content=\"2023-07-27T07:48:32+00:00\" \/>\n<meta property=\"og:image\" content=\"https:\/\/sextjejer.net\/wp-content\/uploads\/2023\/07\/325307_6.jpg\" \/>\n\t<meta property=\"og:image:width\" content=\"1\" \/>\n\t<meta property=\"og:image:height\" content=\"1\" \/>\n\t<meta property=\"og:image:type\" content=\"image\/jpeg\" \/>\n<meta name=\"twitter:card\" content=\"summary_large_image\" \/>\n<script type=\"application\/ld+json\" class=\"yoast-schema-graph\">{\"@context\":\"https:\\\/\\\/schema.org\",\"@graph\":[{\"@type\":\"WebPage\",\"@id\":\"https:\\\/\\\/sextjejer.net\\\/escort\\\/hemligahelna\\\/\",\"url\":\"https:\\\/\\\/sextjejer.net\\\/escort\\\/hemligahelna\\\/\",\"name\":\"HemligaHelna - Sextjejer Escorts Sweden Escorts\",\"isPartOf\":{\"@id\":\"https:\\\/\\\/sextjejer.net\\\/#website\"},\"primaryImageOfPage\":{\"@id\":\"https:\\\/\\\/sextjejer.net\\\/escort\\\/hemligahelna\\\/#primaryimage\"},\"image\":{\"@id\":\"https:\\\/\\\/sextjejer.net\\\/escort\\\/hemligahelna\\\/#primaryimage\"},\"thumbnailUrl\":\"https:\\\/\\\/sextjejer.net\\\/wp-content\\\/uploads\\\/2023\\\/07\\\/325307_6.jpg\",\"datePublished\":\"2023-07-27T07:48:27+00:00\",\"dateModified\":\"2023-07-27T07:48:32+00:00\",\"description\":\"HemligaHelna is a girl that is available in Sweden from sextjejer for you to contact. Contact HemligaHelna today. Sextjejer Escorts Sweden Escorts\",\"breadcrumb\":{\"@id\":\"https:\\\/\\\/sextjejer.net\\\/escort\\\/hemligahelna\\\/#breadcrumb\"},\"inLanguage\":\"sv-SE\",\"potentialAction\":[{\"@type\":\"ReadAction\",\"target\":[\"https:\\\/\\\/sextjejer.net\\\/escort\\\/hemligahelna\\\/\"]}]},{\"@type\":\"ImageObject\",\"inLanguage\":\"sv-SE\",\"@id\":\"https:\\\/\\\/sextjejer.net\\\/escort\\\/hemligahelna\\\/#primaryimage\",\"url\":\"https:\\\/\\\/sextjejer.net\\\/wp-content\\\/uploads\\\/2023\\\/07\\\/325307_6.jpg\",\"contentUrl\":\"https:\\\/\\\/sextjejer.net\\\/wp-content\\\/uploads\\\/2023\\\/07\\\/325307_6.jpg\",\"caption\":\"HemligaHelna\"},{\"@type\":\"BreadcrumbList\",\"@id\":\"https:\\\/\\\/sextjejer.net\\\/escort\\\/hemligahelna\\\/#breadcrumb\",\"itemListElement\":[{\"@type\":\"ListItem\",\"position\":1,\"name\":\"Home\",\"item\":\"https:\\\/\\\/sextjejer.net\\\/\"},{\"@type\":\"ListItem\",\"position\":2,\"name\":\"Sextjejer Escorts in Sweden\",\"item\":\"https:\\\/\\\/sextjejer.net\\\/\"},{\"@type\":\"ListItem\",\"position\":3,\"name\":\"HemligaHelna\"}]},{\"@type\":\"WebSite\",\"@id\":\"https:\\\/\\\/sextjejer.net\\\/#website\",\"url\":\"https:\\\/\\\/sextjejer.net\\\/\",\"name\":\"Sextjejer\",\"description\":\"\",\"publisher\":{\"@id\":\"https:\\\/\\\/sextjejer.net\\\/#organization\"},\"alternateName\":\"Escorts\",\"potentialAction\":[{\"@type\":\"SearchAction\",\"target\":{\"@type\":\"EntryPoint\",\"urlTemplate\":\"https:\\\/\\\/sextjejer.net\\\/?s={search_term_string}\"},\"query-input\":{\"@type\":\"PropertyValueSpecification\",\"valueRequired\":true,\"valueName\":\"search_term_string\"}}],\"inLanguage\":\"sv-SE\"},{\"@type\":\"Organization\",\"@id\":\"https:\\\/\\\/sextjejer.net\\\/#organization\",\"name\":\"Sextjejer\",\"url\":\"https:\\\/\\\/sextjejer.net\\\/\",\"logo\":{\"@type\":\"ImageObject\",\"inLanguage\":\"sv-SE\",\"@id\":\"https:\\\/\\\/sextjejer.net\\\/#\\\/schema\\\/logo\\\/image\\\/\",\"url\":\"https:\\\/\\\/sextjejer.net\\\/wp-content\\\/uploads\\\/2023\\\/07\\\/cropped-sextjejer-1.png\",\"contentUrl\":\"https:\\\/\\\/sextjejer.net\\\/wp-content\\\/uploads\\\/2023\\\/07\\\/cropped-sextjejer-1.png\",\"width\":200,\"height\":48,\"caption\":\"Sextjejer\"},\"image\":{\"@id\":\"https:\\\/\\\/sextjejer.net\\\/#\\\/schema\\\/logo\\\/image\\\/\"}}]}<\/script>\n<!-- \/ Yoast SEO Premium plugin. -->","yoast_head_json":{"title":"HemligaHelna - Sextjejer Eskorter Sverige Eskorter","description":"HemligaHelna \u00e4r en tjej som finns tillg\u00e4nglig i Sverige fr\u00e5n sextjejer f\u00f6r dig att kontakta. Kontakta HemligaHelna idag. Sextjejer Eskorter Sverige Eskorter","robots":{"index":"index","follow":"follow","max-snippet":"max-snippet:-1","max-image-preview":"max-image-preview:large","max-video-preview":"max-video-preview:-1"},"canonical":"https:\/\/sextjejer.net\/se\/eskort\/hemligahelna\/","og_locale":"sv_SE","og_type":"article","og_title":"HemligaHelna","og_description":"HemligaHelna is a girl that is available in Sweden from sextjejer for you to contact. Contact HemligaHelna today. Sextjejer Escorts Sweden Escorts","og_url":"https:\/\/sextjejer.net\/se\/eskort\/hemligahelna\/","og_site_name":"Sextjejer Escorts Sweden Escorts","article_modified_time":"2023-07-27T07:48:32+00:00","og_image":[{"url":"https:\/\/sextjejer.net\/wp-content\/uploads\/2023\/07\/325307_6.jpg","width":1,"height":1,"type":"image\/jpeg"}],"twitter_card":"summary_large_image","schema":{"@context":"https:\/\/schema.org","@graph":[{"@type":"WebPage","@id":"https:\/\/sextjejer.net\/escort\/hemligahelna\/","url":"https:\/\/sextjejer.net\/escort\/hemligahelna\/","name":"HemligaHelna - Sextjejer Eskorter Sverige Eskorter","isPartOf":{"@id":"https:\/\/sextjejer.net\/#website"},"primaryImageOfPage":{"@id":"https:\/\/sextjejer.net\/escort\/hemligahelna\/#primaryimage"},"image":{"@id":"https:\/\/sextjejer.net\/escort\/hemligahelna\/#primaryimage"},"thumbnailUrl":"https:\/\/sextjejer.net\/wp-content\/uploads\/2023\/07\/325307_6.jpg","datePublished":"2023-07-27T07:48:27+00:00","dateModified":"2023-07-27T07:48:32+00:00","description":"HemligaHelna \u00e4r en tjej som finns tillg\u00e4nglig i Sverige fr\u00e5n sextjejer f\u00f6r dig att kontakta. Kontakta HemligaHelna idag. Sextjejer Eskorter Sverige Eskorter","breadcrumb":{"@id":"https:\/\/sextjejer.net\/escort\/hemligahelna\/#breadcrumb"},"inLanguage":"sv-SE","potentialAction":[{"@type":"ReadAction","target":["https:\/\/sextjejer.net\/escort\/hemligahelna\/"]}]},{"@type":"ImageObject","inLanguage":"sv-SE","@id":"https:\/\/sextjejer.net\/escort\/hemligahelna\/#primaryimage","url":"https:\/\/sextjejer.net\/wp-content\/uploads\/2023\/07\/325307_6.jpg","contentUrl":"https:\/\/sextjejer.net\/wp-content\/uploads\/2023\/07\/325307_6.jpg","caption":"HemligaHelna"},{"@type":"BreadcrumbList","@id":"https:\/\/sextjejer.net\/escort\/hemligahelna\/#breadcrumb","itemListElement":[{"@type":"ListItem","position":1,"name":"Home","item":"https:\/\/sextjejer.net\/"},{"@type":"ListItem","position":2,"name":"Sextjejer Escorts in Sweden","item":"https:\/\/sextjejer.net\/"},{"@type":"ListItem","position":3,"name":"HemligaHelna"}]},{"@type":"WebSite","@id":"https:\/\/sextjejer.net\/#website","url":"https:\/\/sextjejer.net\/","name":"Sextjejer","description":"","publisher":{"@id":"https:\/\/sextjejer.net\/#organization"},"alternateName":"Escorts","potentialAction":[{"@type":"SearchAction","target":{"@type":"EntryPoint","urlTemplate":"https:\/\/sextjejer.net\/?s={search_term_string}"},"query-input":{"@type":"PropertyValueSpecification","valueRequired":true,"valueName":"search_term_string"}}],"inLanguage":"sv-SE"},{"@type":"Organization","@id":"https:\/\/sextjejer.net\/#organization","name":"Sextjejer","url":"https:\/\/sextjejer.net\/","logo":{"@type":"ImageObject","inLanguage":"sv-SE","@id":"https:\/\/sextjejer.net\/#\/schema\/logo\/image\/","url":"https:\/\/sextjejer.net\/wp-content\/uploads\/2023\/07\/cropped-sextjejer-1.png","contentUrl":"https:\/\/sextjejer.net\/wp-content\/uploads\/2023\/07\/cropped-sextjejer-1.png","width":200,"height":48,"caption":"Sextjejer"},"image":{"@id":"https:\/\/sextjejer.net\/#\/schema\/logo\/image\/"}}]}},"_links":{"self":[{"href":"https:\/\/sextjejer.net\/se\/wp-json\/wp\/v2\/product\/325307","targetHints":{"allow":["GET"]}}],"collection":[{"href":"https:\/\/sextjejer.net\/se\/wp-json\/wp\/v2\/product"}],"about":[{"href":"https:\/\/sextjejer.net\/se\/wp-json\/wp\/v2\/types\/product"}],"wp:featuredmedia":[{"embeddable":true,"href":"https:\/\/sextjejer.net\/se\/wp-json\/wp\/v2\/media\/12372842"}],"wp:attachment":[{"href":"https:\/\/sextjejer.net\/se\/wp-json\/wp\/v2\/media?parent=325307"}],"wp:term":[{"taxonomy":"product_brand","embeddable":true,"href":"https:\/\/sextjejer.net\/se\/wp-json\/wp\/v2\/product_brand?post=325307"},{"taxonomy":"product_cat","embeddable":true,"href":"https:\/\/sextjejer.net\/se\/wp-json\/wp\/v2\/product_cat?post=325307"},{"taxonomy":"product_tag","embeddable":true,"href":"https:\/\/sextjejer.net\/se\/wp-json\/wp\/v2\/product_tag?post=325307"}],"curies":[{"name":"wp","href":"https:\/\/api.w.org\/{rel}","templated":true}]}}