{"id":12376511,"date":"2023-08-30T13:09:57","date_gmt":"2023-08-30T13:09:57","guid":{"rendered":"https:\/\/sextjejer.net\/?page_id=12376511"},"modified":"2023-08-30T13:17:34","modified_gmt":"2023-08-30T13:17:34","slug":"lankar","status":"publish","type":"page","link":"https:\/\/sextjejer.net\/se\/links\/","title":{"rendered":"L\u00e4nkar"},"content":{"rendered":"<div class=\"wpb-content-wrapper\"><div class=\"vc_row wpb_row vc_row-fluid\"><\/div><div class=\"wpb_column vc_column_container vc_col-sm-12\"><div class=\"vc_column-inner\"><div class=\"wpb_wrapper\"><\/div><\/div><\/div>\n\t<div class=\"wpb_text_column wpb_content_element\" >\n\t\t<div class=\"wpb_wrapper\">\n\t\t\t\n\t\t<\/div>\n\t<\/div><p class=\"has-text-align-center\">Hitta l\u00e4nkarna till andra popul\u00e4ra webbplatser av intresse. Om du vill byta l\u00e4nkar eller banner med oss v\u00e4nligen\u00a0<a href=\"https:\/\/sextjejer.net\/se\/partners\/\">Klicka h\u00e4r<\/a> f\u00f6r v\u00e5ra banner- och l\u00e4nkdetaljer.<\/p>\r\n<div class=\"wplinktrade\"><div class=\"wplinktrade_stats wplinktrade_links\">\n      <table class=\"stats_table\" callspacing=\"1\">\n      <thead>\n      <tr>\n        <th>Plats<\/th>\n        <th>Beskrivning<\/th><tr>\n  <td><a href=\"https:\/\/eskorttjejer.net\/\" title=\"Eskorttjejer\" target=\"_blank\">\n        <img decoding=\"async\" data-src=\"https:\/\/sextjejer.net\/wp-content\/uploads\/wplinktrade\/Eskorte-WP-High-Quality-1.jpg\" alt=\"Eskorttjejer\" width=\"468\" height=\"60\" src=\"data:image\/svg+xml;base64,PHN2ZyB3aWR0aD0iMSIgaGVpZ2h0PSIxIiB4bWxucz0iaHR0cDovL3d3dy53My5vcmcvMjAwMC9zdmciPjwvc3ZnPg==\" class=\"lazyload\" style=\"--smush-placeholder-width: 468px; --smush-placeholder-aspect-ratio: 468\/60;\" \/>\n      <\/a><\/td>\n  <td><\/td>\n<\/tr><tr>\n  <td><a href=\"https:\/\/dubaiallescorts.com\/\" title=\"Dubai Sverige Skandinavien Escorts\" target=\"_blank\">\n        <img decoding=\"async\" data-src=\"https:\/\/sextjejer.net\/wp-content\/uploads\/wplinktrade\/no_photo_original_nop_468x60bb-1.png\" alt=\"Dubai Sverige Skandinavien Escorts\" width=\"468\" height=\"60\" src=\"data:image\/svg+xml;base64,PHN2ZyB3aWR0aD0iMSIgaGVpZ2h0PSIxIiB4bWxucz0iaHR0cDovL3d3dy53My5vcmcvMjAwMC9zdmciPjwvc3ZnPg==\" class=\"lazyload\" style=\"--smush-placeholder-width: 468px; --smush-placeholder-aspect-ratio: 468\/60;\" \/>\n      <\/a><\/td>\n  <td><\/td>\n<\/tr><tr>\n  <td><a href=\"https:\/\/www.amsterdamescort24.nl\/\" title=\"Amsterdam Escort\" target=\"_blank\">\n        <img decoding=\"async\" data-src=\"https:\/\/sextjejer.net\/wp-content\/uploads\/wplinktrade\/banner-468x60-1.gif\" alt=\"Amsterdam Escort\" width=\"468\" height=\"60\" src=\"data:image\/svg+xml;base64,PHN2ZyB3aWR0aD0iMSIgaGVpZ2h0PSIxIiB4bWxucz0iaHR0cDovL3d3dy53My5vcmcvMjAwMC9zdmciPjwvc3ZnPg==\" class=\"lazyload\" style=\"--smush-placeholder-width: 468px; --smush-placeholder-aspect-ratio: 468\/60;\" \/>\n      <\/a><\/td>\n  <td><\/td>\n<\/tr><tr>\n  <td><a href=\"https:\/\/amsterdamescort24.nl\/\" title=\"Escort Amsterdam\" target=\"_blank\">\n        <img decoding=\"async\" data-src=\"https:\/\/sextjejer.net\/wp-content\/uploads\/wplinktrade\/468x60-banner-2.jpg\" alt=\"Escort Amsterdam\" width=\"468\" height=\"60\" src=\"data:image\/svg+xml;base64,PHN2ZyB3aWR0aD0iMSIgaGVpZ2h0PSIxIiB4bWxucz0iaHR0cDovL3d3dy53My5vcmcvMjAwMC9zdmciPjwvc3ZnPg==\" class=\"lazyload\" style=\"--smush-placeholder-width: 468px; --smush-placeholder-aspect-ratio: 468\/60;\" \/>\n      <\/a><\/td>\n  <td><\/td>\n<\/tr><tr>\n  <td><a href=\"https:\/\/www.escortinamsterdam.net\/\" title=\"Escort Amsterdam\" target=\"_blank\">\n        <img decoding=\"async\" data-src=\"https:\/\/sextjejer.net\/wp-content\/uploads\/wplinktrade\/banner-468x60-2.gif\" alt=\"Escort Amsterdam\" width=\"468\" height=\"60\" src=\"data:image\/svg+xml;base64,PHN2ZyB3aWR0aD0iMSIgaGVpZ2h0PSIxIiB4bWxucz0iaHR0cDovL3d3dy53My5vcmcvMjAwMC9zdmciPjwvc3ZnPg==\" class=\"lazyload\" style=\"--smush-placeholder-width: 468px; --smush-placeholder-aspect-ratio: 468\/60;\" \/>\n      <\/a><\/td>\n  <td><\/td>\n<\/tr><tr>\n  <td><a href=\"https:\/\/amsterdamescorts24.com\/\" title=\"Amsterdam Escort\" target=\"_blank\">\n        <img decoding=\"async\" data-src=\"https:\/\/sextjejer.net\/wp-content\/uploads\/wplinktrade\/Banner-amsterdamescorts24.com-468x60-1.jpg\" alt=\"Amsterdam Escort\" width=\"468\" height=\"60\" src=\"data:image\/svg+xml;base64,PHN2ZyB3aWR0aD0iMSIgaGVpZ2h0PSIxIiB4bWxucz0iaHR0cDovL3d3dy53My5vcmcvMjAwMC9zdmciPjwvc3ZnPg==\" class=\"lazyload\" style=\"--smush-placeholder-width: 468px; --smush-placeholder-aspect-ratio: 468\/60;\" \/>\n      <\/a><\/td>\n  <td><\/td>\n<\/tr><tr>\n  <td><a href=\"https:\/\/escortsxoxo.com\" title=\"Escortsxoxo.com\" target=\"_blank\">\n        <img decoding=\"async\" data-src=\"https:\/\/sextjejer.net\/wp-content\/uploads\/wplinktrade\/no_photo_original_nop_468x60bb.png\" alt=\"Escortsxoxo.com\" width=\"468\" height=\"60\" src=\"data:image\/svg+xml;base64,PHN2ZyB3aWR0aD0iMSIgaGVpZ2h0PSIxIiB4bWxucz0iaHR0cDovL3d3dy53My5vcmcvMjAwMC9zdmciPjwvc3ZnPg==\" class=\"lazyload\" style=\"--smush-placeholder-width: 468px; --smush-placeholder-aspect-ratio: 468\/60;\" \/>\n      <\/a><\/td>\n  <td><\/td>\n<\/tr><tr>\n  <td><a href=\"https:\/\/maleescorthochiminhcity.com\/\" title=\"https:\/\/maleescorthochiminhcity.com\/wp-content\/uploads\/2025\/10\/adul-banner-3-1.png\" target=\"_blank\">\n        <img decoding=\"async\" data-src=\"https:\/\/sextjejer.net\/wp-content\/uploads\/wplinktrade\/adul-banner-3-1.png\" alt=\"https:\/\/maleescorthochiminhcity.com\/wp-content\/uploads\/2025\/10\/adul-banner-3-1.png\" width=\"468\" height=\"60\" src=\"data:image\/svg+xml;base64,PHN2ZyB3aWR0aD0iMSIgaGVpZ2h0PSIxIiB4bWxucz0iaHR0cDovL3d3dy53My5vcmcvMjAwMC9zdmciPjwvc3ZnPg==\" class=\"lazyload\" style=\"--smush-placeholder-width: 468px; --smush-placeholder-aspect-ratio: 468\/60;\" \/>\n      <\/a><\/td>\n  <td><\/td>\n<\/tr><tr>\n  <td><a href=\"https:\/\/kinky-escorts.nl\/\" title=\"Escort Amsterdam\" target=\"_blank\">\n        <img decoding=\"async\" data-src=\"https:\/\/sextjejer.net\/wp-content\/uploads\/wplinktrade\/kinky-esc-468x60-1.gif\" alt=\"Escort Amsterdam\" width=\"468\" height=\"60\" src=\"data:image\/svg+xml;base64,PHN2ZyB3aWR0aD0iMSIgaGVpZ2h0PSIxIiB4bWxucz0iaHR0cDovL3d3dy53My5vcmcvMjAwMC9zdmciPjwvc3ZnPg==\" class=\"lazyload\" style=\"--smush-placeholder-width: 468px; --smush-placeholder-aspect-ratio: 468\/60;\" \/>\n      <\/a><\/td>\n  <td><\/td>\n<\/tr><tr>\n  <td><a href=\"https:\/\/escortinamsterdam.net\/\" title=\"Eskort i Amsterdam\" target=\"_blank\">\n        <img decoding=\"async\" data-src=\"https:\/\/sextjejer.net\/wp-content\/uploads\/wplinktrade\/468x60-banner-esc-ams.jpg\" alt=\"Eskort i Amsterdam\" width=\"468\" height=\"60\" src=\"data:image\/svg+xml;base64,PHN2ZyB3aWR0aD0iMSIgaGVpZ2h0PSIxIiB4bWxucz0iaHR0cDovL3d3dy53My5vcmcvMjAwMC9zdmciPjwvc3ZnPg==\" class=\"lazyload\" style=\"--smush-placeholder-width: 468px; --smush-placeholder-aspect-ratio: 468\/60;\" \/>\n      <\/a><\/td>\n  <td><\/td>\n<\/tr><tr>\n  <td><a href=\"https:\/\/www.allstarsescorts.co.uk\/escort-london\/mayfair-escorts\" title=\"Mayfair eskorterar\" target=\"_blank\">\n        <img decoding=\"async\" data-src=\"https:\/\/sextjejer.net\/wp-content\/uploads\/wplinktrade\/allstarslondon.gif\" alt=\"Mayfair eskorterar\" width=\"468\" height=\"60\" src=\"data:image\/svg+xml;base64,PHN2ZyB3aWR0aD0iMSIgaGVpZ2h0PSIxIiB4bWxucz0iaHR0cDovL3d3dy53My5vcmcvMjAwMC9zdmciPjwvc3ZnPg==\" class=\"lazyload\" style=\"--smush-placeholder-width: 468px; --smush-placeholder-aspect-ratio: 468\/60;\" \/>\n      <\/a><\/td>\n  <td><\/td>\n<\/tr><tr>\n  <td><a href=\"https:\/\/luxorescorts.agency\/location\/bond-street\/\" title=\"Bond Street Escorts\" target=\"_blank\">\n        <img decoding=\"async\" data-src=\"https:\/\/sextjejer.net\/wp-content\/uploads\/wplinktrade\/luxor.jpg\" alt=\"Bond Street Escorts\" width=\"468\" height=\"60\" src=\"data:image\/svg+xml;base64,PHN2ZyB3aWR0aD0iMSIgaGVpZ2h0PSIxIiB4bWxucz0iaHR0cDovL3d3dy53My5vcmcvMjAwMC9zdmciPjwvc3ZnPg==\" class=\"lazyload\" style=\"--smush-placeholder-width: 468px; --smush-placeholder-aspect-ratio: 468\/60;\" \/>\n      <\/a><\/td>\n  <td><\/td>\n<\/tr><tr>\n  <td><a href=\"https:\/\/jbescortsangel.com\/hotels-and-spas\/\" title=\"Hotell och spa i Malaysia\" target=\"_blank\">\n        <img decoding=\"async\" data-src=\"https:\/\/sextjejer.net\/wp-content\/uploads\/wplinktrade\/banner.jpg\" alt=\"Hotell och spa i Malaysia\" width=\"468\" height=\"60\" src=\"data:image\/svg+xml;base64,PHN2ZyB3aWR0aD0iMSIgaGVpZ2h0PSIxIiB4bWxucz0iaHR0cDovL3d3dy53My5vcmcvMjAwMC9zdmciPjwvc3ZnPg==\" class=\"lazyload\" style=\"--smush-placeholder-width: 468px; --smush-placeholder-aspect-ratio: 468\/60;\" \/>\n      <\/a><\/td>\n  <td><\/td>\n<\/tr><tr>\n  <td><a href=\"https:\/\/www.kinky-escorts.nl\/\" title=\"Amsterdam Eskorter\" target=\"_blank\">\n        <img decoding=\"async\" data-src=\"https:\/\/sextjejer.net\/wp-content\/uploads\/wplinktrade\/kinky-esc-468x60-2.gif\" alt=\"Amsterdam Eskorter\" width=\"468\" height=\"60\" src=\"data:image\/svg+xml;base64,PHN2ZyB3aWR0aD0iMSIgaGVpZ2h0PSIxIiB4bWxucz0iaHR0cDovL3d3dy53My5vcmcvMjAwMC9zdmciPjwvc3ZnPg==\" class=\"lazyload\" style=\"--smush-placeholder-width: 468px; --smush-placeholder-aspect-ratio: 468\/60;\" \/>\n      <\/a><\/td>\n  <td><\/td>\n<\/tr><\/tbody>.<\/table><\/div><\/div> <div class=\"wplinktrade\"><div class=\"wplinktrade_stats wplinktrade_links\">\n      <table class=\"stats_table\" callspacing=\"1\">\n      <thead>\n      <tr>\n        <th>Plats<\/th>\n        <th>Beskrivning<\/th><tr>\n  <td><a href=\"https:\/\/thotslay.com\" title=\"B\u00e4sta porrsajter\" target=\"_blank\">Thotslay<\/a><\/td>\n  <td><\/td>  \n<\/tr><tr>\n  <td><a href=\"https:\/\/www.escortamsterdam1.com\/\" title=\"Escort Amsterdam\" target=\"_blank\">Escort Amsterdam<\/a><\/td>\n  <td><\/td>  \n<\/tr><tr>\n  <td><a href=\"https:\/\/saudiescorts.sbs\/\" title=\"Saudi Escorts\" target=\"_blank\">Saudi Escorts<\/a><\/td>\n  <td><\/td>  \n<\/tr><tr>\n  <td><a href=\"https:\/\/indianporndude.com\" title=\"Indiska porrsajter\" target=\"_blank\">IndianPornDude<\/a><\/td>\n  <td><\/td>  \n<\/tr><tr>\n  <td><a href=\"https:\/\/uaeescorts.sbs\/\" title=\"Uae Escorts\" target=\"_blank\">Uae Escorts<\/a><\/td>\n  <td><\/td>  \n<\/tr><tr>\n  <td><a href=\"https:\/\/gstaad.flymetoyou.ch\" title=\"Gstaad High Class Escorts\" target=\"_blank\">Gstaad High Class Escorts<\/a><\/td>\n  <td><\/td>  \n<\/tr><tr>\n  <td><a href=\"https:\/\/abudhabiescorts.sbs\/%20\" title=\"Abu Dhabi Eskorter\" target=\"_blank\">AbuDhabi Escorter<\/a><\/td>\n  <td><\/td>  \n<\/tr><tr>\n  <td><a href=\"https:\/\/freebbwporn.xyz\" title=\"Gratis BBW-porr\" target=\"_blank\">Gratis BBW-porr<\/a><\/td>\n  <td><\/td>  \n<\/tr><tr>\n  <td><a href=\"https:\/\/freecartoonporn.xyz\" title=\"Gratis tecknad porr\" target=\"_blank\">Gratis tecknad porr<\/a><\/td>\n  <td><\/td>  \n<\/tr><tr>\n  <td><a href=\"https:\/\/freeindianporn.xyz\" title=\"Gratis indisk porr\" target=\"_blank\">Gratis indisk porr<\/a><\/td>\n  <td><\/td>  \n<\/tr><tr>\n  <td><a href=\"https:\/\/freelesbianporn.xyz\" title=\"Gratis lesbisk porr\" target=\"_blank\">Gratis lesbisk porr<\/a><\/td>\n  <td><\/td>  \n<\/tr><tr>\n  <td><a href=\"https:\/\/www.amsterdamescortgirls.com\" title=\"Amsterdam eskorttjejer\" target=\"_blank\">Amsterdam Escort Girls<\/a><\/td>\n  <td><\/td>  \n<\/tr><tr>\n  <td><a href=\"https:\/\/leakdump.com\" title=\"LeakDump\" target=\"_blank\">LeakDump<\/a><\/td>\n  <td><\/td>  \n<\/tr><tr>\n  <td><a href=\"https:\/\/interracialxxx.xyz\" title=\"Gratis porr mellan olika raser\" target=\"_blank\">Interracialxxx<\/a><\/td>\n  <td><\/td>  \n<\/tr><tr>\n  <td><a href=\"https:\/\/www.exotickenya.com\/escorts-from\/nairobi-escorts\/\" title=\"nairobi eskorter\" target=\"_blank\">Exotiska Kenya<\/a><\/td>\n  <td><\/td>  \n<\/tr><tr>\n  <td><a href=\"https:\/\/hookupian.com\" title=\"Hookupian\" target=\"_blank\">Hookupian<\/a><\/td>\n  <td><\/td>  \n<\/tr><tr>\n  <td><a href=\"https:\/\/firstclass-courtesans.co.uk\" title=\"high end london eskorter\" target=\"_blank\">high end london eskorter<\/a><\/td>\n  <td><\/td>  \n<\/tr><tr>\n  <td><a href=\"https:\/\/www.cakdolls.cr\/oc\/\" title=\"oc eskorter\" target=\"_blank\">oc eskorter<\/a><\/td>\n  <td><\/td>  \n<\/tr><tr>\n  <td><a href=\"https:\/\/abudhabiescorts.cfd\/\" title=\"Abu Dhabi Eskorter\" target=\"_blank\">Abu Dhabi Eskorter<\/a><\/td>\n  <td><\/td>  \n<\/tr><tr>\n  <td><a href=\"https:\/\/mastidesi.com\" title=\"MastiDesi\" target=\"_blank\">MastiDesi<\/a><\/td>\n  <td><\/td>  \n<\/tr><tr>\n  <td><a href=\"https:\/\/bahrainescorts.cfd\/\" title=\"Bahrain Escorter\" target=\"_blank\">Bahrain Escorter<\/a><\/td>\n  <td><\/td>  \n<\/tr><tr>\n  <td><a href=\"https:\/\/uaeescorts.cfd\/\" title=\"UAE Escorts\" target=\"_blank\">UAE Escorts<\/a><\/td>\n  <td><\/td>  \n<\/tr><tr>\n  <td><a href=\"https:\/\/uaeescorts.club\/\" title=\"UAE Escorts\" target=\"_blank\">UAE Escorts klubb<\/a><\/td>\n  <td><\/td>  \n<\/tr><tr>\n  <td><a href=\"https:\/\/bahrainescorts.sbs\/\" title=\"Bahrain Escorter\" target=\"_blank\">Bahrain Escorter<\/a><\/td>\n  <td><\/td>  \n<\/tr><tr>\n  <td><a href=\"https:\/\/dubaiescorts.sbs\/\" title=\"Dubai eskorter\" target=\"_blank\">Dubai eskorter<\/a><\/td>\n  <td><\/td>  \n<\/tr><tr>\n  <td><a href=\"https:\/\/dubaiescortsru.xyz\/\" title=\"Dubai Escorts ryska\" target=\"_blank\">Dubai Escorts ru<\/a><\/td>\n  <td><\/td>  \n<\/tr><tr>\n  <td><a href=\"https:\/\/omanescorts.cfd\/\" title=\"Oman Escorter\" target=\"_blank\">Oman Escorter<\/a><\/td>\n  <td><\/td>  \n<\/tr><tr>\n  <td><a href=\"https:\/\/dubaiescortsthai.xyz\/%20\" title=\"Dubai Escorts Thai\" target=\"_blank\">Dubai Escorts Thai<\/a><\/td>\n  <td><\/td>  \n<\/tr><tr>\n  <td><a href=\"https:\/\/omanescorts.sbs\/\" title=\"Oman Escorter\" target=\"_blank\">Oman Escorter<\/a><\/td>\n  <td><\/td>  \n<\/tr><tr>\n  <td><a href=\"https:\/\/qatarescorts.cfd\/\" title=\"Qatar Eskorter\" target=\"_blank\">Qatar Eskorter<\/a><\/td>\n  <td><\/td>  \n<\/tr><tr>\n  <td><a href=\"https:\/\/qatarescorts.sbs\/\" title=\"Qatar Eskorter\" target=\"_blank\">Qatar Eskorter<\/a><\/td>\n  <td><\/td>  \n<\/tr><tr>\n  <td><a href=\"https:\/\/saudiescorts.cfd\/\" title=\"Saudi Escorts\" target=\"_blank\">Saudi Escorts<\/a><\/td>\n  <td><\/td>  \n<\/tr><tr>\n  <td><a href=\"https:\/\/escort-gazette.com\/\" title=\"Escort Gazette Recensioner om oberoende flickor\" target=\"_blank\">Escort Gazette<\/a><\/td>\n  <td><\/td>  \n<\/tr><tr>\n  <td><a href=\"https:\/\/straight-istanbul.com\/couples-male-escort-istanbul\/\" title=\"Male Escort for Couples\" target=\"_blank\">Ayman<\/a><\/td>\n  <td><\/td>  \n<\/tr><\/tbody>.<\/table><\/div><\/div><\/div>","protected":false},"excerpt":{"rendered":"","protected":false},"author":8,"featured_media":0,"parent":0,"menu_order":0,"comment_status":"closed","ping_status":"closed","template":"","meta":{"footnotes":""},"class_list":["post-12376511","page","type-page","status-publish","hentry"],"yoast_head":"<!-- This site is optimized with the Yoast SEO Premium plugin v22.3 (Yoast SEO v27.3) - https:\/\/yoast.com\/product\/yoast-seo-premium-wordpress\/ -->\n<title>Links - Sextjejer Escorts Sweden Escorts<\/title>\n<meta name=\"robots\" content=\"index, follow, max-snippet:-1, max-image-preview:large, max-video-preview:-1\" \/>\n<link rel=\"canonical\" href=\"https:\/\/sextjejer.net\/se\/lankar\/\" \/>\n<meta property=\"og:locale\" content=\"sv_SE\" \/>\n<meta property=\"og:type\" content=\"article\" \/>\n<meta property=\"og:title\" content=\"Links\" \/>\n<meta property=\"og:url\" content=\"https:\/\/sextjejer.net\/se\/lankar\/\" \/>\n<meta property=\"og:site_name\" content=\"Sextjejer Escorts Sweden Escorts\" \/>\n<meta property=\"article:modified_time\" content=\"2023-08-30T13:17:34+00:00\" \/>\n<meta property=\"og:image\" content=\"https:\/\/sextjejer.net\/wp-content\/uploads\/2023\/07\/240_F_255808781_hRzYHqSYoErNy3JZDVKaI1CHHtDcTl20-1.webp\" \/>\n\t<meta property=\"og:image:width\" content=\"350\" \/>\n\t<meta property=\"og:image:height\" content=\"240\" \/>\n\t<meta property=\"og:image:type\" content=\"image\/webp\" \/>\n<meta name=\"twitter:card\" content=\"summary_large_image\" \/>\n<meta name=\"twitter:label1\" content=\"Ber\u00e4knad l\u00e4stid\" \/>\n\t<meta name=\"twitter:data1\" content=\"1 minut\" \/>\n<script type=\"application\/ld+json\" class=\"yoast-schema-graph\">{\"@context\":\"https:\\\/\\\/schema.org\",\"@graph\":[{\"@type\":\"WebPage\",\"@id\":\"https:\\\/\\\/sextjejer.net\\\/links\\\/\",\"url\":\"https:\\\/\\\/sextjejer.net\\\/links\\\/\",\"name\":\"Links - Sextjejer Escorts Sweden Escorts\",\"isPartOf\":{\"@id\":\"https:\\\/\\\/sextjejer.net\\\/#website\"},\"datePublished\":\"2023-08-30T13:09:57+00:00\",\"dateModified\":\"2023-08-30T13:17:34+00:00\",\"breadcrumb\":{\"@id\":\"https:\\\/\\\/sextjejer.net\\\/links\\\/#breadcrumb\"},\"inLanguage\":\"sv-SE\",\"potentialAction\":[{\"@type\":\"ReadAction\",\"target\":[\"https:\\\/\\\/sextjejer.net\\\/links\\\/\"]}]},{\"@type\":\"BreadcrumbList\",\"@id\":\"https:\\\/\\\/sextjejer.net\\\/links\\\/#breadcrumb\",\"itemListElement\":[{\"@type\":\"ListItem\",\"position\":1,\"name\":\"Home\",\"item\":\"https:\\\/\\\/sextjejer.net\\\/\"},{\"@type\":\"ListItem\",\"position\":2,\"name\":\"Links\"}]},{\"@type\":\"WebSite\",\"@id\":\"https:\\\/\\\/sextjejer.net\\\/#website\",\"url\":\"https:\\\/\\\/sextjejer.net\\\/\",\"name\":\"Sextjejer\",\"description\":\"\",\"publisher\":{\"@id\":\"https:\\\/\\\/sextjejer.net\\\/#organization\"},\"alternateName\":\"Escorts\",\"potentialAction\":[{\"@type\":\"SearchAction\",\"target\":{\"@type\":\"EntryPoint\",\"urlTemplate\":\"https:\\\/\\\/sextjejer.net\\\/?s={search_term_string}\"},\"query-input\":{\"@type\":\"PropertyValueSpecification\",\"valueRequired\":true,\"valueName\":\"search_term_string\"}}],\"inLanguage\":\"sv-SE\"},{\"@type\":\"Organization\",\"@id\":\"https:\\\/\\\/sextjejer.net\\\/#organization\",\"name\":\"Sextjejer\",\"url\":\"https:\\\/\\\/sextjejer.net\\\/\",\"logo\":{\"@type\":\"ImageObject\",\"inLanguage\":\"sv-SE\",\"@id\":\"https:\\\/\\\/sextjejer.net\\\/#\\\/schema\\\/logo\\\/image\\\/\",\"url\":\"https:\\\/\\\/sextjejer.net\\\/wp-content\\\/uploads\\\/2023\\\/07\\\/cropped-sextjejer-1.png\",\"contentUrl\":\"https:\\\/\\\/sextjejer.net\\\/wp-content\\\/uploads\\\/2023\\\/07\\\/cropped-sextjejer-1.png\",\"width\":200,\"height\":48,\"caption\":\"Sextjejer\"},\"image\":{\"@id\":\"https:\\\/\\\/sextjejer.net\\\/#\\\/schema\\\/logo\\\/image\\\/\"}}]}<\/script>\n<!-- \/ Yoast SEO Premium plugin. -->","yoast_head_json":{"title":"L\u00e4nkar - Sextjejer Eskorter Sverige Eskorter","robots":{"index":"index","follow":"follow","max-snippet":"max-snippet:-1","max-image-preview":"max-image-preview:large","max-video-preview":"max-video-preview:-1"},"canonical":"https:\/\/sextjejer.net\/se\/lankar\/","og_locale":"sv_SE","og_type":"article","og_title":"Links","og_url":"https:\/\/sextjejer.net\/se\/lankar\/","og_site_name":"Sextjejer Escorts Sweden Escorts","article_modified_time":"2023-08-30T13:17:34+00:00","og_image":[{"width":350,"height":240,"url":"https:\/\/sextjejer.net\/wp-content\/uploads\/2023\/07\/240_F_255808781_hRzYHqSYoErNy3JZDVKaI1CHHtDcTl20-1.webp","type":"image\/webp"}],"twitter_card":"summary_large_image","twitter_misc":{"Ber\u00e4knad l\u00e4stid":"1 minut"},"schema":{"@context":"https:\/\/schema.org","@graph":[{"@type":"WebPage","@id":"https:\/\/sextjejer.net\/links\/","url":"https:\/\/sextjejer.net\/links\/","name":"L\u00e4nkar - Sextjejer Eskorter Sverige Eskorter","isPartOf":{"@id":"https:\/\/sextjejer.net\/#website"},"datePublished":"2023-08-30T13:09:57+00:00","dateModified":"2023-08-30T13:17:34+00:00","breadcrumb":{"@id":"https:\/\/sextjejer.net\/links\/#breadcrumb"},"inLanguage":"sv-SE","potentialAction":[{"@type":"ReadAction","target":["https:\/\/sextjejer.net\/links\/"]}]},{"@type":"BreadcrumbList","@id":"https:\/\/sextjejer.net\/links\/#breadcrumb","itemListElement":[{"@type":"ListItem","position":1,"name":"Home","item":"https:\/\/sextjejer.net\/"},{"@type":"ListItem","position":2,"name":"Links"}]},{"@type":"WebSite","@id":"https:\/\/sextjejer.net\/#website","url":"https:\/\/sextjejer.net\/","name":"Sextjejer","description":"","publisher":{"@id":"https:\/\/sextjejer.net\/#organization"},"alternateName":"Escorts","potentialAction":[{"@type":"SearchAction","target":{"@type":"EntryPoint","urlTemplate":"https:\/\/sextjejer.net\/?s={search_term_string}"},"query-input":{"@type":"PropertyValueSpecification","valueRequired":true,"valueName":"search_term_string"}}],"inLanguage":"sv-SE"},{"@type":"Organization","@id":"https:\/\/sextjejer.net\/#organization","name":"Sextjejer","url":"https:\/\/sextjejer.net\/","logo":{"@type":"ImageObject","inLanguage":"sv-SE","@id":"https:\/\/sextjejer.net\/#\/schema\/logo\/image\/","url":"https:\/\/sextjejer.net\/wp-content\/uploads\/2023\/07\/cropped-sextjejer-1.png","contentUrl":"https:\/\/sextjejer.net\/wp-content\/uploads\/2023\/07\/cropped-sextjejer-1.png","width":200,"height":48,"caption":"Sextjejer"},"image":{"@id":"https:\/\/sextjejer.net\/#\/schema\/logo\/image\/"}}]}},"_links":{"self":[{"href":"https:\/\/sextjejer.net\/se\/wp-json\/wp\/v2\/pages\/12376511","targetHints":{"allow":["GET"]}}],"collection":[{"href":"https:\/\/sextjejer.net\/se\/wp-json\/wp\/v2\/pages"}],"about":[{"href":"https:\/\/sextjejer.net\/se\/wp-json\/wp\/v2\/types\/page"}],"author":[{"embeddable":true,"href":"https:\/\/sextjejer.net\/se\/wp-json\/wp\/v2\/users\/8"}],"replies":[{"embeddable":true,"href":"https:\/\/sextjejer.net\/se\/wp-json\/wp\/v2\/comments?post=12376511"}],"version-history":[{"count":3,"href":"https:\/\/sextjejer.net\/se\/wp-json\/wp\/v2\/pages\/12376511\/revisions"}],"predecessor-version":[{"id":12376519,"href":"https:\/\/sextjejer.net\/se\/wp-json\/wp\/v2\/pages\/12376511\/revisions\/12376519"}],"wp:attachment":[{"href":"https:\/\/sextjejer.net\/se\/wp-json\/wp\/v2\/media?parent=12376511"}],"curies":[{"name":"wp","href":"https:\/\/api.w.org\/{rel}","templated":true}]}}